{"id":330,"date":"2025-10-29T10:49:31","date_gmt":"2025-10-29T09:49:31","guid":{"rendered":"https:\/\/frw-pcdr.be\/onhaye\/?page_id=330"},"modified":"2025-12-09T11:41:46","modified_gmt":"2025-12-09T10:41:46","slug":"actualites","status":"publish","type":"page","link":"https:\/\/frw-pcdr.be\/sombreffe\/actualites\/","title":{"rendered":"Actualit\u00e9s"},"content":{"rendered":"\n<div class=\"wp-block-group alignfull is-layout-constrained wp-container-core-group-is-layout-ce46af0e wp-block-group-is-layout-constrained\" style=\"padding-top:0;padding-right:3vw;padding-bottom:3vw;padding-left:3vw\">\n<h1 class=\"wp-block-heading has-text-align-left has-ast-global-color-0-color has-text-color has-link-color wp-elements-4a5e537b25b355149cbbd5be494b8a72\" style=\"margin-top:3rem;padding-top:0;padding-right:1.5vh;padding-bottom:0;padding-left:1.5vh;font-size:3.5vh;letter-spacing:0px\">ACTUALIT\u00c9S<\/h1>\n\n\n\n<h2 class=\"wp-block-heading has-text-align-left has-ast-global-color-1-color has-text-color has-link-color wp-elements-dbd4d0fac0b27ddf9730ade8dcde6000\" style=\"margin-top:var(--wp--preset--spacing--50);margin-right:0;margin-bottom:0;margin-left:0;padding-top:0;padding-right:2vh;padding-bottom:0;padding-left:2vh\">Les derni\u00e8res infos relatives au PCDR de votre commune<\/h2>\n\n\n\n<p style=\"margin-top:var(--wp--preset--spacing--40);margin-bottom:var(--wp--preset--spacing--40);padding-right:2vh;padding-left:2vh\">Projets en cours, inaugurations, r\u00e9unions&#8230;<\/p>\n<\/div>\n\n\n\n<div class=\"wp-block-group alignfull is-layout-constrained wp-block-group-is-layout-constrained\" style=\"margin-bottom:0;padding-top:0rem;padding-bottom:0rem\">\n<div class=\"wp-block-columns has-background is-layout-flex wp-container-core-columns-is-layout-2097dcb0 wp-block-columns-is-layout-flex\" style=\"border-radius:5px;background:linear-gradient(135deg,rgb(68,85,79) 0%,rgb(111,148,135) 100%);padding-top:var(--wp--preset--spacing--30);padding-right:var(--wp--preset--spacing--30);padding-bottom:var(--wp--preset--spacing--60);padding-left:var(--wp--preset--spacing--30)\">\n<div class=\"wp-block-column is-vertically-aligned-center is-layout-flow wp-block-column-is-layout-flow\" style=\"padding-right:0;padding-left:0\">\n<figure class=\"wp-block-image aligncenter size-large is-resized\"><img loading=\"lazy\" decoding=\"async\" width=\"1024\" height=\"683\" src=\"http:\/\/frw-pcdr.be\/sombreffe\/wp-content\/uploads\/ER2\/Sombreffe\/Img\/sites\/7\/avant_projet_PCDR-1024x683.webp\" alt=\"Membres de la CLDR de Sombreffe qui travaillent\" class=\"wp-image-1091\" style=\"width:522px;height:auto\" srcset=\"https:\/\/frw-pcdr.be\/sombreffe\/wp-content\/uploads\/ER2\/Sombreffe\/Img\/sites\/7\/avant_projet_PCDR-1024x683.webp 1024w, https:\/\/frw-pcdr.be\/sombreffe\/wp-content\/uploads\/ER2\/Sombreffe\/Img\/sites\/7\/avant_projet_PCDR-300x200.webp 300w, https:\/\/frw-pcdr.be\/sombreffe\/wp-content\/uploads\/ER2\/Sombreffe\/Img\/sites\/7\/avant_projet_PCDR-768x512.webp 768w, https:\/\/frw-pcdr.be\/sombreffe\/wp-content\/uploads\/ER2\/Sombreffe\/Img\/sites\/7\/avant_projet_PCDR.webp 1200w\" sizes=\"auto, (max-width: 1024px) 100vw, 1024px\" \/><\/figure>\n\n\n\n<figure class=\"wp-block-image aligncenter size-large is-resized\"><img loading=\"lazy\" decoding=\"async\" width=\"1024\" height=\"683\" src=\"http:\/\/frw-pcdr.be\/sombreffe\/wp-content\/uploads\/ER2\/Sombreffe\/Img\/sites\/7\/avant_projet_PCDR_2-1024x683.webp\" alt=\"Membres de la CLDR de Sombreffe qui applaudissent\" class=\"wp-image-1090\" style=\"width:522px;height:auto\" srcset=\"https:\/\/frw-pcdr.be\/sombreffe\/wp-content\/uploads\/ER2\/Sombreffe\/Img\/sites\/7\/avant_projet_PCDR_2-1024x683.webp 1024w, https:\/\/frw-pcdr.be\/sombreffe\/wp-content\/uploads\/ER2\/Sombreffe\/Img\/sites\/7\/avant_projet_PCDR_2-300x200.webp 300w, https:\/\/frw-pcdr.be\/sombreffe\/wp-content\/uploads\/ER2\/Sombreffe\/Img\/sites\/7\/avant_projet_PCDR_2-768x512.webp 768w, https:\/\/frw-pcdr.be\/sombreffe\/wp-content\/uploads\/ER2\/Sombreffe\/Img\/sites\/7\/avant_projet_PCDR_2.webp 1200w\" sizes=\"auto, (max-width: 1024px) 100vw, 1024px\" \/><\/figure>\n<\/div>\n\n\n\n<div class=\"wp-block-column is-layout-flow wp-block-column-is-layout-flow\" style=\"padding-left:0\">\n<h2 class=\"wp-block-heading has-ast-global-color-3-color has-text-color has-link-color wp-elements-d941ec12592d13bbc4529b87fb7ef11c\" style=\"padding-top:var(--wp--preset--spacing--40);padding-right:1.5vh;padding-left:1.5vh\">L&rsquo;avant-projet de PCDR a \u00e9t\u00e9 approuv\u00e9 par la Commission Locale de D\u00e9veloppement Rural !<\/h2>\n\n\n\n<h6 class=\"wp-block-heading has-ast-global-color-3-color has-text-color has-link-color wp-elements-e1244125a3c6a18d857840a9384cb782\" style=\"padding-right:1.5vh;padding-left:1.5vh\">23 septembre 2025<\/h6>\n\n\n\n<hr class=\"wp-block-separator has-text-color has-ast-global-color-1-color has-alpha-channel-opacity has-ast-global-color-1-background-color has-background is-style-wide\" \/>\n\n\n\n<h5 class=\"wp-block-heading has-ast-global-color-3-color has-text-color has-link-color wp-elements-8f60474a57cba524eebc3da6108c5659\" style=\"padding-right:var(--wp--preset--spacing--30);padding-left:var(--wp--preset--spacing--30)\"><strong>Sombreffe franchit une \u00e9tape cl\u00e9 dans son D\u00e9veloppement Rural !<\/strong><\/h5>\n\n\n\n<p class=\"has-ast-global-color-3-color has-text-color has-link-color wp-elements-4bf68b126dbd40649e47dc2009f918c9\" style=\"padding-right:1.5vh;padding-left:1.5vh\">Le mardi 16 septembre 2025, la CLDR de Sombreffe a approuv\u00e9 \u00e0 l\u2019unanimit\u00e9 l\u2019avant-projet du Programme Communal de D\u00e9veloppement Rural (PCDR).<br>En tant qu\u2019organisme d\u2019accompagnement de la commune, nous tenons \u00e0 f\u00e9liciter et \u00e0 remercier toutes les chevilles ouvri\u00e8res qui ont contribu\u00e9 \u00e0 ce beau travail : les citoyens impliqu\u00e9s \u2013 et en particulier les membres de la CLDR \u2013, la Commune de Sombreffe ainsi que le bureau d\u2019\u00e9tudes AGORA.<\/p>\n\n\n\n<p class=\"has-ast-global-color-3-color has-text-color has-link-color wp-elements-935a5813f7ccbf27ddfa110c14948303\" style=\"padding-right:1.5vh;padding-left:1.5vh\">Apr\u00e8s plus de trois ans d\u2019\u00e9laboration, de concertation et de co-construction des fiches-projets, une \u00e9tape importante est franchie.<\/p>\n\n\n\n<p class=\"has-ast-global-color-3-color has-text-color has-link-color wp-elements-2051703098f303e5500f4ee81f6d4a50\" style=\"padding-right:1.5vh;padding-left:1.5vh\">\ud83d\udc49 Les prochaines \u00e9tapes :<\/p>\n\n\n\n<ul class=\"wp-block-list\">\n<li class=\"has-ast-global-color-3-color has-text-color has-link-color wp-elements-77029eb013de9119ee5b206eddf99891\">Validation du PCDR par le Conseil communal,<\/li>\n\n\n\n<li class=\"has-ast-global-color-3-color has-text-color has-link-color wp-elements-34a17e5e61cabfa3c8667b143a61de6b\">D\u00e9fense du projet devant le P\u00f4le Am\u00e9nagement du Territoire,<\/li>\n\n\n\n<li class=\"has-ast-global-color-3-color has-text-color has-link-color wp-elements-4230dde597550a0ccbe02847df8da5f3\">Approbation finale par le Gouvernement wallon.<\/li>\n<\/ul>\n\n\n\n<p class=\"has-ast-global-color-3-color has-text-color has-link-color wp-elements-2d6ac05715fe771982aca572517854af\" style=\"padding-right:1.5vh;padding-left:1.5vh\">Si tout se d\u00e9roule comme pr\u00e9vu, cela ouvrira la voie au&nbsp;<strong>lancement et \u00e0 la concr\u00e9tisation des premiers projets dans les mois \u00e0 venir<\/strong>.<\/p>\n\n\n\n<div class=\"wp-block-buttons is-layout-flex wp-block-buttons-is-layout-flex\" style=\"padding-right:2vh;padding-left:2vh\">\n<div class=\"wp-block-button\"><a class=\"wp-block-button__link wp-element-button\" href=\"https:\/\/frw-pcdr.be\/sombreffe\/comment-participer\/\">Lien vers les PV de CLDR<\/a><\/div>\n<\/div>\n<\/div>\n<\/div>\n\n\n\n<div style=\"height:40px\" aria-hidden=\"true\" class=\"wp-block-spacer\"><\/div>\n<\/div>\n\n\n\n<div style=\"height:40px\" aria-hidden=\"true\" class=\"wp-block-spacer\"><\/div>\n\n\n\n<div style=\"height:40px\" aria-hidden=\"true\" class=\"wp-block-spacer\"><\/div>\n","protected":false},"excerpt":{"rendered":"<p>ACTUALIT\u00c9S Les derni\u00e8res infos relatives au PCDR de votre commune Projets en cours, inaugurations, r\u00e9unions&#8230; L&rsquo;avant-projet de PCDR a \u00e9t\u00e9 [&hellip;]<\/p>\n","protected":false},"author":1,"featured_media":998,"parent":0,"menu_order":1,"comment_status":"closed","ping_status":"closed","template":"","meta":{"site-sidebar-layout":"default","site-content-layout":"","ast-site-content-layout":"default","site-content-style":"default","site-sidebar-style":"default","ast-global-header-display":"","ast-banner-title-visibility":"","ast-main-header-display":"","ast-hfb-above-header-display":"","ast-hfb-below-header-display":"","ast-hfb-mobile-header-display":"","site-post-title":"disabled","ast-breadcrumbs-content":"","ast-featured-img":"disabled","footer-sml-layout":"","ast-disable-related-posts":"","theme-transparent-header-meta":"","adv-header-id-meta":"","stick-header-meta":"","header-above-stick-meta":"","header-main-stick-meta":"","header-below-stick-meta":"","astra-migrate-meta-layouts":"default","ast-page-background-enabled":"default","ast-page-background-meta":{"desktop":{"background-color":"var(--ast-global-color-5)","background-image":"","background-repeat":"repeat","background-position":"center center","background-size":"auto","background-attachment":"scroll","background-type":"","background-media":"","overlay-type":"","overlay-color":"","overlay-opacity":"","overlay-gradient":""},"tablet":{"background-color":"","background-image":"","background-repeat":"repeat","background-position":"center center","background-size":"auto","background-attachment":"scroll","background-type":"","background-media":"","overlay-type":"","overlay-color":"","overlay-opacity":"","overlay-gradient":""},"mobile":{"background-color":"","background-image":"","background-repeat":"repeat","background-position":"center center","background-size":"auto","background-attachment":"scroll","background-type":"","background-media":"","overlay-type":"","overlay-color":"","overlay-opacity":"","overlay-gradient":""}},"ast-content-background-meta":{"desktop":{"background-color":"var(--ast-global-color-4)","background-image":"","background-repeat":"repeat","background-position":"center center","background-size":"auto","background-attachment":"scroll","background-type":"","background-media":"","overlay-type":"","overlay-color":"","overlay-opacity":"","overlay-gradient":""},"tablet":{"background-color":"var(--ast-global-color-4)","background-image":"","background-repeat":"repeat","background-position":"center center","background-size":"auto","background-attachment":"scroll","background-type":"","background-media":"","overlay-type":"","overlay-color":"","overlay-opacity":"","overlay-gradient":""},"mobile":{"background-color":"var(--ast-global-color-4)","background-image":"","background-repeat":"repeat","background-position":"center center","background-size":"auto","background-attachment":"scroll","background-type":"","background-media":"","overlay-type":"","overlay-color":"","overlay-opacity":"","overlay-gradient":""}},"footnotes":""},"class_list":["post-330","page","type-page","status-publish","has-post-thumbnail","hentry"],"_links":{"self":[{"href":"https:\/\/frw-pcdr.be\/sombreffe\/wp-json\/wp\/v2\/pages\/330","targetHints":{"allow":["GET"]}}],"collection":[{"href":"https:\/\/frw-pcdr.be\/sombreffe\/wp-json\/wp\/v2\/pages"}],"about":[{"href":"https:\/\/frw-pcdr.be\/sombreffe\/wp-json\/wp\/v2\/types\/page"}],"author":[{"embeddable":true,"href":"https:\/\/frw-pcdr.be\/sombreffe\/wp-json\/wp\/v2\/users\/1"}],"replies":[{"embeddable":true,"href":"https:\/\/frw-pcdr.be\/sombreffe\/wp-json\/wp\/v2\/comments?post=330"}],"version-history":[{"count":13,"href":"https:\/\/frw-pcdr.be\/sombreffe\/wp-json\/wp\/v2\/pages\/330\/revisions"}],"predecessor-version":[{"id":1102,"href":"https:\/\/frw-pcdr.be\/sombreffe\/wp-json\/wp\/v2\/pages\/330\/revisions\/1102"}],"wp:featuredmedia":[{"embeddable":true,"href":"https:\/\/frw-pcdr.be\/sombreffe\/wp-json\/wp\/v2\/media\/998"}],"wp:attachment":[{"href":"https:\/\/frw-pcdr.be\/sombreffe\/wp-json\/wp\/v2\/media?parent=330"}],"curies":[{"name":"wp","href":"https:\/\/api.w.org\/{rel}","templated":true}]}}