{"id":7,"date":"2025-10-21T17:15:29","date_gmt":"2025-10-21T15:15:29","guid":{"rendered":"https:\/\/frw-pcdr.be\/onhaye\/?page_id=7"},"modified":"2025-12-11T09:55:01","modified_gmt":"2025-12-11T08:55:01","slug":"le-pcdr","status":"publish","type":"page","link":"https:\/\/frw-pcdr.be\/onhaye\/le-pcdr\/","title":{"rendered":"Le PCDR"},"content":{"rendered":"\n<div class=\"wp-block-group alignfull has-background is-layout-constrained wp-container-core-group-is-layout-31881a4c wp-block-group-is-layout-constrained\" style=\"background:linear-gradient(181deg,rgb(68,85,79) 0%,rgb(111,148,135) 100%);padding-top:3rem;padding-right:3vw;padding-bottom:3rem;padding-left:3vw\">\n<p class=\"has-text-align-center has-ast-global-color-3-color has-text-color has-link-color wp-elements-86cfaa0649fcfd895b63f61fb56e776e\" style=\"margin-top:0;margin-bottom:0.5vw;padding-top:0;padding-right:3vh;padding-bottom:0;padding-left:3vh\"><strong>Le PCDR<\/strong> de votre commune a \u00e9t\u00e9 approuv\u00e9 par le Gouvernement wallon le <em>15 mai 2025<\/em>.<\/p>\n\n\n\n<p class=\"has-text-align-center has-ast-global-color-3-color has-text-color has-link-color wp-elements-85c6a474376db92e90f8a186cd792d25\" style=\"margin-top:0;margin-bottom:0.5vw;padding-top:var(--wp--preset--spacing--30);padding-right:3vh;padding-bottom:var(--wp--preset--spacing--50);padding-left:3vh\">Retrouvez une synth\u00e8se du document ci-dessus, explorez la rubrique <a href=\"https:\/\/frw-pcdr.be\/onhaye\/les-realisations\/\" data-type=\"page\" data-id=\"9\"><strong>Les r\u00e9alisations<\/strong><\/a> pour d\u00e9couvrir les projets en cours ou achev\u00e9s, ou consultez le document complet ci-bas.<\/p>\n\n\n\n<div class=\"wp-block-buttons is-content-justification-center is-layout-flex wp-container-core-buttons-is-layout-e511ce0b wp-block-buttons-is-layout-flex\" style=\"margin-top:var(--wp--preset--spacing--30);margin-bottom:var(--wp--preset--spacing--30)\">\n<div class=\"wp-block-button\"><a class=\"wp-block-button__link wp-element-button\" href=\"http:\/\/frw-pcdr.be\/onhaye\/wp-content\/uploads\/ER4\/Onhaye\/Doc\/PCDR\/pcdr_resume.pdf\" target=\"_blank\" rel=\"noreferrer noopener\">R\u00e9sum\u00e9 du PCDR<\/a><\/div>\n<\/div>\n<\/div>\n\n\n\n<div class=\"wp-block-group alignfull is-layout-constrained wp-container-core-group-is-layout-3900bf58 wp-block-group-is-layout-constrained\" style=\"padding-top:3rem;padding-right:3vw;padding-bottom:0rem;padding-left:3vw\">\n<h1 class=\"wp-block-heading has-text-align-left has-ast-global-color-0-color has-text-color has-link-color wp-elements-1a76909b788c9902184f807d2fc8fb77\" style=\"padding-top:0;padding-right:1.5vh;padding-bottom:0;padding-left:1.5vh;font-size:3.5vh;letter-spacing:0px\">LE DOCUMENT<\/h1>\n\n\n\n<div style=\"height:24px\" aria-hidden=\"true\" class=\"wp-block-spacer\"><\/div>\n\n\n\n<p class=\"has-black-color has-text-color has-link-color wp-elements-75bb7dd7636ae34f6422b9f2207a953e\" style=\"padding-right:2vh;padding-left:2vh\">Le Programme Communal de D\u00e9veloppement Rural est un <strong>document <\/strong>divis\u00e9 en <strong>six parties<\/strong>, consultable en cliquant sur les liens ci-dessous :<\/p>\n\n\n\n<p class=\"has-black-color has-text-color has-link-color wp-elements-57896d77b07969e51e79da85fd51735c\" style=\"padding-top:0;padding-right:2vh;padding-bottom:0;padding-left:2vh\"><em><a href=\"http:\/\/frw-pcdr.be\/onhaye\/wp-content\/uploads\/ER4\/Onhaye\/Doc\/PCDR\/partie_1_intro_et_analyse_socio-\u00e9conomique_30_05_2024.cleaned.pdf\" target=\"_blank\" rel=\"noreferrer noopener\"><mark style=\"background-color:rgba(0, 0, 0, 0)\" class=\"has-inline-color has-ast-global-color-1-color\"><strong>Partie I<\/strong>.<\/mark><\/a><\/em><mark style=\"background-color:rgba(0, 0, 0, 0)\" class=\"has-inline-color has-ast-global-color-6-color\"><a href=\"http:\/\/frw-pcdr.be\/onhaye\/wp-content\/uploads\/ER4\/Onhaye\/Doc\/PCDR\/partie_1_intro_et_analyse_socio-economique_30_05_2024.cleaned.pdf\" target=\"_blank\" rel=\"noreferrer noopener\"> <strong>Analyse des caract\u00e9ristiques de la Commune<\/strong><\/a><\/mark><\/p>\n\n\n\n<p class=\"has-black-color has-text-color has-link-color wp-elements-3bc7d2d10a48724b040140f4dd2449d1\" style=\"padding-top:0;padding-right:2vh;padding-bottom:0;padding-left:2vh\"><a href=\"http:\/\/frw-pcdr.be\/onhaye\/wp-content\/uploads\/ER4\/Onhaye\/Doc\/PCDR\/partie_2_resultat_de_la_participation_citoyenne_30_05_2024.cleaned.pdf\" target=\"_blank\" rel=\"noreferrer noopener\"><mark style=\"background-color:rgba(0, 0, 0, 0)\" class=\"has-inline-color has-ast-global-color-1-color\"><strong><em>Partie II<\/em><\/strong>.<\/mark> <strong>R\u00e9sultats de la consultation de la population<\/strong><\/a><\/p>\n\n\n\n<p class=\"has-black-color has-text-color has-link-color wp-elements-1c09530edd7c71d02c8c131367d400d9\" style=\"padding-top:0;padding-right:2vh;padding-bottom:0;padding-left:2vh\"><a href=\"http:\/\/frw-pcdr.be\/onhaye\/wp-content\/uploads\/ER4\/Onhaye\/Doc\/PCDR\/partie_3_diagnostic_partage.pdf\" target=\"_blank\" rel=\"noreferrer noopener\"><em><strong><mark style=\"background-color:rgba(0, 0, 0, 0)\" class=\"has-inline-color has-ast-global-color-1-color\">Partie III<\/mark><\/strong>.<\/em> <strong>Diagnostic partag\u00e9 r\u00e9sultant de la confrontation de la partie 1 et de la partie 2<\/strong><\/a><\/p>\n\n\n\n<p class=\"has-black-color has-text-color has-link-color wp-elements-d41b0ab14d005f4fb63348ad066653ce\" style=\"padding-top:0;padding-right:2vh;padding-bottom:0;padding-left:2vh\"><a href=\"http:\/\/frw-pcdr.be\/onhaye\/wp-content\/uploads\/ER4\/Onhaye\/Doc\/PCDR\/partie_4_objectifs_de_developpement_30_05_2024.cleaned.pdf\" target=\"_blank\" rel=\"noreferrer noopener\"><strong><em><mark style=\"background-color:rgba(0, 0, 0, 0)\" class=\"has-inline-color has-ast-global-color-1-color\">Partie IV. <\/mark><\/em>Strat\u00e9gie de d\u00e9veloppement sous forme d&rsquo;objectifs sp\u00e9cifiques<\/strong><\/a><\/p>\n\n\n\n<p class=\"has-black-color has-text-color has-link-color wp-elements-182bb624a8c95361fb1394f4c03d2f35\" style=\"padding-top:0;padding-right:2vh;padding-bottom:0;padding-left:2vh\"><a href=\"http:\/\/frw-pcdr.be\/onhaye\/wp-content\/uploads\/ER4\/Onhaye\/Doc\/PCDR\/partie_5_projets_liens_cliquables.pdf\" target=\"_blank\" rel=\"noreferrer noopener\"><mark style=\"background-color:rgba(0, 0, 0, 0)\" class=\"has-inline-color has-ast-global-color-1-color\"><strong><em>Partie V<\/em><\/strong>.<\/mark> <strong>&nbsp;Projets visant \u00e0 atteindre les objectifs<\/strong><\/a><\/p>\n\n\n\n<p class=\"has-black-color has-text-color has-link-color wp-elements-a411f8ba13c77daeffb255ef237c024a\" style=\"padding-top:0;padding-right:2vh;padding-bottom:0;padding-left:2vh\"><em><a href=\"http:\/\/frw-pcdr.be\/onhaye\/wp-content\/uploads\/ER4\/Onhaye\/Doc\/PCDR\/partie_6_tableau_recapitulatif.pdf\" target=\"_blank\" rel=\"noreferrer noopener\"><mark style=\"background-color:rgba(0, 0, 0, 0)\" class=\"has-inline-color has-ast-global-color-1-color\"><strong>Partie VI<\/strong>.<\/mark> <\/a><\/em><strong><a href=\"http:\/\/frw-pcdr.be\/onhaye\/wp-content\/uploads\/ER4\/Onhaye\/Doc\/PCDR\/partie_6_tableau_recapitulatif.pdf\" target=\"_blank\" rel=\"noreferrer noopener\">Tableau r\u00e9capitulatif d\u00e9taillant les diff\u00e9rents projets, la planification temporelle, les intervenants financiers et les objectifs poursuivis<\/a><\/strong><\/p>\n\n\n\n<p class=\"has-black-color has-text-color has-link-color wp-elements-200093bbd19ab2a943742e380a81572f\" style=\"padding-top:0;padding-right:2vh;padding-bottom:0;padding-left:2vh\"><em><a href=\"http:\/\/frw-pcdr.be\/onhaye\/wp-content\/uploads\/ER4\/Onhaye\/Doc\/PCDR\/Annexe_carto.pdf\" target=\"_blank\" rel=\"noreferrer noopener\"><mark style=\"background-color:rgba(0, 0, 0, 0)\" class=\"has-inline-color has-ast-global-color-1-color\"><strong>Annexes cartographiques<\/strong><\/mark><\/a><\/em><\/p>\n\n\n\n<p class=\"has-black-color has-text-color has-link-color wp-elements-20a302e3ae9af4b4abe0454b09af198c\" style=\"padding-top:0;padding-right:2vh;padding-bottom:0;padding-left:2vh\"><em><a href=\"http:\/\/frw-pcdr.be\/onhaye\/wp-content\/uploads\/ER4\/Onhaye\/Doc\/PCDR\/annexes_partie_2.pdf\" target=\"_blank\" rel=\"noreferrer noopener\"><mark style=\"background-color:rgba(0, 0, 0, 0)\" class=\"has-inline-color has-ast-global-color-1-color\"><strong>Annexes \u00e0 la partie II<\/strong><\/mark><\/a><\/em><\/p>\n\n\n\n<div style=\"height:18px\" aria-hidden=\"true\" class=\"wp-block-spacer\"><\/div>\n\n\n\n<hr class=\"wp-block-separator has-text-color has-ast-global-color-1-color has-alpha-channel-opacity has-ast-global-color-1-background-color has-background is-style-wide\"\/>\n<\/div>\n\n\n\n<div style=\"height:50px\" aria-hidden=\"true\" class=\"wp-block-spacer\"><\/div>\n\n\n\n<div class=\"wp-block-group is-layout-constrained wp-block-group-is-layout-constrained\" style=\"margin-top:0;margin-bottom:0;padding-top:0;padding-bottom:0\">\n<p class=\"has-text-align-center has-ast-global-color-0-color has-text-color has-link-color wp-elements-68c2c325f8968e21a913a29f535db207\" style=\"padding-left:2vw\"><strong>Envie d\u2019en savoir plus sur les Op\u00e9rations de D\u00e9veloppement Rural et r\u00f4le de la FRW ? Rendez-vous sur&#8230;<\/strong><\/p>\n\n\n\n<div class=\"wp-block-buttons is-content-justification-center is-layout-flex wp-container-core-buttons-is-layout-a89b3969 wp-block-buttons-is-layout-flex\">\n<div class=\"wp-block-button\"><a class=\"wp-block-button__link wp-element-button\" href=\"https:\/\/www.frw.be\/nos-missions\/#ODR\" target=\"_blank\" rel=\"noreferrer noopener\">FRW &#8211; Nos missions<\/a><\/div>\n<\/div>\n<\/div>\n\n\n\n<div style=\"height:50px\" aria-hidden=\"true\" class=\"wp-block-spacer\"><\/div>\n","protected":false},"excerpt":{"rendered":"<p>Le PCDR de votre commune a \u00e9t\u00e9 approuv\u00e9 par le Gouvernement wallon le 15 mai 2025. Retrouvez une synth\u00e8se du [&hellip;]<\/p>\n","protected":false},"author":2,"featured_media":0,"parent":0,"menu_order":2,"comment_status":"closed","ping_status":"closed","template":"","meta":{"site-sidebar-layout":"default","site-content-layout":"","ast-site-content-layout":"default","site-content-style":"default","site-sidebar-style":"default","ast-global-header-display":"","ast-banner-title-visibility":"","ast-main-header-display":"","ast-hfb-above-header-display":"","ast-hfb-below-header-display":"","ast-hfb-mobile-header-display":"","site-post-title":"disabled","ast-breadcrumbs-content":"","ast-featured-img":"disabled","footer-sml-layout":"","ast-disable-related-posts":"","theme-transparent-header-meta":"","adv-header-id-meta":"","stick-header-meta":"","header-above-stick-meta":"","header-main-stick-meta":"","header-below-stick-meta":"","astra-migrate-meta-layouts":"default","ast-page-background-enabled":"default","ast-page-background-meta":{"desktop":{"background-color":"var(--ast-global-color-5)","background-image":"","background-repeat":"repeat","background-position":"center center","background-size":"auto","background-attachment":"scroll","background-type":"","background-media":"","overlay-type":"","overlay-color":"","overlay-opacity":"","overlay-gradient":""},"tablet":{"background-color":"","background-image":"","background-repeat":"repeat","background-position":"center center","background-size":"auto","background-attachment":"scroll","background-type":"","background-media":"","overlay-type":"","overlay-color":"","overlay-opacity":"","overlay-gradient":""},"mobile":{"background-color":"","background-image":"","background-repeat":"repeat","background-position":"center center","background-size":"auto","background-attachment":"scroll","background-type":"","background-media":"","overlay-type":"","overlay-color":"","overlay-opacity":"","overlay-gradient":""}},"ast-content-background-meta":{"desktop":{"background-color":"var(--ast-global-color-4)","background-image":"","background-repeat":"repeat","background-position":"center center","background-size":"auto","background-attachment":"scroll","background-type":"","background-media":"","overlay-type":"","overlay-color":"","overlay-opacity":"","overlay-gradient":""},"tablet":{"background-color":"var(--ast-global-color-4)","background-image":"","background-repeat":"repeat","background-position":"center center","background-size":"auto","background-attachment":"scroll","background-type":"","background-media":"","overlay-type":"","overlay-color":"","overlay-opacity":"","overlay-gradient":""},"mobile":{"background-color":"var(--ast-global-color-4)","background-image":"","background-repeat":"repeat","background-position":"center center","background-size":"auto","background-attachment":"scroll","background-type":"","background-media":"","overlay-type":"","overlay-color":"","overlay-opacity":"","overlay-gradient":""}},"footnotes":""},"class_list":["post-7","page","type-page","status-publish","hentry"],"_links":{"self":[{"href":"https:\/\/frw-pcdr.be\/onhaye\/wp-json\/wp\/v2\/pages\/7","targetHints":{"allow":["GET"]}}],"collection":[{"href":"https:\/\/frw-pcdr.be\/onhaye\/wp-json\/wp\/v2\/pages"}],"about":[{"href":"https:\/\/frw-pcdr.be\/onhaye\/wp-json\/wp\/v2\/types\/page"}],"author":[{"embeddable":true,"href":"https:\/\/frw-pcdr.be\/onhaye\/wp-json\/wp\/v2\/users\/2"}],"replies":[{"embeddable":true,"href":"https:\/\/frw-pcdr.be\/onhaye\/wp-json\/wp\/v2\/comments?post=7"}],"version-history":[{"count":80,"href":"https:\/\/frw-pcdr.be\/onhaye\/wp-json\/wp\/v2\/pages\/7\/revisions"}],"predecessor-version":[{"id":986,"href":"https:\/\/frw-pcdr.be\/onhaye\/wp-json\/wp\/v2\/pages\/7\/revisions\/986"}],"wp:attachment":[{"href":"https:\/\/frw-pcdr.be\/onhaye\/wp-json\/wp\/v2\/media?parent=7"}],"curies":[{"name":"wp","href":"https:\/\/api.w.org\/{rel}","templated":true}]}}