{"id":9,"date":"2025-10-21T17:16:36","date_gmt":"2025-10-21T15:16:36","guid":{"rendered":"https:\/\/frw-pcdr.be\/onhaye\/?page_id=9"},"modified":"2026-04-09T15:22:20","modified_gmt":"2026-04-09T13:22:20","slug":"les-realisations","status":"publish","type":"page","link":"https:\/\/frw-pcdr.be\/neufchateau\/les-realisations\/","title":{"rendered":"Les r\u00e9alisations"},"content":{"rendered":"\n<div class=\"wp-block-group alignfull has-ast-global-color-3-background-color has-background is-layout-constrained wp-container-core-group-is-layout-c7ccc7fa wp-block-group-is-layout-constrained\" style=\"margin-top:0;margin-bottom:0;padding-top:var(--wp--preset--spacing--60);padding-right:3vw;padding-bottom:var(--wp--preset--spacing--50);padding-left:3vw\">\n<h1 class=\"wp-block-heading has-ast-global-color-0-color has-text-color has-link-color wp-elements-14a7137f7fcb5b615cd65c93dd7455c9\" style=\"padding-top:0;padding-right:1.5vh;padding-bottom:0;padding-left:1.5vh;font-size:3.5vh;letter-spacing:0px\">En cours<\/h1>\n\n\n\n<hr class=\"wp-block-separator has-text-color has-ast-global-color-1-color has-alpha-channel-opacity has-ast-global-color-1-background-color has-background is-style-wide\"\/>\n\n\n\n<div class=\"wp-block-columns is-layout-flex wp-container-core-columns-is-layout-a531a0f7 wp-block-columns-is-layout-flex\" style=\"padding-right:0;padding-left:0\">\n<div class=\"wp-block-column is-layout-flow wp-block-column-is-layout-flow\">\n<h2 class=\"wp-block-heading\" style=\"margin-right:1.5vh;margin-left:1.5vh\">Montplainchamps &#8211; Am\u00e9nagement de la maison de village<\/h2>\n\n\n\n<p style=\"margin-top:0.5rem;margin-right:1.5vh;margin-bottom:0.5rem;margin-left:1.5vh\">Suite \u00e0 une rencontre avec le SPW en juin 2025, une demande de subvention en DR a \u00e9t\u00e9 introduite \u00e0 la session de s\u00e9lection des conventions d&rsquo;octobre 2025.&nbsp;Re\u00e7ue approuv\u00e9e et sign\u00e9e en f\u00e9vrier 2026 par la Commune, le projet est d\u00e9sormais sur les rails.<br>Un accord a \u00e9t\u00e9 trouv\u00e9 avec la Fabrique d&rsquo;\u00e9glise pour l&rsquo;acquisition de l&rsquo;ancien presbyt\u00e8re et ses abords imm\u00e9diats par la Commune.<\/p>\n\n\n\n<div class=\"wp-block-buttons is-content-justification-left is-layout-flex wp-container-core-buttons-is-layout-4395d7bd wp-block-buttons-is-layout-flex\" style=\"padding-right:1.5vh;padding-left:1.5vh\">\n<div class=\"wp-block-button\"><a class=\"wp-block-button__link wp-element-button\" href=\"https:\/\/frw-pcdr.be\/neufchateau\/wp-content\/uploads\/ER6\/Neufchateau\/Doc\/Realisations\/neufch\u00e2teau_fiche-projet_actualis\u00e9e_mdev_montplainchamps.pdf\" target=\"_blank\" rel=\"noreferrer noopener\">Fiche-projet actualis\u00e9e<\/a><\/div>\n<\/div>\n\n\n\n<figure class=\"wp-block-image aligncenter size-large is-resized\"><img loading=\"lazy\" decoding=\"async\" width=\"1024\" height=\"683\" src=\"http:\/\/frw-pcdr.be\/neufchateau\/wp-content\/uploads\/ER6\/Neufchateau\/Img\/sites\/44\/Montplainchamps_esquisse-1024x683.webp\" alt=\"Esquisse de la fa\u00e7ade avant de la future maison de village de Montplainchamps, propos\u00e9e dans le cadre de la fiche-projet\" class=\"wp-image-1092\" style=\"aspect-ratio:1.4993205101400795;width:376px;height:auto\" srcset=\"https:\/\/frw-pcdr.be\/neufchateau\/wp-content\/uploads\/ER6\/Neufchateau\/Img\/sites\/44\/Montplainchamps_esquisse-1024x683.webp 1024w, https:\/\/frw-pcdr.be\/neufchateau\/wp-content\/uploads\/ER6\/Neufchateau\/Img\/sites\/44\/Montplainchamps_esquisse-300x200.webp 300w, https:\/\/frw-pcdr.be\/neufchateau\/wp-content\/uploads\/ER6\/Neufchateau\/Img\/sites\/44\/Montplainchamps_esquisse-768x512.webp 768w, https:\/\/frw-pcdr.be\/neufchateau\/wp-content\/uploads\/ER6\/Neufchateau\/Img\/sites\/44\/Montplainchamps_esquisse.webp 1536w\" sizes=\"auto, (max-width: 1024px) 100vw, 1024px\" \/><\/figure>\n<\/div>\n\n\n\n<div class=\"wp-block-column is-layout-flow wp-block-column-is-layout-flow\">\n<h2 class=\"wp-block-heading\" style=\"margin-right:1.5vh;margin-left:1.5vh\">Commune &#8211; Soutien \u00e0 la vie associative<\/h2>\n\n\n\n<p style=\"margin-top:0.5rem;margin-right:1.5vh;margin-bottom:0.5rem;margin-left:1.5vh\">La vie associative est fort riche sur le territoire chestrolais. Cependant, diverses demandes ont \u00e9t\u00e9 \u00e9mises lors de l&rsquo;\u00e9laboration du PCDR et font l&rsquo;objet d&rsquo;une fiche-projet sp\u00e9cifique.<br>Une rencontre des associations a \u00e9t\u00e9 organis\u00e9e le 24 novembre 2025 afin de faire le point sur les besoins et les pistes de solutions, et envisager des collaborations pour des \u00e9v\u00e9nements de plus grande ampleur, tels les projets de Festival des associations chestrolaises et de Bureau des Grands Ev\u00e9nements. Appel est adress\u00e9 \u00e0 toute association int\u00e9ress\u00e9e. Une deuxi\u00e8me rencontre est pr\u00e9vue prochainement.<\/p>\n\n\n\n<div class=\"wp-block-buttons is-content-justification-left is-layout-flex wp-container-core-buttons-is-layout-4395d7bd wp-block-buttons-is-layout-flex\" style=\"padding-right:1.5vh;padding-left:1.5vh\">\n<div class=\"wp-block-button\"><a class=\"wp-block-button__link wp-element-button\" href=\"https:\/\/frw-pcdr.be\/neufchateau\/wp-content\/uploads\/ER6\/Neufchateau\/Doc\/Realisations\/im_1.05_soutien_\u00e0_la_vie_associative.cleaned.pdf\" target=\"_blank\" rel=\"noreferrer noopener\">Fiche-projet actualis\u00e9e<\/a><\/div>\n<\/div>\n\n\n\n<figure class=\"wp-block-image aligncenter size-full is-resized\"><img loading=\"lazy\" decoding=\"async\" width=\"1000\" height=\"750\" src=\"http:\/\/frw-pcdr.be\/neufchateau\/wp-content\/uploads\/ER6\/Neufchateau\/Img\/sites\/44\/Associations_Neuch.webp\" alt=\"groupe de repr\u00e9sentants des associations chestrolaises assis et \u00e9coutant une pr\u00e9sentation sur grand \u00e9cran\" class=\"wp-image-1093\" style=\"aspect-ratio:1.3333643209073163;width:317px;height:auto\" srcset=\"https:\/\/frw-pcdr.be\/neufchateau\/wp-content\/uploads\/ER6\/Neufchateau\/Img\/sites\/44\/Associations_Neuch.webp 1000w, https:\/\/frw-pcdr.be\/neufchateau\/wp-content\/uploads\/ER6\/Neufchateau\/Img\/sites\/44\/Associations_Neuch-300x225.webp 300w, https:\/\/frw-pcdr.be\/neufchateau\/wp-content\/uploads\/ER6\/Neufchateau\/Img\/sites\/44\/Associations_Neuch-768x576.webp 768w\" sizes=\"auto, (max-width: 1000px) 100vw, 1000px\" \/><\/figure>\n<\/div>\n\n\n\n<div class=\"wp-block-column is-layout-flow wp-block-column-is-layout-flow\" style=\"padding-right:0;padding-left:0\">\n<h2 class=\"wp-block-heading\" style=\"margin-right:1.5vh;margin-left:1.5vh\">Commune &#8211; Valorisation de la fili\u00e8re alimentaire locale<\/h2>\n\n\n\n<p style=\"margin-top:0.5rem;margin-right:1.5vh;margin-bottom:0.5rem;margin-left:1.5vh\">La fiche-projet, organis\u00e9e en 5 grands axes, pr\u00e9sente toutes sortes de pistes pour la valorisation des produits locaux.<br>\u200bIl a&nbsp;tout d&rsquo;abord&nbsp;\u00e9t\u00e9 d\u00e9cid\u00e9 de faire le point&nbsp;avec les acteurs locaux principaux que sont l&rsquo;Agence de D\u00e9veloppement Local et le Parc Naturel Haute S\u00fbre For\u00eat d&rsquo;Anlier&nbsp;sur les initiatives existantes ou en pr\u00e9paration.<br>Une r\u00e9union de la CLDR a \u00e9t\u00e9 organis\u00e9e sur le sujet d\u00e9but novembre 2025, apr\u00e8s la distribution des commandes du Groupe d&rsquo;Achat Commun.<\/p>\n\n\n\n<div class=\"wp-block-buttons is-content-justification-left is-layout-flex wp-container-core-buttons-is-layout-4395d7bd wp-block-buttons-is-layout-flex\" style=\"padding-right:1.5vh;padding-left:1.5vh\">\n<div class=\"wp-block-button\"><a class=\"wp-block-button__link wp-element-button\" href=\"https:\/\/frw-pcdr.be\/neufchateau\/wp-content\/uploads\/ER6\/Neufchateau\/Doc\/Realisations\/im_1.02_valorisation_de_la_fili\u00e8re_alimentaire_locale.cleaned.pdf\" target=\"_blank\" rel=\"noreferrer noopener\">Fiche-projet actualis\u00e9e<\/a><\/div>\n<\/div>\n\n\n\n<figure class=\"wp-block-image aligncenter size-large is-resized\"><img loading=\"lazy\" decoding=\"async\" width=\"1024\" height=\"768\" src=\"http:\/\/frw-pcdr.be\/neufchateau\/wp-content\/uploads\/ER6\/Neufchateau\/Img\/sites\/44\/Produits_loc_Neuch-1024x768.webp\" alt=\"groupe assis vu de 3\/4 arri\u00e8re lors de la r\u00e9union sur la fili\u00e8re alimentation locale\" class=\"wp-image-1094\" style=\"aspect-ratio:1.333379816854925;width:311px;height:auto\" srcset=\"https:\/\/frw-pcdr.be\/neufchateau\/wp-content\/uploads\/ER6\/Neufchateau\/Img\/sites\/44\/Produits_loc_Neuch-1024x768.webp 1024w, https:\/\/frw-pcdr.be\/neufchateau\/wp-content\/uploads\/ER6\/Neufchateau\/Img\/sites\/44\/Produits_loc_Neuch-300x225.webp 300w, https:\/\/frw-pcdr.be\/neufchateau\/wp-content\/uploads\/ER6\/Neufchateau\/Img\/sites\/44\/Produits_loc_Neuch-768x576.webp 768w, https:\/\/frw-pcdr.be\/neufchateau\/wp-content\/uploads\/ER6\/Neufchateau\/Img\/sites\/44\/Produits_loc_Neuch-1536x1152.webp 1536w, https:\/\/frw-pcdr.be\/neufchateau\/wp-content\/uploads\/ER6\/Neufchateau\/Img\/sites\/44\/Produits_loc_Neuch-2048x1536.webp 2048w\" sizes=\"auto, (max-width: 1024px) 100vw, 1024px\" \/><\/figure>\n<\/div>\n<\/div>\n\n\n\n<div style=\"height:30px\" aria-hidden=\"true\" class=\"wp-block-spacer\"><\/div>\n\n\n\n<div class=\"wp-block-columns is-layout-flex wp-container-core-columns-is-layout-a531a0f7 wp-block-columns-is-layout-flex\" style=\"padding-right:0;padding-left:0\">\n<div class=\"wp-block-column is-layout-flow wp-block-column-is-layout-flow\">\n<h2 class=\"wp-block-heading\" style=\"margin-right:1.5vh;margin-left:1.5vh\">Commune &#8211; Gestion des salles et maisons de village<\/h2>\n\n\n\n<p style=\"margin-top:0.5rem;margin-right:1.5vh;margin-bottom:0.5rem;margin-left:1.5vh\">Dans le cadre de la fiche-projet du PCDR et suite \u00e0 la proposition de la CLDR de traiter cette action en priorit\u00e9, une premi\u00e8re rencontre a \u00e9t\u00e9 organis\u00e9e le 9 septembre 2025 avec&nbsp;la Commune et&nbsp;les gestionnaires des salles et maisons de village du territoire. Sur base d&rsquo;un outil de mise en situation \u00ab\u00a0Maison commune, la maison de village dans tous ses \u00e9tats\u00a0\u00bb, les gestionnaires ont \u00e9chang\u00e9 de pr\u00e9cieux \u00e9changes de trucs et astuces. La r\u00e9union a \u00e9galement d\u00e9bouch\u00e9 sur l&rsquo;id\u00e9e d&rsquo;un march\u00e9 global pour les \u00e9quipements de s\u00e9curit\u00e9&nbsp;par la Commune.<br>\u200bRendez-vous a d\u00e9j\u00e0 \u00e9t\u00e9 pris dans quelques mois pour faire le point.<\/p>\n\n\n\n<div class=\"wp-block-buttons is-content-justification-left is-layout-flex wp-container-core-buttons-is-layout-4395d7bd wp-block-buttons-is-layout-flex\" style=\"padding-right:1.5vh;padding-left:1.5vh\"><\/div>\n<\/div>\n\n\n\n<div class=\"wp-block-column is-layout-flow wp-block-column-is-layout-flow\"><\/div>\n\n\n\n<div class=\"wp-block-column is-layout-flow wp-block-column-is-layout-flow\" style=\"padding-right:0;padding-left:0\"><\/div>\n<\/div>\n\n\n\n<div style=\"height:20px\" aria-hidden=\"true\" class=\"wp-block-spacer\"><\/div>\n<\/div>\n\n\n\n<div style=\"height:50px\" aria-hidden=\"true\" class=\"wp-block-spacer\"><\/div>\n\n\n\n<p class=\"has-text-align-center has-ast-global-color-2-color has-text-color has-link-color wp-elements-557f917ff42630a8877ee262e7df4b06\" style=\"padding-right:3vh;padding-left:3vh\"><strong>Envie de d\u00e9couvrir d\u2019autres projets et mesurer l\u2019\u00e9tendue des champs d\u2019action du d\u00e9veloppement rural ? Rendez-vous sur&#8230;<\/strong><\/p>\n\n\n\n<div class=\"wp-block-buttons is-content-justification-center is-layout-flex wp-container-core-buttons-is-layout-a89b3969 wp-block-buttons-is-layout-flex\">\n<div class=\"wp-block-button\"><a class=\"wp-block-button__link wp-element-button\" href=\"https:\/\/www.frw.be\/des-projets-pour\/\" target=\"_blank\" rel=\"noreferrer noopener\"><strong>FRW &#8211; Des projets pour&#8230;<\/strong><\/a><\/div>\n<\/div>\n\n\n\n<div style=\"height:50px\" aria-hidden=\"true\" class=\"wp-block-spacer\"><\/div>\n","protected":false},"excerpt":{"rendered":"<p>En cours Montplainchamps &#8211; Am\u00e9nagement de la maison de village Suite \u00e0 une rencontre avec le SPW en juin 2025, [&hellip;]<\/p>\n","protected":false},"author":1,"featured_media":1051,"parent":0,"menu_order":3,"comment_status":"closed","ping_status":"closed","template":"","meta":{"site-sidebar-layout":"default","site-content-layout":"","ast-site-content-layout":"default","site-content-style":"default","site-sidebar-style":"default","ast-global-header-display":"","ast-banner-title-visibility":"","ast-main-header-display":"","ast-hfb-above-header-display":"","ast-hfb-below-header-display":"","ast-hfb-mobile-header-display":"","site-post-title":"disabled","ast-breadcrumbs-content":"","ast-featured-img":"disabled","footer-sml-layout":"","ast-disable-related-posts":"","theme-transparent-header-meta":"","adv-header-id-meta":"","stick-header-meta":"","header-above-stick-meta":"","header-main-stick-meta":"","header-below-stick-meta":"","astra-migrate-meta-layouts":"default","ast-page-background-enabled":"default","ast-page-background-meta":{"desktop":{"background-color":"var(--ast-global-color-5)","background-image":"","background-repeat":"repeat","background-position":"center center","background-size":"auto","background-attachment":"scroll","background-type":"","background-media":"","overlay-type":"","overlay-color":"","overlay-opacity":"","overlay-gradient":""},"tablet":{"background-color":"","background-image":"","background-repeat":"repeat","background-position":"center center","background-size":"auto","background-attachment":"scroll","background-type":"","background-media":"","overlay-type":"","overlay-color":"","overlay-opacity":"","overlay-gradient":""},"mobile":{"background-color":"","background-image":"","background-repeat":"repeat","background-position":"center center","background-size":"auto","background-attachment":"scroll","background-type":"","background-media":"","overlay-type":"","overlay-color":"","overlay-opacity":"","overlay-gradient":""}},"ast-content-background-meta":{"desktop":{"background-color":"var(--ast-global-color-4)","background-image":"","background-repeat":"repeat","background-position":"center center","background-size":"auto","background-attachment":"scroll","background-type":"","background-media":"","overlay-type":"","overlay-color":"","overlay-opacity":"","overlay-gradient":""},"tablet":{"background-color":"var(--ast-global-color-4)","background-image":"","background-repeat":"repeat","background-position":"center center","background-size":"auto","background-attachment":"scroll","background-type":"","background-media":"","overlay-type":"","overlay-color":"","overlay-opacity":"","overlay-gradient":""},"mobile":{"background-color":"var(--ast-global-color-4)","background-image":"","background-repeat":"repeat","background-position":"center center","background-size":"auto","background-attachment":"scroll","background-type":"","background-media":"","overlay-type":"","overlay-color":"","overlay-opacity":"","overlay-gradient":""}},"footnotes":""},"class_list":["post-9","page","type-page","status-publish","has-post-thumbnail","hentry"],"_links":{"self":[{"href":"https:\/\/frw-pcdr.be\/neufchateau\/wp-json\/wp\/v2\/pages\/9","targetHints":{"allow":["GET"]}}],"collection":[{"href":"https:\/\/frw-pcdr.be\/neufchateau\/wp-json\/wp\/v2\/pages"}],"about":[{"href":"https:\/\/frw-pcdr.be\/neufchateau\/wp-json\/wp\/v2\/types\/page"}],"author":[{"embeddable":true,"href":"https:\/\/frw-pcdr.be\/neufchateau\/wp-json\/wp\/v2\/users\/1"}],"replies":[{"embeddable":true,"href":"https:\/\/frw-pcdr.be\/neufchateau\/wp-json\/wp\/v2\/comments?post=9"}],"version-history":[{"count":4,"href":"https:\/\/frw-pcdr.be\/neufchateau\/wp-json\/wp\/v2\/pages\/9\/revisions"}],"predecessor-version":[{"id":1110,"href":"https:\/\/frw-pcdr.be\/neufchateau\/wp-json\/wp\/v2\/pages\/9\/revisions\/1110"}],"wp:featuredmedia":[{"embeddable":true,"href":"https:\/\/frw-pcdr.be\/neufchateau\/wp-json\/wp\/v2\/media\/1051"}],"wp:attachment":[{"href":"https:\/\/frw-pcdr.be\/neufchateau\/wp-json\/wp\/v2\/media?parent=9"}],"curies":[{"name":"wp","href":"https:\/\/api.w.org\/{rel}","templated":true}]}}