{"id":9,"date":"2025-10-21T17:16:36","date_gmt":"2025-10-21T15:16:36","guid":{"rendered":"https:\/\/frw-pcdr.be\/onhaye\/?page_id=9"},"modified":"2026-04-27T11:30:32","modified_gmt":"2026-04-27T09:30:32","slug":"les-realisations","status":"publish","type":"page","link":"https:\/\/frw-pcdr.be\/manhay\/les-realisations\/","title":{"rendered":"Les r\u00e9alisations"},"content":{"rendered":"\n<div class=\"wp-block-group alignfull has-ast-global-color-3-background-color has-background is-layout-constrained wp-container-core-group-is-layout-c7ccc7fa wp-block-group-is-layout-constrained\" style=\"margin-top:0;margin-bottom:0;padding-top:var(--wp--preset--spacing--60);padding-right:3vw;padding-bottom:var(--wp--preset--spacing--50);padding-left:3vw\">\n<h1 class=\"wp-block-heading has-ast-global-color-0-color has-text-color has-link-color wp-elements-14a7137f7fcb5b615cd65c93dd7455c9\" style=\"padding-top:0;padding-right:1.5vh;padding-bottom:0;padding-left:1.5vh;font-size:3.5vh;letter-spacing:0px\">En cours<\/h1>\n\n\n\n<hr class=\"wp-block-separator has-text-color has-ast-global-color-1-color has-alpha-channel-opacity has-ast-global-color-1-background-color has-background is-style-wide\"\/>\n\n\n\n<div class=\"wp-block-columns is-layout-flex wp-container-core-columns-is-layout-a531a0f7 wp-block-columns-is-layout-flex\" style=\"padding-right:0;padding-left:0\">\n<div class=\"wp-block-column is-layout-flow wp-block-column-is-layout-flow\">\n<h2 class=\"wp-block-heading\" style=\"margin-right:1.5vh;margin-left:1.5vh\">Dochamps &#8211; r\u00e9novation de la Salle du village<\/h2>\n\n\n\n<p style=\"margin-top:0.5rem;margin-right:1.5vh;margin-bottom:0.5rem;margin-left:1.5vh\">Le projet communal est pr\u00eat avec la CLDR et les diff\u00e9rents avis. D\u00e8s la signature de la Ministre, sa mise en \u0153uvre pourra d\u00e9marrer.<\/p>\n\n\n\n<div class=\"wp-block-buttons is-content-justification-left is-layout-flex wp-container-core-buttons-is-layout-4395d7bd wp-block-buttons-is-layout-flex\" style=\"padding-right:1.5vh;padding-left:1.5vh\">\n<div class=\"wp-block-button\"><a class=\"wp-block-button__link wp-element-button\" href=\"https:\/\/frw-pcdr.be\/manhay\/le-pcdr\/\">Partie IV du PCDR<\/a><\/div>\n<\/div>\n\n\n<\/div>\n\n\n\n<div class=\"wp-block-column is-layout-flow wp-block-column-is-layout-flow\">\n<h2 class=\"wp-block-heading\" style=\"margin-right:1.5vh;margin-left:1.5vh\">Manhay &amp; Erez\u00e9e &#8211; Voie lente transcommunale<\/h2>\n\n\n\n<p style=\"margin-top:0.5rem;margin-right:1.5vh;margin-bottom:0.5rem;margin-left:1.5vh\">Un Auteur de projet sera d\u00e9sign\u00e9 pour monter le projet et clarifier le trac\u00e9, inspir\u00e9 de celui du tramway touristique de l&rsquo;Aisnes.<\/p>\n\n\n\n<div class=\"wp-block-buttons is-content-justification-left is-layout-flex wp-container-core-buttons-is-layout-4395d7bd wp-block-buttons-is-layout-flex\" style=\"padding-right:1.5vh;padding-left:1.5vh\">\n<div class=\"wp-block-button\"><a class=\"wp-block-button__link wp-element-button\" href=\"https:\/\/frw-pcdr.be\/manhay\/le-pcdr\/\">Partie IV du PCDR<\/a><\/div>\n<\/div>\n\n\n<\/div>\n\n\n\n<div class=\"wp-block-column is-layout-flow wp-block-column-is-layout-flow\">\n<h2 class=\"wp-block-heading\" style=\"margin-right:1.5vh;margin-left:1.5vh\">Manhay &amp; Ch\u00eane Al Pierre<br> &#8211; Voie lente<\/h2>\n\n\n\n<p style=\"margin-top:0.5rem;margin-right:1.5vh;margin-bottom:0.5rem;margin-left:1.5vh\">Ce projet vise la cr\u00e9ation d&rsquo;une voie lente s\u00e9par\u00e9e de la route principale par une haie. Faute de budgets suffisant, le projet devrait \u00eatre revu l\u00e9g\u00e8rement \u00e0 la baisse.<\/p>\n\n\n\n<div class=\"wp-block-buttons is-content-justification-left is-layout-flex wp-container-core-buttons-is-layout-4395d7bd wp-block-buttons-is-layout-flex\" style=\"padding-right:1.5vh;padding-left:1.5vh\">\n<div class=\"wp-block-button\"><a class=\"wp-block-button__link wp-element-button\" href=\"https:\/\/frw-pcdr.be\/manhay\/le-pcdr\/\">Partie IV du PCDR<\/a><\/div>\n<\/div>\n\n\n<\/div>\n<\/div>\n\n\n\n<div style=\"height:20px\" aria-hidden=\"true\" class=\"wp-block-spacer\"><\/div>\n\n\n\n<hr class=\"wp-block-separator has-text-color has-ast-global-color-1-color has-alpha-channel-opacity has-ast-global-color-1-background-color has-background is-style-wide\"\/>\n\n\n\n<div style=\"height:20px\" aria-hidden=\"true\" class=\"wp-block-spacer\"><\/div>\n\n\n\n<div class=\"wp-block-columns is-layout-flex wp-container-core-columns-is-layout-a531a0f7 wp-block-columns-is-layout-flex\" style=\"padding-right:0;padding-left:0\">\n<div class=\"wp-block-column is-layout-flow wp-block-column-is-layout-flow\" style=\"padding-right:0;padding-left:0\">\n<h2 class=\"wp-block-heading\" style=\"margin-right:1.5vh;margin-left:1.5vh\">Manhay &#8211; Am\u00e9nagement des entr\u00e9es de villages<\/h2>\n\n\n\n<p style=\"margin-top:0.5rem;margin-right:1.5vh;margin-bottom:0.5rem;margin-left:1.5vh\">Ce projet touche bient\u00f4t \u00e0 sa fin : Odeigne, Harre, Malempr\u00e9, Fays, Roche \u00e0 Fr\u00eane, Grandm\u00e9nil, \u00d6ster, Lamormenil, La Fosse, Dochamps et Ch\u00eane Al Pierre ont vu leurs entr\u00e9es modifi\u00e9es vers des am\u00e9nagements agr\u00e9ables avec plus de s\u00e9curit\u00e9.<\/p>\n\n\n\n<div class=\"wp-block-buttons is-content-justification-left is-layout-flex wp-container-core-buttons-is-layout-4395d7bd wp-block-buttons-is-layout-flex\" style=\"padding-right:1.5vh;padding-left:1.5vh\">\n<div class=\"wp-block-button\"><a class=\"wp-block-button__link wp-element-button\" href=\"https:\/\/frw-pcdr.be\/manhay\/le-pcdr\/\">Partie IV du PCDR<\/a><\/div>\n<\/div>\n\n\n\n<figure class=\"wp-block-image size-large\"><img loading=\"lazy\" decoding=\"async\" width=\"1024\" height=\"576\" src=\"http:\/\/frw-pcdr.be\/manhay\/wp-content\/uploads\/ER5\/Manhay\/Img\/sites\/46\/MANHAY-EntreesVill-Real-ok-1024x576.png\" alt=\"Plan et photo illustratifs du projet d'am\u00e9nagement des entr\u00e9es de village \u00e0 Manhay\" class=\"wp-image-1140\" srcset=\"https:\/\/frw-pcdr.be\/manhay\/wp-content\/uploads\/ER5\/Manhay\/Img\/sites\/46\/MANHAY-EntreesVill-Real-ok-1024x576.png 1024w, https:\/\/frw-pcdr.be\/manhay\/wp-content\/uploads\/ER5\/Manhay\/Img\/sites\/46\/MANHAY-EntreesVill-Real-ok-300x169.png 300w, https:\/\/frw-pcdr.be\/manhay\/wp-content\/uploads\/ER5\/Manhay\/Img\/sites\/46\/MANHAY-EntreesVill-Real-ok-768x432.png 768w, https:\/\/frw-pcdr.be\/manhay\/wp-content\/uploads\/ER5\/Manhay\/Img\/sites\/46\/MANHAY-EntreesVill-Real-ok-1536x864.png 1536w, https:\/\/frw-pcdr.be\/manhay\/wp-content\/uploads\/ER5\/Manhay\/Img\/sites\/46\/MANHAY-EntreesVill-Real-ok.png 1920w\" sizes=\"auto, (max-width: 1024px) 100vw, 1024px\" \/><\/figure>\n<\/div>\n\n\n\n<div class=\"wp-block-column is-layout-flow wp-block-column-is-layout-flow\"><\/div>\n\n\n\n<div class=\"wp-block-column is-layout-flow wp-block-column-is-layout-flow\"><\/div>\n<\/div>\n\n\n\n<div style=\"height:20px\" aria-hidden=\"true\" class=\"wp-block-spacer\"><\/div>\n<\/div>\n\n\n\n<div class=\"wp-block-group alignfull has-background is-layout-constrained wp-container-core-group-is-layout-b1a27b7e wp-block-group-is-layout-constrained\" style=\"background:linear-gradient(181deg,rgb(68,85,79) 0%,rgb(111,148,135) 100%);padding-top:var(--wp--preset--spacing--60);padding-right:3vw;padding-bottom:var(--wp--preset--spacing--50);padding-left:3vw\">\n<h1 class=\"wp-block-heading has-ast-global-color-3-color has-text-color has-link-color wp-elements-007cadb0cffd688496fe49ffde4a8e37\" style=\"padding-top:0;padding-right:1.5vh;padding-bottom:0;padding-left:1.5vh;font-size:3.5vh;letter-spacing:0px\">Termin\u00e9es<\/h1>\n\n\n\n<hr class=\"wp-block-separator has-text-color has-ast-global-color-1-color has-alpha-channel-opacity has-ast-global-color-1-background-color has-background is-style-wide\"\/>\n\n\n\n<div class=\"wp-block-columns is-layout-flex wp-container-core-columns-is-layout-a531a0f7 wp-block-columns-is-layout-flex\" style=\"padding-right:0;padding-left:0\">\n<div class=\"wp-block-column is-layout-flow wp-block-column-is-layout-flow\">\n<h2 class=\"wp-block-heading has-ast-global-color-3-color has-text-color has-link-color wp-elements-1d38cf379b3c01166fdaf367d52ef6c1\" style=\"margin-right:1.5vh;margin-left:1.5vh\">Manhay &#8211; Cinq logements interg\u00e9n\u00e9rationnels<\/h2>\n\n\n\n<p class=\"has-ast-global-color-3-color has-text-color has-link-color wp-elements-8cc364ecf737d8a4d2f9e618f8caf6cc\" style=\"margin-top:0.5rem;margin-right:1.5vh;margin-bottom:0.5rem;margin-left:1.5vh\">Cinq appartements ont vu le jour \u00e0 deux pas de l&rsquo;administration communale de Manhay. Ces logements pourront accueillir entre 15 et 20 personnes, dans 3 appartements au rez-de-chauss\u00e9e et 2 \u00e0 l&rsquo;\u00e9tage, ceux-ci \u00e9tant d\u00e9di\u00e9s \u00e0 des familles, tandis qu&rsquo;au rez tout est adapt\u00e9 pour des personnes \u00e2g\u00e9es et\/ou PMR.<\/p>\n\n\n\n<div class=\"wp-block-buttons is-content-justification-left is-layout-flex wp-container-core-buttons-is-layout-4395d7bd wp-block-buttons-is-layout-flex\" style=\"padding-right:1.5vh;padding-left:1.5vh\">\n<div class=\"wp-block-button\"><a class=\"wp-block-button__link wp-element-button\" href=\"https:\/\/frw-pcdr.be\/manhay\/le-pcdr\/\">Partie IV du PCDR<\/a><\/div>\n<\/div>\n\n\n\n<figure class=\"wp-block-image size-large is-resized\"><img loading=\"lazy\" decoding=\"async\" width=\"1024\" height=\"576\" src=\"http:\/\/frw-pcdr.be\/manhay\/wp-content\/uploads\/ER5\/Manhay\/Img\/sites\/46\/MANHAY-LogmtIntergene-Real-1024x576.png\" alt=\"Logements interg\u00e9n\u00e9rationnels \u00e0 Manhay : b\u00e2timents modernes aux grandes fen\u00eatres &amp; aper\u00e7u des am\u00e9nagements ext\u00e9rieurs.\" class=\"wp-image-1147\" style=\"object-fit:cover;width:548px;height:auto\" srcset=\"https:\/\/frw-pcdr.be\/manhay\/wp-content\/uploads\/ER5\/Manhay\/Img\/sites\/46\/MANHAY-LogmtIntergene-Real-1024x576.png 1024w, https:\/\/frw-pcdr.be\/manhay\/wp-content\/uploads\/ER5\/Manhay\/Img\/sites\/46\/MANHAY-LogmtIntergene-Real-300x169.png 300w, https:\/\/frw-pcdr.be\/manhay\/wp-content\/uploads\/ER5\/Manhay\/Img\/sites\/46\/MANHAY-LogmtIntergene-Real-768x432.png 768w, https:\/\/frw-pcdr.be\/manhay\/wp-content\/uploads\/ER5\/Manhay\/Img\/sites\/46\/MANHAY-LogmtIntergene-Real-1536x864.png 1536w, https:\/\/frw-pcdr.be\/manhay\/wp-content\/uploads\/ER5\/Manhay\/Img\/sites\/46\/MANHAY-LogmtIntergene-Real.png 1920w\" sizes=\"auto, (max-width: 1024px) 100vw, 1024px\" \/><\/figure>\n<\/div>\n\n\n\n<div class=\"wp-block-column is-layout-flow wp-block-column-is-layout-flow\" style=\"padding-right:0;padding-left:0\">\n<h2 class=\"wp-block-heading has-ast-global-color-3-color has-text-color has-link-color wp-elements-0e8cd6171ba8597f25481a546734bb4a\" style=\"margin-right:1.5vh;margin-left:1.5vh\">Manhay &#8211; Am\u00e9nagement du centre du village<\/h2>\n\n\n\n<p class=\"has-ast-global-color-3-color has-text-color has-link-color wp-elements-24967077eb522be9704369aeeef9f655\" style=\"margin-top:0.5rem;margin-right:1.5vh;margin-bottom:0.5rem;margin-left:1.5vh\">Cet important projet en d\u00e9veloppement rural se concr\u00e9tise&nbsp;: cr\u00e9er un c\u0153ur de village tout en am\u00e9liorant la s\u00e9curit\u00e9, notamment gr\u00e2ce \u00e0 l&rsquo;am\u00e9nagement d&rsquo;\u00eelots, le placement de feux de signalisation et la pose de trottoirs.<\/p>\n\n\n\n<div class=\"wp-block-buttons is-content-justification-left is-layout-flex wp-container-core-buttons-is-layout-4395d7bd wp-block-buttons-is-layout-flex\" style=\"padding-right:1.5vh;padding-left:1.5vh\">\n<div class=\"wp-block-button\"><a class=\"wp-block-button__link wp-element-button\" href=\"https:\/\/frw-pcdr.be\/manhay\/le-pcdr\/\">Partie IV du PCDR<\/a><\/div>\n<\/div>\n\n\n\n<figure class=\"wp-block-image size-large is-resized\"><img loading=\"lazy\" decoding=\"async\" width=\"1024\" height=\"576\" src=\"http:\/\/frw-pcdr.be\/manhay\/wp-content\/uploads\/ER5\/Manhay\/Img\/sites\/46\/MANHAY-centre-Real-1024x576.png\" alt=\"Carrefour routier r\u00e9am\u00e9nag\u00e9 \u00e0 Manhay avec passages pour pi\u00e9tons, feux de signalisation et panneaux directionnels, bord\u00e9 de b\u00e2timents en pierre.\" class=\"wp-image-1148\" style=\"aspect-ratio:1.7777849179063714;width:591px;height:auto\" srcset=\"https:\/\/frw-pcdr.be\/manhay\/wp-content\/uploads\/ER5\/Manhay\/Img\/sites\/46\/MANHAY-centre-Real-1024x576.png 1024w, https:\/\/frw-pcdr.be\/manhay\/wp-content\/uploads\/ER5\/Manhay\/Img\/sites\/46\/MANHAY-centre-Real-300x169.png 300w, https:\/\/frw-pcdr.be\/manhay\/wp-content\/uploads\/ER5\/Manhay\/Img\/sites\/46\/MANHAY-centre-Real-768x432.png 768w, https:\/\/frw-pcdr.be\/manhay\/wp-content\/uploads\/ER5\/Manhay\/Img\/sites\/46\/MANHAY-centre-Real-1536x864.png 1536w, https:\/\/frw-pcdr.be\/manhay\/wp-content\/uploads\/ER5\/Manhay\/Img\/sites\/46\/MANHAY-centre-Real.png 1920w\" sizes=\"auto, (max-width: 1024px) 100vw, 1024px\" \/><\/figure>\n<\/div>\n\n\n\n<div class=\"wp-block-column is-layout-flow wp-block-column-is-layout-flow\"><\/div>\n<\/div>\n<\/div>\n\n\n\n<div style=\"height:50px\" aria-hidden=\"true\" class=\"wp-block-spacer\"><\/div>\n\n\n\n<p class=\"has-text-align-center has-ast-global-color-2-color has-text-color has-link-color wp-elements-557f917ff42630a8877ee262e7df4b06\" style=\"padding-right:3vh;padding-left:3vh\"><strong>Envie de d\u00e9couvrir d\u2019autres projets et mesurer l\u2019\u00e9tendue des champs d\u2019action du d\u00e9veloppement rural ? Rendez-vous sur&#8230;<\/strong><\/p>\n\n\n\n<div class=\"wp-block-buttons is-content-justification-center is-layout-flex wp-container-core-buttons-is-layout-a89b3969 wp-block-buttons-is-layout-flex\">\n<div class=\"wp-block-button\"><a class=\"wp-block-button__link wp-element-button\" href=\"https:\/\/www.frw.be\/des-projets-pour\/\" target=\"_blank\" rel=\"noreferrer noopener\"><strong>FRW &#8211; Des projets pour&#8230;<\/strong><\/a><\/div>\n<\/div>\n\n\n\n<div style=\"height:50px\" aria-hidden=\"true\" class=\"wp-block-spacer\"><\/div>\n","protected":false},"excerpt":{"rendered":"<p>En cours Dochamps &#8211; r\u00e9novation de la Salle du village Le projet communal est pr\u00eat avec la CLDR et les [&hellip;]<\/p>\n","protected":false},"author":1,"featured_media":1049,"parent":0,"menu_order":3,"comment_status":"closed","ping_status":"closed","template":"","meta":{"site-sidebar-layout":"default","site-content-layout":"","ast-site-content-layout":"default","site-content-style":"default","site-sidebar-style":"default","ast-global-header-display":"","ast-banner-title-visibility":"","ast-main-header-display":"","ast-hfb-above-header-display":"","ast-hfb-below-header-display":"","ast-hfb-mobile-header-display":"","site-post-title":"disabled","ast-breadcrumbs-content":"","ast-featured-img":"disabled","footer-sml-layout":"","ast-disable-related-posts":"","theme-transparent-header-meta":"","adv-header-id-meta":"","stick-header-meta":"","header-above-stick-meta":"","header-main-stick-meta":"","header-below-stick-meta":"","astra-migrate-meta-layouts":"default","ast-page-background-enabled":"default","ast-page-background-meta":{"desktop":{"background-color":"var(--ast-global-color-5)","background-image":"","background-repeat":"repeat","background-position":"center center","background-size":"auto","background-attachment":"scroll","background-type":"","background-media":"","overlay-type":"","overlay-color":"","overlay-opacity":"","overlay-gradient":""},"tablet":{"background-color":"","background-image":"","background-repeat":"repeat","background-position":"center center","background-size":"auto","background-attachment":"scroll","background-type":"","background-media":"","overlay-type":"","overlay-color":"","overlay-opacity":"","overlay-gradient":""},"mobile":{"background-color":"","background-image":"","background-repeat":"repeat","background-position":"center center","background-size":"auto","background-attachment":"scroll","background-type":"","background-media":"","overlay-type":"","overlay-color":"","overlay-opacity":"","overlay-gradient":""}},"ast-content-background-meta":{"desktop":{"background-color":"var(--ast-global-color-4)","background-image":"","background-repeat":"repeat","background-position":"center center","background-size":"auto","background-attachment":"scroll","background-type":"","background-media":"","overlay-type":"","overlay-color":"","overlay-opacity":"","overlay-gradient":""},"tablet":{"background-color":"var(--ast-global-color-4)","background-image":"","background-repeat":"repeat","background-position":"center center","background-size":"auto","background-attachment":"scroll","background-type":"","background-media":"","overlay-type":"","overlay-color":"","overlay-opacity":"","overlay-gradient":""},"mobile":{"background-color":"var(--ast-global-color-4)","background-image":"","background-repeat":"repeat","background-position":"center center","background-size":"auto","background-attachment":"scroll","background-type":"","background-media":"","overlay-type":"","overlay-color":"","overlay-opacity":"","overlay-gradient":""}},"footnotes":""},"class_list":["post-9","page","type-page","status-publish","has-post-thumbnail","hentry"],"_links":{"self":[{"href":"https:\/\/frw-pcdr.be\/manhay\/wp-json\/wp\/v2\/pages\/9","targetHints":{"allow":["GET"]}}],"collection":[{"href":"https:\/\/frw-pcdr.be\/manhay\/wp-json\/wp\/v2\/pages"}],"about":[{"href":"https:\/\/frw-pcdr.be\/manhay\/wp-json\/wp\/v2\/types\/page"}],"author":[{"embeddable":true,"href":"https:\/\/frw-pcdr.be\/manhay\/wp-json\/wp\/v2\/users\/1"}],"replies":[{"embeddable":true,"href":"https:\/\/frw-pcdr.be\/manhay\/wp-json\/wp\/v2\/comments?post=9"}],"version-history":[{"count":18,"href":"https:\/\/frw-pcdr.be\/manhay\/wp-json\/wp\/v2\/pages\/9\/revisions"}],"predecessor-version":[{"id":1156,"href":"https:\/\/frw-pcdr.be\/manhay\/wp-json\/wp\/v2\/pages\/9\/revisions\/1156"}],"wp:featuredmedia":[{"embeddable":true,"href":"https:\/\/frw-pcdr.be\/manhay\/wp-json\/wp\/v2\/media\/1049"}],"wp:attachment":[{"href":"https:\/\/frw-pcdr.be\/manhay\/wp-json\/wp\/v2\/media?parent=9"}],"curies":[{"name":"wp","href":"https:\/\/api.w.org\/{rel}","templated":true}]}}