{"id":330,"date":"2025-10-29T10:49:31","date_gmt":"2025-10-29T09:49:31","guid":{"rendered":"https:\/\/frw-pcdr.be\/onhaye\/?page_id=330"},"modified":"2026-04-21T11:29:29","modified_gmt":"2026-04-21T09:29:29","slug":"actualites","status":"publish","type":"page","link":"https:\/\/frw-pcdr.be\/manhay\/actualites\/","title":{"rendered":"Actualit\u00e9s"},"content":{"rendered":"\n<div class=\"wp-block-group alignfull is-layout-constrained wp-container-core-group-is-layout-ce46af0e wp-block-group-is-layout-constrained\" style=\"padding-top:0;padding-right:3vw;padding-bottom:3vw;padding-left:3vw\">\n<h1 class=\"wp-block-heading has-text-align-left has-ast-global-color-0-color has-text-color has-link-color wp-elements-4a5e537b25b355149cbbd5be494b8a72\" style=\"margin-top:3rem;padding-top:0;padding-right:1.5vh;padding-bottom:0;padding-left:1.5vh;font-size:3.5vh;letter-spacing:0px\">ACTUALIT\u00c9S<\/h1>\n\n\n\n<h2 class=\"wp-block-heading has-text-align-left has-ast-global-color-1-color has-text-color has-link-color wp-elements-dbd4d0fac0b27ddf9730ade8dcde6000\" style=\"margin-top:var(--wp--preset--spacing--50);margin-right:0;margin-bottom:0;margin-left:0;padding-top:0;padding-right:2vh;padding-bottom:0;padding-left:2vh\">Les derni\u00e8res infos relatives au PCDR de votre commune<\/h2>\n\n\n\n<p style=\"margin-top:var(--wp--preset--spacing--40);margin-bottom:var(--wp--preset--spacing--40);padding-right:2vh;padding-left:2vh\">Projets en cours, inaugurations, r\u00e9unions&#8230;<\/p>\n<\/div>\n\n\n\n<div class=\"wp-block-group alignfull is-layout-constrained wp-block-group-is-layout-constrained\" style=\"margin-bottom:0;padding-top:0rem;padding-bottom:0rem\">\n<div class=\"wp-block-columns has-background is-layout-flex wp-container-core-columns-is-layout-2097dcb0 wp-block-columns-is-layout-flex\" style=\"border-radius:5px;background:linear-gradient(135deg,rgb(68,85,79) 0%,rgb(111,148,135) 100%);padding-top:var(--wp--preset--spacing--30);padding-right:var(--wp--preset--spacing--30);padding-bottom:var(--wp--preset--spacing--60);padding-left:var(--wp--preset--spacing--30)\">\n<div class=\"wp-block-column is-vertically-aligned-center is-layout-flow wp-block-column-is-layout-flow\" style=\"padding-right:0;padding-left:0\">\n<figure class=\"wp-block-image size-large\"><img loading=\"lazy\" decoding=\"async\" width=\"1024\" height=\"576\" src=\"https:\/\/frw-pcdr.be\/manhay\/wp-content\/uploads\/ER5\/Manhay\/Img\/sites\/46\/ER5-MANHAY-Wordpress-pour-actu-ok-1024x576.webp\" alt=\"\" class=\"wp-image-1090\" srcset=\"https:\/\/frw-pcdr.be\/manhay\/wp-content\/uploads\/ER5\/Manhay\/Img\/sites\/46\/ER5-MANHAY-Wordpress-pour-actu-ok-1024x576.webp 1024w, https:\/\/frw-pcdr.be\/manhay\/wp-content\/uploads\/ER5\/Manhay\/Img\/sites\/46\/ER5-MANHAY-Wordpress-pour-actu-ok-300x169.webp 300w, https:\/\/frw-pcdr.be\/manhay\/wp-content\/uploads\/ER5\/Manhay\/Img\/sites\/46\/ER5-MANHAY-Wordpress-pour-actu-ok-768x432.webp 768w, https:\/\/frw-pcdr.be\/manhay\/wp-content\/uploads\/ER5\/Manhay\/Img\/sites\/46\/ER5-MANHAY-Wordpress-pour-actu-ok-1536x864.webp 1536w, https:\/\/frw-pcdr.be\/manhay\/wp-content\/uploads\/ER5\/Manhay\/Img\/sites\/46\/ER5-MANHAY-Wordpress-pour-actu-ok.webp 1920w\" sizes=\"auto, (max-width: 1024px) 100vw, 1024px\" \/><\/figure>\n<\/div>\n\n\n\n<div class=\"wp-block-column is-layout-flow wp-block-column-is-layout-flow\" style=\"padding-left:0\">\n<h2 class=\"wp-block-heading has-ast-global-color-3-color has-text-color has-link-color wp-elements-8dfe2cbf2bc9c8899932ec02f51de29e\" style=\"padding-top:var(--wp--preset--spacing--40);padding-right:1.5vh;padding-left:1.5vh\">Nouveaux site et adresse de l&rsquo;Op\u00e9ration de d\u00e9veloppement rural de Manhay<\/h2>\n\n\n\n<h6 class=\"wp-block-heading has-ast-global-color-3-color has-text-color has-link-color wp-elements-72e8b13d83997124a606c4e01c294b71\" style=\"padding-right:1.5vh;padding-left:1.5vh\">23 avril 2026<\/h6>\n\n\n\n<hr class=\"wp-block-separator has-text-color has-ast-global-color-1-color has-alpha-channel-opacity has-ast-global-color-1-background-color has-background is-style-wide\" \/>\n\n\n\n<p class=\"has-ast-global-color-3-color has-text-color has-link-color wp-elements-7f1c5d9910d2c939d359ae40747c7c8b\" style=\"padding-right:1.5vh;padding-left:1.5vh\">L&rsquo;Op\u00e9ration de D\u00e9veloppement Rural de Manhay b\u00e9n\u00e9ficie d&rsquo;un site avec un nouveau look et une nouvelle architecture depuis ce 23 avril. Quelques pages, des liens faciles, des documents joints&#8230; Tout pour suivre l&rsquo;Op\u00e9ration.<br><br><strong>Pour vos favoris, pensez \u00e0 ajouter le nouveau lien <\/strong><a href=\"http:\/\/frw-pcdr.be\/manhay\">http:\/\/frw-pcdr.be\/manhay<\/a><\/p>\n<\/div>\n<\/div>\n\n\n\n<div style=\"height:40px\" aria-hidden=\"true\" class=\"wp-block-spacer\"><\/div>\n<\/div>\n\n\n\n<div class=\"wp-block-group alignfull is-layout-constrained wp-block-group-is-layout-constrained\" style=\"margin-bottom:0;padding-top:0rem;padding-bottom:0rem\">\n<div class=\"wp-block-columns has-background is-layout-flex wp-container-core-columns-is-layout-2097dcb0 wp-block-columns-is-layout-flex\" style=\"border-radius:5px;background:linear-gradient(135deg,rgb(68,85,79) 0%,rgb(111,148,135) 100%);padding-top:var(--wp--preset--spacing--30);padding-right:var(--wp--preset--spacing--30);padding-bottom:var(--wp--preset--spacing--60);padding-left:var(--wp--preset--spacing--30)\">\n<div class=\"wp-block-column is-vertically-aligned-center is-layout-flow wp-block-column-is-layout-flow\" style=\"padding-right:0;padding-left:0\">\n<figure class=\"wp-block-gallery has-nested-images columns-default is-cropped wp-block-gallery-1 is-layout-flex wp-block-gallery-is-layout-flex\">\n<figure class=\"wp-block-image size-large\"><img loading=\"lazy\" decoding=\"async\" width=\"1024\" height=\"576\" data-id=\"1081\" src=\"https:\/\/frw-pcdr.be\/manhay\/wp-content\/uploads\/ER5\/Manhay\/Img\/sites\/46\/DSC_0305-okok-1024x576.webp\" alt=\"\" class=\"wp-image-1081\" srcset=\"https:\/\/frw-pcdr.be\/manhay\/wp-content\/uploads\/ER5\/Manhay\/Img\/sites\/46\/DSC_0305-okok-1024x576.webp 1024w, https:\/\/frw-pcdr.be\/manhay\/wp-content\/uploads\/ER5\/Manhay\/Img\/sites\/46\/DSC_0305-okok-300x169.webp 300w, https:\/\/frw-pcdr.be\/manhay\/wp-content\/uploads\/ER5\/Manhay\/Img\/sites\/46\/DSC_0305-okok-768x432.webp 768w, https:\/\/frw-pcdr.be\/manhay\/wp-content\/uploads\/ER5\/Manhay\/Img\/sites\/46\/DSC_0305-okok-1536x864.webp 1536w, https:\/\/frw-pcdr.be\/manhay\/wp-content\/uploads\/ER5\/Manhay\/Img\/sites\/46\/DSC_0305-okok-2048x1152.webp 2048w\" sizes=\"auto, (max-width: 1024px) 100vw, 1024px\" \/><\/figure>\n\n\n\n<figure class=\"wp-block-image size-large\"><img loading=\"lazy\" decoding=\"async\" width=\"1024\" height=\"576\" data-id=\"1084\" src=\"https:\/\/frw-pcdr.be\/manhay\/wp-content\/uploads\/ER5\/Manhay\/Img\/sites\/46\/DSC_0309-okok-1024x576.webp\" alt=\"\" class=\"wp-image-1084\" srcset=\"https:\/\/frw-pcdr.be\/manhay\/wp-content\/uploads\/ER5\/Manhay\/Img\/sites\/46\/DSC_0309-okok-1024x576.webp 1024w, https:\/\/frw-pcdr.be\/manhay\/wp-content\/uploads\/ER5\/Manhay\/Img\/sites\/46\/DSC_0309-okok-300x169.webp 300w, https:\/\/frw-pcdr.be\/manhay\/wp-content\/uploads\/ER5\/Manhay\/Img\/sites\/46\/DSC_0309-okok-768x432.webp 768w, https:\/\/frw-pcdr.be\/manhay\/wp-content\/uploads\/ER5\/Manhay\/Img\/sites\/46\/DSC_0309-okok-1536x864.webp 1536w, https:\/\/frw-pcdr.be\/manhay\/wp-content\/uploads\/ER5\/Manhay\/Img\/sites\/46\/DSC_0309-okok-2048x1152.webp 2048w\" sizes=\"auto, (max-width: 1024px) 100vw, 1024px\" \/><\/figure>\n\n\n\n<figure class=\"wp-block-image size-large\"><img loading=\"lazy\" decoding=\"async\" width=\"1024\" height=\"576\" data-id=\"1083\" src=\"https:\/\/frw-pcdr.be\/manhay\/wp-content\/uploads\/ER5\/Manhay\/Img\/sites\/46\/DSC_0321-okok-1024x576.webp\" alt=\"\" class=\"wp-image-1083\" srcset=\"https:\/\/frw-pcdr.be\/manhay\/wp-content\/uploads\/ER5\/Manhay\/Img\/sites\/46\/DSC_0321-okok-1024x576.webp 1024w, https:\/\/frw-pcdr.be\/manhay\/wp-content\/uploads\/ER5\/Manhay\/Img\/sites\/46\/DSC_0321-okok-300x169.webp 300w, https:\/\/frw-pcdr.be\/manhay\/wp-content\/uploads\/ER5\/Manhay\/Img\/sites\/46\/DSC_0321-okok-768x432.webp 768w, https:\/\/frw-pcdr.be\/manhay\/wp-content\/uploads\/ER5\/Manhay\/Img\/sites\/46\/DSC_0321-okok-1536x864.webp 1536w, https:\/\/frw-pcdr.be\/manhay\/wp-content\/uploads\/ER5\/Manhay\/Img\/sites\/46\/DSC_0321-okok-2048x1152.webp 2048w\" sizes=\"auto, (max-width: 1024px) 100vw, 1024px\" \/><\/figure>\n\n\n\n<figure class=\"wp-block-image size-large\"><img loading=\"lazy\" decoding=\"async\" width=\"1024\" height=\"576\" data-id=\"1082\" src=\"https:\/\/frw-pcdr.be\/manhay\/wp-content\/uploads\/ER5\/Manhay\/Img\/sites\/46\/DSC_0322-okok-1024x576.webp\" alt=\"\" class=\"wp-image-1082\" srcset=\"https:\/\/frw-pcdr.be\/manhay\/wp-content\/uploads\/ER5\/Manhay\/Img\/sites\/46\/DSC_0322-okok-1024x576.webp 1024w, https:\/\/frw-pcdr.be\/manhay\/wp-content\/uploads\/ER5\/Manhay\/Img\/sites\/46\/DSC_0322-okok-300x169.webp 300w, https:\/\/frw-pcdr.be\/manhay\/wp-content\/uploads\/ER5\/Manhay\/Img\/sites\/46\/DSC_0322-okok-768x432.webp 768w, https:\/\/frw-pcdr.be\/manhay\/wp-content\/uploads\/ER5\/Manhay\/Img\/sites\/46\/DSC_0322-okok-1536x864.webp 1536w, https:\/\/frw-pcdr.be\/manhay\/wp-content\/uploads\/ER5\/Manhay\/Img\/sites\/46\/DSC_0322-okok-2048x1152.webp 2048w\" sizes=\"auto, (max-width: 1024px) 100vw, 1024px\" \/><\/figure>\n\n\n\n<figure class=\"wp-block-image size-large\"><img loading=\"lazy\" decoding=\"async\" width=\"1024\" height=\"576\" data-id=\"1086\" src=\"https:\/\/frw-pcdr.be\/manhay\/wp-content\/uploads\/ER5\/Manhay\/Img\/sites\/46\/DSC_0339-okok-1024x576.webp\" alt=\"\" class=\"wp-image-1086\" srcset=\"https:\/\/frw-pcdr.be\/manhay\/wp-content\/uploads\/ER5\/Manhay\/Img\/sites\/46\/DSC_0339-okok-1024x576.webp 1024w, https:\/\/frw-pcdr.be\/manhay\/wp-content\/uploads\/ER5\/Manhay\/Img\/sites\/46\/DSC_0339-okok-300x169.webp 300w, https:\/\/frw-pcdr.be\/manhay\/wp-content\/uploads\/ER5\/Manhay\/Img\/sites\/46\/DSC_0339-okok-768x432.webp 768w, https:\/\/frw-pcdr.be\/manhay\/wp-content\/uploads\/ER5\/Manhay\/Img\/sites\/46\/DSC_0339-okok-1536x864.webp 1536w, https:\/\/frw-pcdr.be\/manhay\/wp-content\/uploads\/ER5\/Manhay\/Img\/sites\/46\/DSC_0339-okok-2048x1152.webp 2048w\" sizes=\"auto, (max-width: 1024px) 100vw, 1024px\" \/><\/figure>\n\n\n\n<figure class=\"wp-block-image size-large\"><img loading=\"lazy\" decoding=\"async\" width=\"1024\" height=\"576\" data-id=\"1085\" src=\"https:\/\/frw-pcdr.be\/manhay\/wp-content\/uploads\/ER5\/Manhay\/Img\/sites\/46\/DSC_0340-okok-1024x576.webp\" alt=\"\" class=\"wp-image-1085\" srcset=\"https:\/\/frw-pcdr.be\/manhay\/wp-content\/uploads\/ER5\/Manhay\/Img\/sites\/46\/DSC_0340-okok-1024x576.webp 1024w, https:\/\/frw-pcdr.be\/manhay\/wp-content\/uploads\/ER5\/Manhay\/Img\/sites\/46\/DSC_0340-okok-300x169.webp 300w, https:\/\/frw-pcdr.be\/manhay\/wp-content\/uploads\/ER5\/Manhay\/Img\/sites\/46\/DSC_0340-okok-768x432.webp 768w, https:\/\/frw-pcdr.be\/manhay\/wp-content\/uploads\/ER5\/Manhay\/Img\/sites\/46\/DSC_0340-okok-1536x864.webp 1536w, https:\/\/frw-pcdr.be\/manhay\/wp-content\/uploads\/ER5\/Manhay\/Img\/sites\/46\/DSC_0340-okok-2048x1152.webp 2048w\" sizes=\"auto, (max-width: 1024px) 100vw, 1024px\" \/><\/figure>\n\n\n\n<figure class=\"wp-block-image size-large\"><img loading=\"lazy\" decoding=\"async\" width=\"1024\" height=\"576\" data-id=\"1088\" src=\"https:\/\/frw-pcdr.be\/manhay\/wp-content\/uploads\/ER5\/Manhay\/Img\/sites\/46\/DSC_0344-okok-1024x576.webp\" alt=\"\" class=\"wp-image-1088\" srcset=\"https:\/\/frw-pcdr.be\/manhay\/wp-content\/uploads\/ER5\/Manhay\/Img\/sites\/46\/DSC_0344-okok-1024x576.webp 1024w, https:\/\/frw-pcdr.be\/manhay\/wp-content\/uploads\/ER5\/Manhay\/Img\/sites\/46\/DSC_0344-okok-300x169.webp 300w, https:\/\/frw-pcdr.be\/manhay\/wp-content\/uploads\/ER5\/Manhay\/Img\/sites\/46\/DSC_0344-okok-768x432.webp 768w, https:\/\/frw-pcdr.be\/manhay\/wp-content\/uploads\/ER5\/Manhay\/Img\/sites\/46\/DSC_0344-okok-1536x864.webp 1536w, https:\/\/frw-pcdr.be\/manhay\/wp-content\/uploads\/ER5\/Manhay\/Img\/sites\/46\/DSC_0344-okok-2048x1152.webp 2048w\" sizes=\"auto, (max-width: 1024px) 100vw, 1024px\" \/><\/figure>\n\n\n\n<figure class=\"wp-block-image size-large\"><img loading=\"lazy\" decoding=\"async\" width=\"1024\" height=\"576\" data-id=\"1087\" src=\"https:\/\/frw-pcdr.be\/manhay\/wp-content\/uploads\/ER5\/Manhay\/Img\/sites\/46\/DSC_0345-okok-1024x576.webp\" alt=\"\" class=\"wp-image-1087\" srcset=\"https:\/\/frw-pcdr.be\/manhay\/wp-content\/uploads\/ER5\/Manhay\/Img\/sites\/46\/DSC_0345-okok-1024x576.webp 1024w, https:\/\/frw-pcdr.be\/manhay\/wp-content\/uploads\/ER5\/Manhay\/Img\/sites\/46\/DSC_0345-okok-300x169.webp 300w, https:\/\/frw-pcdr.be\/manhay\/wp-content\/uploads\/ER5\/Manhay\/Img\/sites\/46\/DSC_0345-okok-768x432.webp 768w, https:\/\/frw-pcdr.be\/manhay\/wp-content\/uploads\/ER5\/Manhay\/Img\/sites\/46\/DSC_0345-okok-1536x864.webp 1536w, https:\/\/frw-pcdr.be\/manhay\/wp-content\/uploads\/ER5\/Manhay\/Img\/sites\/46\/DSC_0345-okok-2048x1152.webp 2048w\" sizes=\"auto, (max-width: 1024px) 100vw, 1024px\" \/><\/figure>\n<\/figure>\n<\/div>\n\n\n\n<div class=\"wp-block-column is-layout-flow wp-block-column-is-layout-flow\" style=\"padding-left:0\">\n<h2 class=\"wp-block-heading has-ast-global-color-3-color has-text-color has-link-color wp-elements-4a2470129708d372b4ff2cf2099e3c6b\" style=\"padding-top:var(--wp--preset--spacing--40);padding-right:1.5vh;padding-left:1.5vh\">Inauguration des 5 logements interg\u00e9n\u00e9rationnels<\/h2>\n\n\n\n<h6 class=\"wp-block-heading has-ast-global-color-3-color has-text-color has-link-color wp-elements-13cb9cea29d95ffb9e55960af1d11f4d\" style=\"padding-right:1.5vh;padding-left:1.5vh\">25 novembre 2025<\/h6>\n\n\n\n<hr class=\"wp-block-separator has-text-color has-ast-global-color-1-color has-alpha-channel-opacity has-ast-global-color-1-background-color has-background is-style-wide\" \/>\n\n\n\n<p class=\"has-ast-global-color-3-color has-text-color has-link-color wp-elements-2e1ce299109e84ad0b4e3739ff7ace77\" style=\"padding-right:1.5vh;padding-left:1.5vh\">Samedi 23 novembre 2025, les 5 logements interg\u00e9n\u00e9rationnels construits dans le cadre de l&rsquo;Op\u00e9ration de D\u00e9veloppement Rural ont \u00e9t\u00e9 inaugur\u00e9s en pr\u00e9sence du Coll\u00e8ge, du repr\u00e9sentant de la Ministre et de nombreux habitants, impliqu\u00e9s ou non dans la Commission de D\u00e9veloppement Rural.<\/p>\n<\/div>\n<\/div>\n<\/div>\n\n\n\n<div style=\"height:40px\" aria-hidden=\"true\" class=\"wp-block-spacer\"><\/div>\n\n\n\n<div style=\"height:40px\" aria-hidden=\"true\" class=\"wp-block-spacer\"><\/div>\n","protected":false},"excerpt":{"rendered":"<p>ACTUALIT\u00c9S Les derni\u00e8res infos relatives au PCDR de votre commune Projets en cours, inaugurations, r\u00e9unions&#8230; Nouveaux site et adresse de [&hellip;]<\/p>\n","protected":false},"author":1,"featured_media":1049,"parent":0,"menu_order":1,"comment_status":"closed","ping_status":"closed","template":"","meta":{"site-sidebar-layout":"default","site-content-layout":"","ast-site-content-layout":"default","site-content-style":"default","site-sidebar-style":"default","ast-global-header-display":"","ast-banner-title-visibility":"","ast-main-header-display":"","ast-hfb-above-header-display":"","ast-hfb-below-header-display":"","ast-hfb-mobile-header-display":"","site-post-title":"disabled","ast-breadcrumbs-content":"","ast-featured-img":"disabled","footer-sml-layout":"","ast-disable-related-posts":"","theme-transparent-header-meta":"","adv-header-id-meta":"","stick-header-meta":"","header-above-stick-meta":"","header-main-stick-meta":"","header-below-stick-meta":"","astra-migrate-meta-layouts":"default","ast-page-background-enabled":"default","ast-page-background-meta":{"desktop":{"background-color":"var(--ast-global-color-5)","background-image":"","background-repeat":"repeat","background-position":"center center","background-size":"auto","background-attachment":"scroll","background-type":"","background-media":"","overlay-type":"","overlay-color":"","overlay-opacity":"","overlay-gradient":""},"tablet":{"background-color":"","background-image":"","background-repeat":"repeat","background-position":"center center","background-size":"auto","background-attachment":"scroll","background-type":"","background-media":"","overlay-type":"","overlay-color":"","overlay-opacity":"","overlay-gradient":""},"mobile":{"background-color":"","background-image":"","background-repeat":"repeat","background-position":"center center","background-size":"auto","background-attachment":"scroll","background-type":"","background-media":"","overlay-type":"","overlay-color":"","overlay-opacity":"","overlay-gradient":""}},"ast-content-background-meta":{"desktop":{"background-color":"var(--ast-global-color-4)","background-image":"","background-repeat":"repeat","background-position":"center center","background-size":"auto","background-attachment":"scroll","background-type":"","background-media":"","overlay-type":"","overlay-color":"","overlay-opacity":"","overlay-gradient":""},"tablet":{"background-color":"var(--ast-global-color-4)","background-image":"","background-repeat":"repeat","background-position":"center center","background-size":"auto","background-attachment":"scroll","background-type":"","background-media":"","overlay-type":"","overlay-color":"","overlay-opacity":"","overlay-gradient":""},"mobile":{"background-color":"var(--ast-global-color-4)","background-image":"","background-repeat":"repeat","background-position":"center center","background-size":"auto","background-attachment":"scroll","background-type":"","background-media":"","overlay-type":"","overlay-color":"","overlay-opacity":"","overlay-gradient":""}},"footnotes":""},"class_list":["post-330","page","type-page","status-publish","has-post-thumbnail","hentry"],"_links":{"self":[{"href":"https:\/\/frw-pcdr.be\/manhay\/wp-json\/wp\/v2\/pages\/330","targetHints":{"allow":["GET"]}}],"collection":[{"href":"https:\/\/frw-pcdr.be\/manhay\/wp-json\/wp\/v2\/pages"}],"about":[{"href":"https:\/\/frw-pcdr.be\/manhay\/wp-json\/wp\/v2\/types\/page"}],"author":[{"embeddable":true,"href":"https:\/\/frw-pcdr.be\/manhay\/wp-json\/wp\/v2\/users\/1"}],"replies":[{"embeddable":true,"href":"https:\/\/frw-pcdr.be\/manhay\/wp-json\/wp\/v2\/comments?post=330"}],"version-history":[{"count":3,"href":"https:\/\/frw-pcdr.be\/manhay\/wp-json\/wp\/v2\/pages\/330\/revisions"}],"predecessor-version":[{"id":1091,"href":"https:\/\/frw-pcdr.be\/manhay\/wp-json\/wp\/v2\/pages\/330\/revisions\/1091"}],"wp:featuredmedia":[{"embeddable":true,"href":"https:\/\/frw-pcdr.be\/manhay\/wp-json\/wp\/v2\/media\/1049"}],"wp:attachment":[{"href":"https:\/\/frw-pcdr.be\/manhay\/wp-json\/wp\/v2\/media?parent=330"}],"curies":[{"name":"wp","href":"https:\/\/api.w.org\/{rel}","templated":true}]}}