{"id":776,"date":"2026-01-23T10:37:22","date_gmt":"2026-01-23T09:37:22","guid":{"rendered":"https:\/\/frw-pcdr.be\/onhaye\/?page_id=776"},"modified":"2026-01-23T11:39:16","modified_gmt":"2026-01-23T10:39:16","slug":"les-realisations","status":"publish","type":"page","link":"https:\/\/frw-pcdr.be\/leglise\/les-realisations\/","title":{"rendered":"Les r\u00e9alisations"},"content":{"rendered":"\n<div class=\"wp-block-group alignfull has-background is-layout-constrained wp-container-core-group-is-layout-31881a4c wp-block-group-is-layout-constrained\" style=\"background:linear-gradient(181deg,rgb(68,85,79) 0%,rgb(111,148,135) 100%);padding-top:3rem;padding-right:3vw;padding-bottom:3rem;padding-left:3vw\">\n<div style=\"height:30px\" aria-hidden=\"true\" class=\"wp-block-spacer\"><\/div>\n\n\n\n<p class=\"has-text-align-center has-ast-global-color-3-color has-text-color has-link-color wp-elements-bce06a069686b31a7d2a873d40e76fff\" style=\"margin-top:0;margin-bottom:0.5vw;padding-top:0;padding-right:3vh;padding-bottom:0;padding-left:3vh\">Le PCDR de votre commune est actuellement en cours d\u2019\u00e9laboration.<\/p>\n\n\n\n<p class=\"has-text-align-center has-ast-global-color-3-color has-text-color has-link-color wp-elements-e6bf18521f821837eb21e64f6638ea46\" style=\"margin-top:0;margin-bottom:0.5vw;padding-top:0;padding-right:3vh;padding-bottom:0;padding-left:3vh\">Apr\u00e8s son approbation, vous pourrez d\u00e9couvrir ici les projets en cours ou d\u00e9j\u00e0 r\u00e9alis\u00e9s dans votre commune.<\/p>\n\n\n\n<p class=\"has-text-align-center has-ast-global-color-3-color has-text-color has-link-color wp-elements-1eeb07a5584bcec7f34b56539f1afa14\" style=\"margin-top:0;margin-bottom:0.5vw;padding-top:0;padding-right:3vh;padding-bottom:0;padding-left:3vh\">En attendant, rendez-vous sur la page <strong><a href=\"https:\/\/frw-pcdr.be\/leglise\/comment-participer\/\" data-type=\"page\" data-id=\"11\">Comment participer ?<\/a> <\/strong>pour en savoir plus sur le processus en cours et d\u00e9couvrir comment vous y impliquer.<\/p>\n\n\n\n<div style=\"height:30px\" aria-hidden=\"true\" class=\"wp-block-spacer\"><\/div>\n<\/div>\n\n\n\n<div style=\"height:100px\" aria-hidden=\"true\" class=\"wp-block-spacer\"><\/div>\n\n\n\n<p class=\"has-text-align-center has-black-color has-text-color has-link-color wp-elements-66b25a1b98db56b84343d1222faac351\" style=\"padding-left:2vw\"><strong>Envie de d\u00e9couvrir d\u2019autres projets et mesurer l\u2019\u00e9tendue des champs d\u2019action du d\u00e9veloppement rural ? Rendez-vous sur\u2026<\/strong><\/p>\n\n\n\n<div class=\"wp-block-buttons is-content-justification-center is-layout-flex wp-container-core-buttons-is-layout-adf4db63 wp-block-buttons-is-layout-flex\" style=\"padding-top:0;padding-bottom:0\">\n<div class=\"wp-block-button\"><a class=\"wp-block-button__link wp-element-button\" href=\"https:\/\/www.frw.be\/des-projets-pour\/\" target=\"_blank\" rel=\"noreferrer noopener\">FRW &#8211; Nos missions<\/a><\/div>\n<\/div>\n","protected":false},"excerpt":{"rendered":"<p>Le PCDR de votre commune est actuellement en cours d\u2019\u00e9laboration. Apr\u00e8s son approbation, vous pourrez d\u00e9couvrir ici les projets en [&hellip;]<\/p>\n","protected":false},"author":1,"featured_media":1051,"parent":0,"menu_order":0,"comment_status":"closed","ping_status":"closed","template":"","meta":{"site-sidebar-layout":"default","site-content-layout":"","ast-site-content-layout":"default","site-content-style":"default","site-sidebar-style":"default","ast-global-header-display":"","ast-banner-title-visibility":"","ast-main-header-display":"","ast-hfb-above-header-display":"","ast-hfb-below-header-display":"","ast-hfb-mobile-header-display":"","site-post-title":"disabled","ast-breadcrumbs-content":"","ast-featured-img":"disabled","footer-sml-layout":"","ast-disable-related-posts":"","theme-transparent-header-meta":"","adv-header-id-meta":"","stick-header-meta":"","header-above-stick-meta":"","header-main-stick-meta":"","header-below-stick-meta":"","astra-migrate-meta-layouts":"default","ast-page-background-enabled":"default","ast-page-background-meta":{"desktop":{"background-color":"var(--ast-global-color-5)","background-image":"","background-repeat":"repeat","background-position":"center center","background-size":"auto","background-attachment":"scroll","background-type":"","background-media":"","overlay-type":"","overlay-color":"","overlay-opacity":"","overlay-gradient":""},"tablet":{"background-color":"","background-image":"","background-repeat":"repeat","background-position":"center center","background-size":"auto","background-attachment":"scroll","background-type":"","background-media":"","overlay-type":"","overlay-color":"","overlay-opacity":"","overlay-gradient":""},"mobile":{"background-color":"","background-image":"","background-repeat":"repeat","background-position":"center center","background-size":"auto","background-attachment":"scroll","background-type":"","background-media":"","overlay-type":"","overlay-color":"","overlay-opacity":"","overlay-gradient":""}},"ast-content-background-meta":{"desktop":{"background-color":"var(--ast-global-color-4)","background-image":"","background-repeat":"repeat","background-position":"center center","background-size":"auto","background-attachment":"scroll","background-type":"","background-media":"","overlay-type":"","overlay-color":"","overlay-opacity":"","overlay-gradient":""},"tablet":{"background-color":"var(--ast-global-color-4)","background-image":"","background-repeat":"repeat","background-position":"center center","background-size":"auto","background-attachment":"scroll","background-type":"","background-media":"","overlay-type":"","overlay-color":"","overlay-opacity":"","overlay-gradient":""},"mobile":{"background-color":"var(--ast-global-color-4)","background-image":"","background-repeat":"repeat","background-position":"center center","background-size":"auto","background-attachment":"scroll","background-type":"","background-media":"","overlay-type":"","overlay-color":"","overlay-opacity":"","overlay-gradient":""}},"footnotes":""},"class_list":["post-776","page","type-page","status-publish","has-post-thumbnail","hentry"],"_links":{"self":[{"href":"https:\/\/frw-pcdr.be\/leglise\/wp-json\/wp\/v2\/pages\/776","targetHints":{"allow":["GET"]}}],"collection":[{"href":"https:\/\/frw-pcdr.be\/leglise\/wp-json\/wp\/v2\/pages"}],"about":[{"href":"https:\/\/frw-pcdr.be\/leglise\/wp-json\/wp\/v2\/types\/page"}],"author":[{"embeddable":true,"href":"https:\/\/frw-pcdr.be\/leglise\/wp-json\/wp\/v2\/users\/1"}],"replies":[{"embeddable":true,"href":"https:\/\/frw-pcdr.be\/leglise\/wp-json\/wp\/v2\/comments?post=776"}],"version-history":[{"count":2,"href":"https:\/\/frw-pcdr.be\/leglise\/wp-json\/wp\/v2\/pages\/776\/revisions"}],"predecessor-version":[{"id":1083,"href":"https:\/\/frw-pcdr.be\/leglise\/wp-json\/wp\/v2\/pages\/776\/revisions\/1083"}],"wp:featuredmedia":[{"embeddable":true,"href":"https:\/\/frw-pcdr.be\/leglise\/wp-json\/wp\/v2\/media\/1051"}],"wp:attachment":[{"href":"https:\/\/frw-pcdr.be\/leglise\/wp-json\/wp\/v2\/media?parent=776"}],"curies":[{"name":"wp","href":"https:\/\/api.w.org\/{rel}","templated":true}]}}