{"id":9,"date":"2025-10-21T17:16:36","date_gmt":"2025-10-21T15:16:36","guid":{"rendered":"https:\/\/frw-pcdr.be\/onhaye\/?page_id=9"},"modified":"2026-04-09T11:23:45","modified_gmt":"2026-04-09T09:23:45","slug":"les-realisations","status":"publish","type":"page","link":"https:\/\/frw-pcdr.be\/hannut\/les-realisations\/","title":{"rendered":"Les r\u00e9alisations"},"content":{"rendered":"\n<div class=\"wp-block-group alignfull has-ast-global-color-3-background-color has-background is-layout-constrained wp-container-core-group-is-layout-c7ccc7fa wp-block-group-is-layout-constrained\" style=\"margin-top:0;margin-bottom:0;padding-top:var(--wp--preset--spacing--60);padding-right:3vw;padding-bottom:var(--wp--preset--spacing--50);padding-left:3vw\">\n<h1 class=\"wp-block-heading has-ast-global-color-0-color has-text-color has-link-color wp-elements-14a7137f7fcb5b615cd65c93dd7455c9\" style=\"padding-top:0;padding-right:1.5vh;padding-bottom:0;padding-left:1.5vh;font-size:3.5vh;letter-spacing:0px\">En cours<\/h1>\n\n\n\n<hr class=\"wp-block-separator has-text-color has-ast-global-color-1-color has-alpha-channel-opacity has-ast-global-color-1-background-color has-background is-style-wide\"\/>\n\n\n\n<div class=\"wp-block-columns is-layout-flex wp-container-core-columns-is-layout-a531a0f7 wp-block-columns-is-layout-flex\" style=\"padding-right:0;padding-left:0\">\n<div class=\"wp-block-column is-layout-flow wp-block-column-is-layout-flow\">\n<h2 class=\"wp-block-heading\" style=\"margin-right:1.5vh;margin-left:1.5vh\">Liaison cyclable Hannut-Wasseiges<\/h2>\n\n\n\n<p style=\"margin-top:0.5rem;margin-right:1.5vh;margin-bottom:0.5rem;margin-left:1.5vh\">\u200bLa commune de Hannut a pour projet de r\u00e9aliser une liaison cyclable vers Wasseiges, une fiche-projet relative \u00e0 une connexion modes doux est reprise dans son PCDR.<\/p>\n\n\n\n<p style=\"margin-top:0.5rem;margin-right:1.5vh;margin-bottom:0.5rem;margin-left:1.5vh\">C\u2019est pourquoi&nbsp;des \u00e9changes entre les deux communes ont eu lieu d\u00e8s lors que la r\u00e9flexion pour une liaison Hannut-centre vers Merdorp a d\u00e9but\u00e9. L\u2019opportunit\u00e9 \u00e9tait alors donn\u00e9e de pouvoir poursuivre cette liaison vers Wasseiges.<\/p>\n\n\n\n<div class=\"wp-block-buttons is-content-justification-left is-layout-flex wp-container-core-buttons-is-layout-4395d7bd wp-block-buttons-is-layout-flex\" style=\"padding-right:1.5vh;padding-left:1.5vh\">\n<div class=\"wp-block-button\"><a class=\"wp-block-button__link wp-element-button\" href=\"https:\/\/frw-pcdr.be\/hannut\/wp-content\/uploads\/ER2b\/Hannut\/Doc\/Realisations\/HANNUT_FP1_3_Liaison_cyclable.pdf\" target=\"_blank\" rel=\"noreferrer noopener\">Fiche-projet actualis\u00e9e<\/a><\/div>\n<\/div>\n\n\n\n<figure class=\"wp-block-image alignleft size-full\" style=\"margin-right:1.5vh;margin-left:1.5vh\"><img loading=\"lazy\" decoding=\"async\" width=\"635\" height=\"490\" src=\"https:\/\/frw-pcdr.be\/hannut\/wp-content\/uploads\/ER2b\/Hannut\/Img\/sites\/8\/liaison-vers-hannut_orig.jpg\" alt=\"\" class=\"wp-image-1047\" style=\"aspect-ratio:16\/9;object-fit:cover\" srcset=\"https:\/\/frw-pcdr.be\/hannut\/wp-content\/uploads\/ER2b\/Hannut\/Img\/sites\/8\/liaison-vers-hannut_orig.jpg 635w, https:\/\/frw-pcdr.be\/hannut\/wp-content\/uploads\/ER2b\/Hannut\/Img\/sites\/8\/liaison-vers-hannut_orig-300x231.jpg 300w\" sizes=\"auto, (max-width: 635px) 100vw, 635px\" \/><\/figure>\n<\/div>\n\n\n\n<div class=\"wp-block-column is-layout-flow wp-block-column-is-layout-flow\">\n<h2 class=\"wp-block-heading\" style=\"margin-right:1.5vh;margin-left:1.5vh\">Am\u00e9nagement d&rsquo;une maison rurale et d&rsquo;un logement \u00e0 loyer mod\u00e9r\u00e9 \u00e0 Abolens<\/h2>\n\n\n\n<p style=\"margin-top:0.5rem;margin-right:1.5vh;margin-bottom:0.5rem;margin-left:1.5vh\">Ce projet consiste \u00e0 r\u00e9am\u00e9nager l\u2019ancienne \u00e9cole d\u2019Abolens actuellement occup\u00e9e par la Chapelle Saint-Maurice en Maison rurale (rez-de-chauss\u00e9e) et en logement \u00e0 loyer mod\u00e9r\u00e9 (\u00e9tages).<\/p>\n\n\n\n<div class=\"wp-block-buttons is-content-justification-left is-layout-flex wp-container-core-buttons-is-layout-4395d7bd wp-block-buttons-is-layout-flex\" style=\"padding-right:1.5vh;padding-left:1.5vh\">\n<div class=\"wp-block-button\"><a class=\"wp-block-button__link wp-element-button\" href=\"https:\/\/frw-pcdr.be\/hannut\/wp-content\/uploads\/ER2b\/Hannut\/Doc\/Realisations\/Hannut_FP313_MR_Abolens_version_actualisee02.pdf\" target=\"_blank\" rel=\"noreferrer noopener\">Fiche-projet actualis\u00e9e<\/a><\/div>\n<\/div>\n\n\n\n<figure class=\"wp-block-image alignleft size-large\" style=\"margin-right:1.5vh;margin-left:1.5vh\"><img loading=\"lazy\" decoding=\"async\" width=\"1024\" height=\"683\" src=\"https:\/\/frw-pcdr.be\/hannut\/wp-content\/uploads\/ER2b\/Hannut\/Img\/sites\/8\/HANNUT-2024-05-Moxhe-1024x683.jpg\" alt=\"\" class=\"wp-image-1049\" style=\"aspect-ratio:16\/9;object-fit:cover\" srcset=\"https:\/\/frw-pcdr.be\/hannut\/wp-content\/uploads\/ER2b\/Hannut\/Img\/sites\/8\/HANNUT-2024-05-Moxhe-1024x683.jpg 1024w, https:\/\/frw-pcdr.be\/hannut\/wp-content\/uploads\/ER2b\/Hannut\/Img\/sites\/8\/HANNUT-2024-05-Moxhe-300x200.jpg 300w, https:\/\/frw-pcdr.be\/hannut\/wp-content\/uploads\/ER2b\/Hannut\/Img\/sites\/8\/HANNUT-2024-05-Moxhe-768x512.jpg 768w, https:\/\/frw-pcdr.be\/hannut\/wp-content\/uploads\/ER2b\/Hannut\/Img\/sites\/8\/HANNUT-2024-05-Moxhe.jpg 1200w\" sizes=\"auto, (max-width: 1024px) 100vw, 1024px\" \/><\/figure>\n<\/div>\n\n\n\n<div class=\"wp-block-column is-layout-flow wp-block-column-is-layout-flow\" style=\"padding-right:0;padding-left:0\">\n<h2 class=\"wp-block-heading has-text-align-left\" style=\"margin-right:1.5vh;margin-left:1.5vh\">Mais aussi&#8230;<\/h2>\n\n\n\n<p style=\"margin-top:0.5rem;margin-right:1.5vh;margin-bottom:0.5rem;margin-left:1.5vh\">Tous les autres projets en cours sont \u00e0 d\u00e9couvrir dans le rapport annuel.<\/p>\n\n\n\n<div class=\"wp-block-buttons is-content-justification-left is-layout-flex wp-container-core-buttons-is-layout-4395d7bd wp-block-buttons-is-layout-flex\" style=\"padding-right:1.5vh;padding-left:1.5vh\">\n<div class=\"wp-block-button\"><a class=\"wp-block-button__link wp-element-button\" href=\"https:\/\/frw-pcdr.be\/hannut\/wp-content\/uploads\/ER2b\/Hannut\/Doc\/Realisations\/Hannut-260303_ODR-ppt.pdf\" target=\"_blank\" rel=\"noreferrer noopener\">Rapport annuel 2025 &#8211; Pr\u00e9sentation<\/a><\/div>\n<\/div>\n\n\n<\/div>\n<\/div>\n\n\n\n<div style=\"height:20px\" aria-hidden=\"true\" class=\"wp-block-spacer\"><\/div>\n<\/div>\n\n\n\n<div class=\"wp-block-group alignfull has-background is-layout-constrained wp-container-core-group-is-layout-b1a27b7e wp-block-group-is-layout-constrained\" style=\"background:linear-gradient(181deg,rgb(68,85,79) 0%,rgb(111,148,135) 100%);padding-top:var(--wp--preset--spacing--60);padding-right:3vw;padding-bottom:var(--wp--preset--spacing--50);padding-left:3vw\">\n<h1 class=\"wp-block-heading has-ast-global-color-3-color has-text-color has-link-color wp-elements-007cadb0cffd688496fe49ffde4a8e37\" style=\"padding-top:0;padding-right:1.5vh;padding-bottom:0;padding-left:1.5vh;font-size:3.5vh;letter-spacing:0px\">Termin\u00e9es<\/h1>\n\n\n\n<hr class=\"wp-block-separator has-text-color has-ast-global-color-1-color has-alpha-channel-opacity has-ast-global-color-1-background-color has-background is-style-wide\"\/>\n\n\n\n<div class=\"wp-block-columns is-layout-flex wp-container-core-columns-is-layout-a531a0f7 wp-block-columns-is-layout-flex\" style=\"padding-right:0;padding-left:0\">\n<div class=\"wp-block-column is-layout-flow wp-block-column-is-layout-flow\">\n<h2 class=\"wp-block-heading has-ast-global-color-3-color has-text-color has-link-color wp-elements-83afdb093042a346b0d4ce236da7cf60\" style=\"margin-top:0;margin-right:1.5vh;margin-bottom:0;margin-left:1.5vh\">R\u00e9serve naturelle des 7 fontaines<\/h2>\n\n\n\n<p class=\"has-ast-global-color-3-color has-text-color has-link-color wp-elements-d3c68d55a5de135f464dfbd70db7c8ca\" style=\"margin-top:0.5rem;margin-right:1.5vh;margin-bottom:0.5rem;margin-left:1.5vh\">V\u00e9ritable refuge pour la biodiversit\u00e9, le site de Grand Int\u00e9r\u00eat Biologique des Sept Fontaines a b\u00e9n\u00e9fici\u00e9 de travaux de restauration \u00e9cologique avec pour objectif de restaurer des habitats propices \u00e0 la faune et la flore, et de prot\u00e9ger le site par un statut de R\u00e9serve naturelle agr\u00e9\u00e9e, g\u00e9r\u00e9 par Natagora.<\/p>\n\n\n\n<p class=\"has-ast-global-color-3-color has-text-color has-link-color wp-elements-1a213ba7e62ddb160b93ea3b13e89279\" style=\"margin-top:0.5rem;margin-right:1.5vh;margin-bottom:0.5rem;margin-left:1.5vh\"><mark style=\"color:#ffffff\" class=\"has-inline-color\">Parmi les travaux r\u00e9alis\u00e9s, on peut compter la cr\u00e9ation de 16 mares et 3 \u00e9tangs (pour batraciens), la restauration de prairies de fauche, la plantation de haies, d\u2019un verger et de cordons rivulaires, la pose de panneaux didactiques\u2026<\/mark><\/p>\n\n\n\n<p class=\"has-ast-global-color-3-color has-text-color has-link-color wp-elements-cefbf6c5684eb9f9e98b35ca0a709746\" style=\"margin-top:0.5rem;margin-right:1.5vh;margin-bottom:0.5rem;margin-left:1.5vh\"><mark style=\"color:#ffffff\" class=\"has-inline-color\">Ce projet est \u00e9galement issu du PCDR de Hannut et a notamment pu \u00eatre mis en \u0153uvre gr\u00e2ce aux subsides re\u00e7us dans le cadre du Programme wallon de D\u00e9veloppement rural (PwDR \u2013 mesure 7.6)<\/mark><\/p>\n\n\n\n<figure class=\"wp-block-image alignleft size-full is-resized\" style=\"margin-right:1.5vh;margin-left:1.5vh\"><img loading=\"lazy\" decoding=\"async\" width=\"412\" height=\"309\" src=\"http:\/\/frw-pcdr.be\/hannut\/wp-content\/uploads\/ER2b\/Hannut\/Img\/sites\/8\/HANNUT-2025-03-24-7-fontaines-2.jpg\" alt=\"\" class=\"wp-image-1006\" style=\"aspect-ratio:1.7777777777777777;object-fit:cover;width:473px;height:auto\" srcset=\"https:\/\/frw-pcdr.be\/hannut\/wp-content\/uploads\/ER2b\/Hannut\/Img\/sites\/8\/HANNUT-2025-03-24-7-fontaines-2.jpg 412w, https:\/\/frw-pcdr.be\/hannut\/wp-content\/uploads\/ER2b\/Hannut\/Img\/sites\/8\/HANNUT-2025-03-24-7-fontaines-2-300x225.jpg 300w\" sizes=\"auto, (max-width: 412px) 100vw, 412px\" \/><\/figure>\n<\/div>\n\n\n\n<div class=\"wp-block-column is-layout-flow wp-block-column-is-layout-flow\">\n<h2 class=\"wp-block-heading has-ast-global-color-3-color has-text-color has-link-color wp-elements-bd682c764332d6586eef6f143b94b49a\" style=\"margin-right:1.5vh;margin-left:1.5vh\">La Grange \u00e0 Moxhe<\/h2>\n\n\n\n<p style=\"margin-top:0.5rem;margin-right:1.5vh;margin-bottom:0.5rem;margin-left:1.5vh\"><strong><mark style=\"color:#ffffff\" class=\"has-inline-color\">Une salle moderne, chaleureuse et adapt\u00e9e \u00e0 tous les usages, elle propose :<\/mark><\/strong><\/p>\n\n\n\n<ul style=\"padding-right:3vh;padding-left:3vh\" class=\"wp-block-list has-ast-global-color-3-color has-text-color has-link-color wp-elements-56f8822ae757cccc57abb66054e3b389\">\n<li><mark style=\"color:#ffffff\" class=\"has-inline-color\">Une grande salle polyvalente de \u00b1 200 m\u00b2, divisible, pouvant accueillir entre 100 et 300 personnes selon les configurations<\/mark><\/li>\n\n\n\n<li><mark style=\"color:#ffffff\" class=\"has-inline-color\">Une petite salle \u201ccaf\u00e9\u201d de 45 m\u00b2, clin d\u2019\u0153il \u00e0 l\u2019ancien b\u00e2timent qui accueillait souvent les joueurs &nbsp;de cartes<\/mark><\/li>\n<\/ul>\n\n\n\n<ul class=\"wp-block-list\">\n<li><\/li>\n<\/ul>\n\n\n\n<p class=\"has-ast-global-color-3-color has-text-color has-link-color wp-elements-7a92004b9202cef08f623859eb7599d1\" style=\"margin-top:0.5rem;margin-right:1.5vh;margin-bottom:0.5rem;margin-left:1.5vh\">Un espace enti\u00e8rement remis \u00e0 neuf, pens\u00e9 pour renforcer la convivialit\u00e9 et la vie associative du village.<\/p>\n\n\n\n<figure class=\"wp-block-image alignleft size-full is-resized\" style=\"margin-right:1.5vh;margin-left:1.5vh\"><img loading=\"lazy\" decoding=\"async\" width=\"1017\" height=\"822\" src=\"http:\/\/frw-pcdr.be\/hannut\/wp-content\/uploads\/ER2b\/Hannut\/Img\/sites\/8\/HANNUT-2024-02-moxhe-AVP.jpg\" alt=\"\" class=\"wp-image-1017\" style=\"width:720px\" srcset=\"https:\/\/frw-pcdr.be\/hannut\/wp-content\/uploads\/ER2b\/Hannut\/Img\/sites\/8\/HANNUT-2024-02-moxhe-AVP.jpg 1017w, https:\/\/frw-pcdr.be\/hannut\/wp-content\/uploads\/ER2b\/Hannut\/Img\/sites\/8\/HANNUT-2024-02-moxhe-AVP-300x242.jpg 300w, https:\/\/frw-pcdr.be\/hannut\/wp-content\/uploads\/ER2b\/Hannut\/Img\/sites\/8\/HANNUT-2024-02-moxhe-AVP-768x621.jpg 768w\" sizes=\"auto, (max-width: 1017px) 100vw, 1017px\" \/><\/figure>\n<\/div>\n\n\n\n<div class=\"wp-block-column is-layout-flow wp-block-column-is-layout-flow\" style=\"padding-right:0;padding-left:0\"><\/div>\n<\/div>\n<\/div>\n\n\n\n<div style=\"height:50px\" aria-hidden=\"true\" class=\"wp-block-spacer\"><\/div>\n\n\n\n<p class=\"has-text-align-center has-ast-global-color-2-color has-text-color has-link-color wp-elements-557f917ff42630a8877ee262e7df4b06\" style=\"padding-right:3vh;padding-left:3vh\"><strong>Envie de d\u00e9couvrir d\u2019autres projets et mesurer l\u2019\u00e9tendue des champs d\u2019action du d\u00e9veloppement rural ? Rendez-vous sur&#8230;<\/strong><\/p>\n\n\n\n<div class=\"wp-block-buttons is-content-justification-center is-layout-flex wp-container-core-buttons-is-layout-a89b3969 wp-block-buttons-is-layout-flex\">\n<div class=\"wp-block-button\"><a class=\"wp-block-button__link wp-element-button\" href=\"https:\/\/www.frw.be\/des-projets-pour\/\" target=\"_blank\" rel=\"noreferrer noopener\"><strong>FRW &#8211; Des projets pour&#8230;<\/strong><\/a><\/div>\n<\/div>\n\n\n\n<div style=\"height:50px\" aria-hidden=\"true\" class=\"wp-block-spacer\"><\/div>\n","protected":false},"excerpt":{"rendered":"<p>En cours Liaison cyclable Hannut-Wasseiges \u200bLa commune de Hannut a pour projet de r\u00e9aliser une liaison cyclable vers Wasseiges, une [&hellip;]<\/p>\n","protected":false},"author":1,"featured_media":1071,"parent":0,"menu_order":3,"comment_status":"closed","ping_status":"closed","template":"","meta":{"site-sidebar-layout":"default","site-content-layout":"","ast-site-content-layout":"default","site-content-style":"default","site-sidebar-style":"default","ast-global-header-display":"","ast-banner-title-visibility":"","ast-main-header-display":"","ast-hfb-above-header-display":"","ast-hfb-below-header-display":"","ast-hfb-mobile-header-display":"","site-post-title":"disabled","ast-breadcrumbs-content":"","ast-featured-img":"disabled","footer-sml-layout":"","ast-disable-related-posts":"","theme-transparent-header-meta":"","adv-header-id-meta":"","stick-header-meta":"","header-above-stick-meta":"","header-main-stick-meta":"","header-below-stick-meta":"","astra-migrate-meta-layouts":"default","ast-page-background-enabled":"default","ast-page-background-meta":{"desktop":{"background-color":"var(--ast-global-color-5)","background-image":"","background-repeat":"repeat","background-position":"center center","background-size":"auto","background-attachment":"scroll","background-type":"","background-media":"","overlay-type":"","overlay-color":"","overlay-opacity":"","overlay-gradient":""},"tablet":{"background-color":"","background-image":"","background-repeat":"repeat","background-position":"center center","background-size":"auto","background-attachment":"scroll","background-type":"","background-media":"","overlay-type":"","overlay-color":"","overlay-opacity":"","overlay-gradient":""},"mobile":{"background-color":"","background-image":"","background-repeat":"repeat","background-position":"center center","background-size":"auto","background-attachment":"scroll","background-type":"","background-media":"","overlay-type":"","overlay-color":"","overlay-opacity":"","overlay-gradient":""}},"ast-content-background-meta":{"desktop":{"background-color":"var(--ast-global-color-4)","background-image":"","background-repeat":"repeat","background-position":"center center","background-size":"auto","background-attachment":"scroll","background-type":"","background-media":"","overlay-type":"","overlay-color":"","overlay-opacity":"","overlay-gradient":""},"tablet":{"background-color":"var(--ast-global-color-4)","background-image":"","background-repeat":"repeat","background-position":"center center","background-size":"auto","background-attachment":"scroll","background-type":"","background-media":"","overlay-type":"","overlay-color":"","overlay-opacity":"","overlay-gradient":""},"mobile":{"background-color":"var(--ast-global-color-4)","background-image":"","background-repeat":"repeat","background-position":"center center","background-size":"auto","background-attachment":"scroll","background-type":"","background-media":"","overlay-type":"","overlay-color":"","overlay-opacity":"","overlay-gradient":""}},"footnotes":""},"class_list":["post-9","page","type-page","status-publish","has-post-thumbnail","hentry"],"_links":{"self":[{"href":"https:\/\/frw-pcdr.be\/hannut\/wp-json\/wp\/v2\/pages\/9","targetHints":{"allow":["GET"]}}],"collection":[{"href":"https:\/\/frw-pcdr.be\/hannut\/wp-json\/wp\/v2\/pages"}],"about":[{"href":"https:\/\/frw-pcdr.be\/hannut\/wp-json\/wp\/v2\/types\/page"}],"author":[{"embeddable":true,"href":"https:\/\/frw-pcdr.be\/hannut\/wp-json\/wp\/v2\/users\/1"}],"replies":[{"embeddable":true,"href":"https:\/\/frw-pcdr.be\/hannut\/wp-json\/wp\/v2\/comments?post=9"}],"version-history":[{"count":28,"href":"https:\/\/frw-pcdr.be\/hannut\/wp-json\/wp\/v2\/pages\/9\/revisions"}],"predecessor-version":[{"id":1178,"href":"https:\/\/frw-pcdr.be\/hannut\/wp-json\/wp\/v2\/pages\/9\/revisions\/1178"}],"wp:featuredmedia":[{"embeddable":true,"href":"https:\/\/frw-pcdr.be\/hannut\/wp-json\/wp\/v2\/media\/1071"}],"wp:attachment":[{"href":"https:\/\/frw-pcdr.be\/hannut\/wp-json\/wp\/v2\/media?parent=9"}],"curies":[{"name":"wp","href":"https:\/\/api.w.org\/{rel}","templated":true}]}}