{"id":330,"date":"2025-10-29T10:49:31","date_gmt":"2025-10-29T09:49:31","guid":{"rendered":"https:\/\/frw-pcdr.be\/onhaye\/?page_id=330"},"modified":"2026-04-01T11:10:43","modified_gmt":"2026-04-01T09:10:43","slug":"actualites","status":"publish","type":"page","link":"https:\/\/frw-pcdr.be\/frasnes-lez-anvaing\/actualites\/","title":{"rendered":"Actualit\u00e9s"},"content":{"rendered":"\n<div class=\"wp-block-group alignfull is-layout-constrained wp-container-core-group-is-layout-ce46af0e wp-block-group-is-layout-constrained\" style=\"padding-top:0;padding-right:3vw;padding-bottom:3vw;padding-left:3vw\">\n<h1 class=\"wp-block-heading has-text-align-left has-ast-global-color-0-color has-text-color has-link-color wp-elements-4a5e537b25b355149cbbd5be494b8a72\" style=\"margin-top:3rem;padding-top:0;padding-right:1.5vh;padding-bottom:0;padding-left:1.5vh;font-size:3.5vh;letter-spacing:0px\">ACTUALIT\u00c9S<\/h1>\n\n\n\n<h2 class=\"wp-block-heading has-text-align-left has-ast-global-color-1-color has-text-color has-link-color wp-elements-dbd4d0fac0b27ddf9730ade8dcde6000\" style=\"margin-top:var(--wp--preset--spacing--50);margin-right:0;margin-bottom:0;margin-left:0;padding-top:0;padding-right:2vh;padding-bottom:0;padding-left:2vh\">Les derni\u00e8res infos relatives au PCDR de votre commune<\/h2>\n\n\n\n<p style=\"margin-top:var(--wp--preset--spacing--40);margin-bottom:var(--wp--preset--spacing--40);padding-right:2vh;padding-left:2vh\">Projets en cours, inaugurations, r\u00e9unions&#8230;<\/p>\n<\/div>\n\n\n\n<div class=\"wp-block-group alignfull is-layout-constrained wp-block-group-is-layout-constrained\" style=\"margin-bottom:0;padding-top:0rem;padding-bottom:0rem\">\n<div class=\"wp-block-columns has-background is-layout-flex wp-container-core-columns-is-layout-2097dcb0 wp-block-columns-is-layout-flex\" style=\"border-radius:5px;background:linear-gradient(135deg,rgb(68,85,79) 0%,rgb(111,148,135) 100%);padding-top:var(--wp--preset--spacing--30);padding-right:var(--wp--preset--spacing--30);padding-bottom:var(--wp--preset--spacing--60);padding-left:var(--wp--preset--spacing--30)\">\n<div class=\"wp-block-column is-vertically-aligned-center is-layout-flow wp-block-column-is-layout-flow\" style=\"padding-right:0;padding-left:0\">\n<figure class=\"wp-block-image size-large\"><img loading=\"lazy\" decoding=\"async\" width=\"1024\" height=\"819\" src=\"http:\/\/frw-pcdr.be\/frasnes-lez-anvaing\/wp-content\/uploads\/ER1\/Frasnes-lez-Anvaing\/Img\/sites\/16\/Actu_livret-1024x819.webp\" alt=\"Montage photo avec le texte &quot;livrets d\u00e9couvertes&quot; En haut \u00e0 gauche : une \u00e9glise En haut \u00e0 droite et en bas \u00e0 gauche : du paysage En bas \u00e0 droite : une sculpture repr\u00e9sentant un cheval de trait et un fermier\" class=\"wp-image-1235\" srcset=\"https:\/\/frw-pcdr.be\/frasnes-lez-anvaing\/wp-content\/uploads\/ER1\/Frasnes-lez-Anvaing\/Img\/sites\/16\/Actu_livret-1024x819.webp 1024w, https:\/\/frw-pcdr.be\/frasnes-lez-anvaing\/wp-content\/uploads\/ER1\/Frasnes-lez-Anvaing\/Img\/sites\/16\/Actu_livret-300x240.webp 300w, https:\/\/frw-pcdr.be\/frasnes-lez-anvaing\/wp-content\/uploads\/ER1\/Frasnes-lez-Anvaing\/Img\/sites\/16\/Actu_livret-768x614.webp 768w, https:\/\/frw-pcdr.be\/frasnes-lez-anvaing\/wp-content\/uploads\/ER1\/Frasnes-lez-Anvaing\/Img\/sites\/16\/Actu_livret-1536x1229.webp 1536w, https:\/\/frw-pcdr.be\/frasnes-lez-anvaing\/wp-content\/uploads\/ER1\/Frasnes-lez-Anvaing\/Img\/sites\/16\/Actu_livret.webp 2000w\" sizes=\"auto, (max-width: 1024px) 100vw, 1024px\" \/><\/figure>\n<\/div>\n\n\n\n<div class=\"wp-block-column is-layout-flow wp-block-column-is-layout-flow\" style=\"padding-left:0\">\n<h2 class=\"wp-block-heading has-ast-global-color-3-color has-text-color has-link-color wp-elements-0c3eb5f09c51b725620e9978c3652199\" style=\"padding-top:var(--wp--preset--spacing--40);padding-right:1.5vh;padding-left:1.5vh\">Les \u00ab\u00a0Livrets d\u00e9couvertes\u00a0\u00bb <\/h2>\n\n\n\n<h6 class=\"wp-block-heading has-ast-global-color-3-color has-text-color has-link-color wp-elements-f95924e5139da4256181eeef610ba06b\" style=\"padding-right:1.5vh;padding-left:1.5vh\">Printemps 2026<\/h6>\n\n\n\n<hr class=\"wp-block-separator has-text-color has-ast-global-color-1-color has-alpha-channel-opacity has-ast-global-color-1-background-color has-background is-style-wide\" \/>\n\n\n\n<p class=\"has-ast-global-color-3-color has-text-color has-link-color wp-elements-b9a901a00dae36ddaa1152f381cccc42\" style=\"padding-right:1.5vh;padding-left:1.5vh\">La commission patrimoine de Frasnes-lez-Anvaing vous invite \u00e0 d\u00e9couvrir les diff\u00e9rents villages de l&rsquo;entit\u00e9. 2 livrets sont d\u00e9j\u00e0 disponible et vous propose de vous balader \u00e0 Forest et Oeudeghien.<\/p>\n\n\n\n<p class=\"has-ast-global-color-3-color has-text-color has-link-color wp-elements-593ef35795c732113b07cbbb67cc24f7\" style=\"padding-right:1.5vh;padding-left:1.5vh\">Ces carnets de balade sont disponible, gratuitement, \u00e0 l&rsquo;administration communale, dans les bonnes adresses que vous retrouverez dans le livret et les commerces de l&rsquo;entit\u00e9. <br>Vous pouvez aussi t\u00e9l\u00e9charger les versions num\u00e9riques ci-dessous.<br>Bonne d\u00e9couverte !<\/p>\n\n\n\n<div class=\"wp-block-buttons is-layout-flex wp-block-buttons-is-layout-flex\" style=\"padding-right:2vh;padding-left:2vh\">\n<div class=\"wp-block-button\"><a class=\"wp-block-button__link wp-element-button\" href=\"https:\/\/frw-pcdr.be\/frasnes-lez-anvaing\/wp-content\/uploads\/ER1\/Frasnes-lez-Anvaing\/Doc\/Participez\/livret_decouverte_Oeudeghien.pdf\" target=\"_blank\" rel=\"noreferrer noopener\">Carnet Oeudeghien<\/a><\/div>\n\n\n\n<div class=\"wp-block-button\"><a class=\"wp-block-button__link wp-element-button\" href=\"https:\/\/frw-pcdr.be\/frasnes-lez-anvaing\/wp-content\/uploads\/ER1\/Frasnes-lez-Anvaing\/Doc\/Participez\/livret_decouverte_forest.pdf\" target=\"_blank\" rel=\"noreferrer noopener\">Carnet Forest<\/a><\/div>\n<\/div>\n<\/div>\n<\/div>\n\n\n\n<div style=\"height:40px\" aria-hidden=\"true\" class=\"wp-block-spacer\"><\/div>\n<\/div>\n\n\n\n<div class=\"wp-block-group alignfull is-layout-constrained wp-block-group-is-layout-constrained\" style=\"margin-bottom:0;padding-top:0rem;padding-bottom:0rem\">\n<div class=\"wp-block-columns has-background is-layout-flex wp-container-core-columns-is-layout-2097dcb0 wp-block-columns-is-layout-flex\" style=\"border-radius:5px;background:linear-gradient(135deg,rgb(68,85,79) 0%,rgb(111,148,135) 100%);padding-top:var(--wp--preset--spacing--30);padding-right:var(--wp--preset--spacing--30);padding-bottom:var(--wp--preset--spacing--60);padding-left:var(--wp--preset--spacing--30)\">\n<div class=\"wp-block-column is-vertically-aligned-center is-layout-flow wp-block-column-is-layout-flow\" style=\"padding-right:0;padding-left:0\">\n<figure class=\"wp-block-image size-large\"><img loading=\"lazy\" decoding=\"async\" width=\"1024\" height=\"684\" src=\"http:\/\/frw-pcdr.be\/frasnes\/wp-content\/uploads\/ER1\/Frasnes\/Img\/sites\/16\/CP_FLA-1024x684.webp\" alt=\"\" class=\"wp-image-1119\" srcset=\"https:\/\/frw-pcdr.be\/frasnes-lez-anvaing\/wp-content\/uploads\/ER1\/Frasnes-lez-Anvaing\/Img\/sites\/16\/CP_FLA-1024x684.webp 1024w, https:\/\/frw-pcdr.be\/frasnes-lez-anvaing\/wp-content\/uploads\/ER1\/Frasnes-lez-Anvaing\/Img\/sites\/16\/CP_FLA-300x201.webp 300w, https:\/\/frw-pcdr.be\/frasnes-lez-anvaing\/wp-content\/uploads\/ER1\/Frasnes-lez-Anvaing\/Img\/sites\/16\/CP_FLA-768x513.webp 768w, https:\/\/frw-pcdr.be\/frasnes-lez-anvaing\/wp-content\/uploads\/ER1\/Frasnes-lez-Anvaing\/Img\/sites\/16\/CP_FLA-1536x1027.webp 1536w, https:\/\/frw-pcdr.be\/frasnes-lez-anvaing\/wp-content\/uploads\/ER1\/Frasnes-lez-Anvaing\/Img\/sites\/16\/CP_FLA-2048x1369.webp 2048w\" sizes=\"auto, (max-width: 1024px) 100vw, 1024px\" \/><\/figure>\n<\/div>\n\n\n\n<div class=\"wp-block-column is-layout-flow wp-block-column-is-layout-flow\" style=\"padding-left:0\">\n<h2 class=\"wp-block-heading has-ast-global-color-3-color has-text-color has-link-color wp-elements-b1d3ad57bdad74871479a51fab236765\" style=\"padding-top:var(--wp--preset--spacing--40);padding-right:1.5vh;padding-left:1.5vh\">Livret d\u00e9couverte d&rsquo;Oeudeghien<\/h2>\n\n\n\n<h6 class=\"wp-block-heading has-ast-global-color-3-color has-text-color has-link-color wp-elements-b744ca1934e5ee957dbe946c45b8601d\" style=\"padding-right:1.5vh;padding-left:1.5vh\">18\/12\/2025<\/h6>\n\n\n\n<hr class=\"wp-block-separator has-text-color has-ast-global-color-1-color has-alpha-channel-opacity has-ast-global-color-1-background-color has-background is-style-wide\" \/>\n\n\n\n<p class=\"has-ast-global-color-3-color has-text-color has-link-color wp-elements-e731bc02e579e08122f6aaa9a96db5ba\" style=\"padding-right:1.5vh;padding-left:1.5vh\">La commission patrimoine est fi\u00e8re de vous pr\u00e9senter son second livret d\u00e9couverte ! L&rsquo;occasion de d\u00e9couvrir Oeudeghien, son patrimoine, ses points de vue, etc. au travers d&rsquo;une balade. Envie d&rsquo;en savoir un peu plus ? D\u00e9couvrez le reportage de Not\u00e9l\u00e9 qui est parti \u00e0 la rencontre des membres de la commission : <a href=\"https:\/\/www.notele.be\/it61-media162756-oeudeghien-un-livret-et-deux-circuits-pour-decouvrir-le-village.html\" data-type=\"link\" data-id=\"https:\/\/www.notele.be\/it61-media162756-oeudeghien-un-livret-et-deux-circuits-pour-decouvrir-le-village.html\">https:\/\/www.notele.be\/it61-media162756-oeudeghien-un-livret-et-deux-circuits-pour-decouvrir-le-village.html<\/a><\/p>\n\n\n\n<p class=\"has-ast-global-color-3-color has-text-color has-link-color wp-elements-492709804c4ec5e8964845374164a88f\" style=\"padding-right:1.5vh;padding-left:1.5vh\">Ce nouveau carnet de balade est disponible, gratuitement, \u00e0 l&rsquo;administration communale, dans les bonnes adresses que vous retrouverez dans le livret et les commerces de l&rsquo;entit\u00e9. Vous pouvez t\u00e9l\u00e9charger la version num\u00e9rique ci-dessous.<br>Bonne d\u00e9couverte !<\/p>\n\n\n\n<div class=\"wp-block-buttons is-layout-flex wp-block-buttons-is-layout-flex\" style=\"padding-right:2vh;padding-left:2vh\">\n<div class=\"wp-block-button\"><a class=\"wp-block-button__link wp-element-button\" href=\"https:\/\/frw-pcdr.be\/frasnes-lez-anvaing\/wp-content\/uploads\/ER1\/Frasnes-lez-Anvaing\/Doc\/Participez\/livret_decouverte_Oeudeghien.pdf\" target=\"_blank\" rel=\"noreferrer noopener\">Carnet Oeudeghien<\/a><\/div>\n<\/div>\n<\/div>\n<\/div>\n\n\n\n<div style=\"height:40px\" aria-hidden=\"true\" class=\"wp-block-spacer\"><\/div>\n<\/div>\n\n\n\n<div class=\"wp-block-group alignfull is-layout-constrained wp-block-group-is-layout-constrained\" style=\"margin-bottom:0;padding-top:0rem;padding-bottom:0rem\">\n<div class=\"wp-block-columns has-background is-layout-flex wp-container-core-columns-is-layout-2097dcb0 wp-block-columns-is-layout-flex\" style=\"border-radius:5px;background:linear-gradient(135deg,rgb(68,85,79) 0%,rgb(111,148,135) 100%);padding-top:var(--wp--preset--spacing--30);padding-right:var(--wp--preset--spacing--30);padding-bottom:var(--wp--preset--spacing--60);padding-left:var(--wp--preset--spacing--30)\">\n<div class=\"wp-block-column is-vertically-aligned-center is-layout-flow wp-block-column-is-layout-flow\" style=\"padding-right:0;padding-left:0\">\n<figure class=\"wp-block-image aligncenter size-full is-resized\"><img loading=\"lazy\" decoding=\"async\" width=\"1654\" height=\"1654\" src=\"http:\/\/frw-pcdr.be\/frasnes-lez-anvaing\/wp-content\/uploads\/ER1\/Frasnes-lez-Anvaing\/Img\/sites\/16\/FLA-BP-annonce-des-laureats-Invitation-carree-2.webp\" alt=\"Affiche color\u00e9e annon\u00e7ant les deux projets Laur\u00e9ats du budget participatif ; le potager partag\u00e9 \u00e0 l'\u00e9cole d'Oeudeghien et l'observatoire \u00e0 oiseaux sur le site de Frasnes-lez-bassins\" class=\"wp-image-1211\" style=\"width:624px;height:auto\" srcset=\"https:\/\/frw-pcdr.be\/frasnes-lez-anvaing\/wp-content\/uploads\/ER1\/Frasnes-lez-Anvaing\/Img\/sites\/16\/FLA-BP-annonce-des-laureats-Invitation-carree-2.webp 1654w, https:\/\/frw-pcdr.be\/frasnes-lez-anvaing\/wp-content\/uploads\/ER1\/Frasnes-lez-Anvaing\/Img\/sites\/16\/FLA-BP-annonce-des-laureats-Invitation-carree-2-300x300.webp 300w, https:\/\/frw-pcdr.be\/frasnes-lez-anvaing\/wp-content\/uploads\/ER1\/Frasnes-lez-Anvaing\/Img\/sites\/16\/FLA-BP-annonce-des-laureats-Invitation-carree-2-1024x1024.webp 1024w, https:\/\/frw-pcdr.be\/frasnes-lez-anvaing\/wp-content\/uploads\/ER1\/Frasnes-lez-Anvaing\/Img\/sites\/16\/FLA-BP-annonce-des-laureats-Invitation-carree-2-150x150.webp 150w, https:\/\/frw-pcdr.be\/frasnes-lez-anvaing\/wp-content\/uploads\/ER1\/Frasnes-lez-Anvaing\/Img\/sites\/16\/FLA-BP-annonce-des-laureats-Invitation-carree-2-768x768.webp 768w, https:\/\/frw-pcdr.be\/frasnes-lez-anvaing\/wp-content\/uploads\/ER1\/Frasnes-lez-Anvaing\/Img\/sites\/16\/FLA-BP-annonce-des-laureats-Invitation-carree-2-1536x1536.webp 1536w\" sizes=\"auto, (max-width: 1654px) 100vw, 1654px\" \/><\/figure>\n<\/div>\n\n\n\n<div class=\"wp-block-column is-layout-flow wp-block-column-is-layout-flow\" style=\"padding-left:0\">\n<h2 class=\"wp-block-heading has-ast-global-color-3-color has-text-color has-link-color wp-elements-b2f9fc0c6a92ab95888e2d5dec8a9a71\" style=\"padding-top:var(--wp--preset--spacing--40);padding-right:1.5vh;padding-left:1.5vh\">Budget participatif<\/h2>\n\n\n\n<h6 class=\"wp-block-heading has-ast-global-color-3-color has-text-color has-link-color wp-elements-ccb8b87d6ecedf87c5c9c49f57a21ecd\" style=\"padding-right:1.5vh;padding-left:1.5vh\">16\/12\/2025<\/h6>\n\n\n\n<hr class=\"wp-block-separator has-text-color has-ast-global-color-1-color has-alpha-channel-opacity has-ast-global-color-1-background-color has-background is-style-wide\" \/>\n\n\n\n<p class=\"has-ast-global-color-3-color has-text-color has-link-color wp-elements-78aa44baf1b0d03cd7290d1e9422d548\" style=\"padding-right:1.5vh;padding-left:1.5vh\">La Commune de Frasnes-Lez-Anvaing a lanc\u00e9 son premier budget participatif en 2025. Plusieurs projets ont \u00e9t\u00e9 propos\u00e9es par les citoyens. Les laur\u00e9ats du budget participatifs sont d\u00e9sormais connus ! Il s&rsquo;agit du \u00ab\u00a0Potager partag\u00e9 \u00e0 l&rsquo;\u00e9cole d&rsquo;Oeudeghien\u00a0\u00bb et de l&rsquo;observatoire \u00e0 oiseaux sur le site de Frasnes-lez-bassins\u00a0\u00bb<\/p>\n\n\n\n<div class=\"wp-block-buttons is-layout-flex wp-block-buttons-is-layout-flex\" style=\"padding-right:2vh;padding-left:2vh\">\n<div class=\"wp-block-button\"><a class=\"wp-block-button__link wp-element-button\" href=\"https:\/\/participation.frw.be\/fr-BE\/projects\/budget-participatif-de-fla-2025\" target=\"_blank\" rel=\"noreferrer noopener\">Plateforme participative<\/a><\/div>\n<\/div>\n<\/div>\n<\/div>\n<\/div>\n\n\n\n<div style=\"height:40px\" aria-hidden=\"true\" class=\"wp-block-spacer\"><\/div>\n\n\n\n<div style=\"height:40px\" aria-hidden=\"true\" class=\"wp-block-spacer\"><\/div>\n","protected":false},"excerpt":{"rendered":"<p>ACTUALIT\u00c9S Les derni\u00e8res infos relatives au PCDR de votre commune Projets en cours, inaugurations, r\u00e9unions&#8230; Les \u00ab\u00a0Livrets d\u00e9couvertes\u00a0\u00bb Printemps 2026 [&hellip;]<\/p>\n","protected":false},"author":1,"featured_media":1047,"parent":0,"menu_order":1,"comment_status":"closed","ping_status":"closed","template":"","meta":{"site-sidebar-layout":"default","site-content-layout":"","ast-site-content-layout":"default","site-content-style":"default","site-sidebar-style":"default","ast-global-header-display":"","ast-banner-title-visibility":"","ast-main-header-display":"","ast-hfb-above-header-display":"","ast-hfb-below-header-display":"","ast-hfb-mobile-header-display":"","site-post-title":"disabled","ast-breadcrumbs-content":"","ast-featured-img":"disabled","footer-sml-layout":"","ast-disable-related-posts":"","theme-transparent-header-meta":"","adv-header-id-meta":"","stick-header-meta":"","header-above-stick-meta":"","header-main-stick-meta":"","header-below-stick-meta":"","astra-migrate-meta-layouts":"default","ast-page-background-enabled":"default","ast-page-background-meta":{"desktop":{"background-color":"var(--ast-global-color-5)","background-image":"","background-repeat":"repeat","background-position":"center center","background-size":"auto","background-attachment":"scroll","background-type":"","background-media":"","overlay-type":"","overlay-color":"","overlay-opacity":"","overlay-gradient":""},"tablet":{"background-color":"","background-image":"","background-repeat":"repeat","background-position":"center center","background-size":"auto","background-attachment":"scroll","background-type":"","background-media":"","overlay-type":"","overlay-color":"","overlay-opacity":"","overlay-gradient":""},"mobile":{"background-color":"","background-image":"","background-repeat":"repeat","background-position":"center center","background-size":"auto","background-attachment":"scroll","background-type":"","background-media":"","overlay-type":"","overlay-color":"","overlay-opacity":"","overlay-gradient":""}},"ast-content-background-meta":{"desktop":{"background-color":"var(--ast-global-color-4)","background-image":"","background-repeat":"repeat","background-position":"center center","background-size":"auto","background-attachment":"scroll","background-type":"","background-media":"","overlay-type":"","overlay-color":"","overlay-opacity":"","overlay-gradient":""},"tablet":{"background-color":"var(--ast-global-color-4)","background-image":"","background-repeat":"repeat","background-position":"center center","background-size":"auto","background-attachment":"scroll","background-type":"","background-media":"","overlay-type":"","overlay-color":"","overlay-opacity":"","overlay-gradient":""},"mobile":{"background-color":"var(--ast-global-color-4)","background-image":"","background-repeat":"repeat","background-position":"center center","background-size":"auto","background-attachment":"scroll","background-type":"","background-media":"","overlay-type":"","overlay-color":"","overlay-opacity":"","overlay-gradient":""}},"footnotes":""},"class_list":["post-330","page","type-page","status-publish","has-post-thumbnail","hentry"],"_links":{"self":[{"href":"https:\/\/frw-pcdr.be\/frasnes-lez-anvaing\/wp-json\/wp\/v2\/pages\/330","targetHints":{"allow":["GET"]}}],"collection":[{"href":"https:\/\/frw-pcdr.be\/frasnes-lez-anvaing\/wp-json\/wp\/v2\/pages"}],"about":[{"href":"https:\/\/frw-pcdr.be\/frasnes-lez-anvaing\/wp-json\/wp\/v2\/types\/page"}],"author":[{"embeddable":true,"href":"https:\/\/frw-pcdr.be\/frasnes-lez-anvaing\/wp-json\/wp\/v2\/users\/1"}],"replies":[{"embeddable":true,"href":"https:\/\/frw-pcdr.be\/frasnes-lez-anvaing\/wp-json\/wp\/v2\/comments?post=330"}],"version-history":[{"count":18,"href":"https:\/\/frw-pcdr.be\/frasnes-lez-anvaing\/wp-json\/wp\/v2\/pages\/330\/revisions"}],"predecessor-version":[{"id":1240,"href":"https:\/\/frw-pcdr.be\/frasnes-lez-anvaing\/wp-json\/wp\/v2\/pages\/330\/revisions\/1240"}],"wp:featuredmedia":[{"embeddable":true,"href":"https:\/\/frw-pcdr.be\/frasnes-lez-anvaing\/wp-json\/wp\/v2\/media\/1047"}],"wp:attachment":[{"href":"https:\/\/frw-pcdr.be\/frasnes-lez-anvaing\/wp-json\/wp\/v2\/media?parent=330"}],"curies":[{"name":"wp","href":"https:\/\/api.w.org\/{rel}","templated":true}]}}