{"id":9,"date":"2025-10-21T17:16:36","date_gmt":"2025-10-21T15:16:36","guid":{"rendered":"https:\/\/frw-pcdr.be\/onhaye\/?page_id=9"},"modified":"2026-01-08T15:52:44","modified_gmt":"2026-01-08T14:52:44","slug":"les-realisations","status":"publish","type":"page","link":"https:\/\/frw-pcdr.be\/daverdisse\/les-realisations\/","title":{"rendered":"Les r\u00e9alisations"},"content":{"rendered":"\n<div class=\"wp-block-group alignfull has-ast-global-color-3-background-color has-background is-layout-constrained wp-container-core-group-is-layout-c7ccc7fa wp-block-group-is-layout-constrained\" style=\"margin-top:0;margin-bottom:0;padding-top:var(--wp--preset--spacing--60);padding-right:3vw;padding-bottom:var(--wp--preset--spacing--50);padding-left:3vw\">\n<h1 class=\"wp-block-heading has-ast-global-color-0-color has-text-color has-link-color wp-elements-14a7137f7fcb5b615cd65c93dd7455c9\" style=\"padding-top:0;padding-right:1.5vh;padding-bottom:0;padding-left:1.5vh;font-size:3.5vh;letter-spacing:0px\">En cours<\/h1>\n\n\n\n<hr class=\"wp-block-separator has-text-color has-ast-global-color-1-color has-alpha-channel-opacity has-ast-global-color-1-background-color has-background is-style-wide\" \/>\n\n\n\n<div class=\"wp-block-columns is-layout-flex wp-container-core-columns-is-layout-a531a0f7 wp-block-columns-is-layout-flex\" style=\"padding-right:0;padding-left:0\">\n<div class=\"wp-block-column is-layout-flow wp-block-column-is-layout-flow\">\n<h2 class=\"wp-block-heading has-ast-global-color-2-color has-text-color has-link-color wp-elements-f132a2beda91e4e91e5c38c47e6776d8\" style=\"margin-top:0;margin-right:1.5vh;margin-bottom:0;margin-left:1.5vh\">I.1.01 Action Patrimoine<\/h2>\n\n\n\n<div class=\"wp-block-buttons is-content-justification-left is-layout-flex wp-container-core-buttons-is-layout-4395d7bd wp-block-buttons-is-layout-flex\" style=\"padding-right:1.5vh;padding-left:1.5vh\">\n<div class=\"wp-block-button\"><a class=\"wp-block-button__link wp-element-button\" href=\"https:\/\/frw-pcdr.be\/daverdisse\/wp-content\/uploads\/ER6\/Daverdisse\/Doc\/Realisations\/FP_Petit_patrimoine.pdf\" target=\"_blank\" rel=\"noreferrer noopener\">Fiche-projet actualis\u00e9e<\/a><\/div>\n<\/div>\n\n\n\n<p class=\"has-ast-global-color-6-color has-text-color has-link-color wp-elements-0b3270fcbcbe388e18951e1ff14d63d5\" style=\"margin-top:0.5rem;margin-right:1.5vh;margin-bottom:0.5rem;margin-left:1.5vh\">La premi\u00e8re fiche immat\u00e9rielle du PCDR s&rsquo;intitule \u00ab\u00a0I.1.01 &#8211; Entretien et valorisation du petit patrimoine\u00a0\u00bb.<br>D\u00e8s 2017, la CLDR s&rsquo;est investie dans ce projet. Elle a tout d&rsquo;abord d\u00e9fini ce qu&rsquo;elle entendait par petit patrimoine et cr\u00e9\u00e9 une fiche d&rsquo;inventaire,<br>Ensuite, elle s&rsquo;est r\u00e9parti le travail de terrain, avec un coordinateur par village.<br>Tous les renseignements ont \u00e9t\u00e9 int\u00e9gr\u00e9s dans une grille.<br>Les \u00e9l\u00e9ments patrimoniaux ont \u00e9t\u00e9 cartographi\u00e9s et r\u00e9partis par cat\u00e9gorie \u00e0 l&rsquo;aide d&rsquo;ic\u00f4nes. <\/p>\n\n\n\n<p class=\"has-ast-global-color-6-color has-text-color has-link-color wp-elements-2bea45b3cca172d9c171a1be266ca055\" style=\"margin-top:0.5rem;margin-right:1.5vh;margin-bottom:0.5rem;margin-left:1.5vh\">Ensuite, la CLDR a identifi\u00e9 les \u00e9l\u00e9ments qui n\u00e9cessitent une restauration\/valorisation prioritaire.<br><br><a href=\"https:\/\/www.google.com\/maps\/d\/viewer?mid=1RE5Y-KwmkHqrpKxpzCEtoi8uQ_8&amp;femb=1&amp;ll=50.00618327066935%2C5.064443550000011&amp;z=12\" target=\"_blank\" rel=\"noreferrer noopener\">Cliquez ici pour visualiser la carte<\/a><br><br>En 2025, la CLDR a d\u00e9cid\u00e9 de valoriser tout ce travail d&rsquo;inventaire en cr\u00e9ant des circuits patrimoniaux dans les villages.&nbsp;<br>La premi\u00e8re \u00e9tape est de d\u00e9finir les options techniques \u00e0 privil\u00e9gier avec les acteurs du tourisme (SI, Maison du tourisme). Ensuite, la CLDR planchera sur le contenu et la mise en \u0153uvre de ce projet.<\/p>\n\n\n\n<div class=\"wp-block-buttons is-layout-flex wp-block-buttons-is-layout-flex\">\n<div class=\"wp-block-button\"><a class=\"wp-block-button__link wp-element-button\" href=\"https:\/\/frw-pcdr.be\/daverdisse\/wp-content\/uploads\/ER6\/Daverdisse\/Doc\/Realisations\/20250313_CR_CLDR.pdf\" target=\"_blank\" rel=\"noreferrer noopener\">Compte-rendu P6-7<\/a><\/div>\n<\/div>\n\n\n\n<h4 class=\"wp-block-heading\">Appel \u00e0 projets \u00ab\u00a0recensement du petit patrimoine\u00a0\u00bb<\/h4>\n\n\n\n<p>La candidature de la Commune a \u00e9t\u00e9 retenue dans le cadre de l&rsquo;appel \u00e0 projets \u00ab\u00a0recensement du petit patrimoine populaire wallon (PPPW)\u00a0\u00bb.<br>Cet inventaire compte 116 \u00e9l\u00e9ments du PPPW et concerne les&nbsp;cat\u00e9gories suivantes :&nbsp;&nbsp;<br>1. Points d&rsquo;eau<br>2. petit patrimoine sacr\u00e9<br>4. signalisation<br>11. patrimoine militaire et comm\u00e9moration&nbsp;<br>13. outils anciens<br>15. biens relatifs \u00e0 la faune, la flore et aux min\u00e9raux<br>17. ateliers<\/p>\n\n\n\n<p>Un concours photos a \u00e9t\u00e9 organis\u00e9; il a d\u00e9bouch\u00e9 sur une exposition au Centre d&rsquo;animation touristique \u00e0 Daverdisse.<\/p>\n\n\n\n<p>Ce recensement est repris \u00e0 l&rsquo;adresse suivante :&nbsp;<a href=\"https:\/\/inventairepatrimoine.wallonie.be\/fr\/page\/petit-patrimoine-appel-a-projet-2019-recensement\" target=\"_blank\" rel=\"noreferrer noopener\">recensement petit patrimoine &#8211; s\u00e9lectionnez la commune de Daverdisse<\/a><\/p>\n<\/div>\n\n\n\n<div class=\"wp-block-column is-layout-flow wp-block-column-is-layout-flow\" style=\"padding-right:0;padding-left:0\">\n<h2 class=\"wp-block-heading\" style=\"margin-right:1.5vh;margin-left:1.5vh\"><strong>\u200bI.1.03 \u2013 Information et communication sur la gestion durable de la for\u00eat<\/strong><\/h2>\n\n\n\n<p style=\"margin-top:0.5rem;margin-right:1.5vh;margin-bottom:0.5rem;margin-left:1.5vh\">Le 11\/09\/2017, une conf\u00e9rence a \u00e9t\u00e9 organis\u00e9e \u00e0 l&rsquo;attention de tous les habitants. Les intervenants ont pr\u00e9sent\u00e9 les r\u00f4les de la for\u00eat, les principaux utilisateurs de la ressource et le DNF. Un d\u00e9bat avec l&rsquo;assembl\u00e9e a permis de pr\u00e9ciser certains \u00e9l\u00e9ments.<br>Une convention a \u00e9t\u00e9 conclue avec la Cellule d&rsquo;Appui \u00e0 la Petite For\u00eat Priv\u00e9e &#8211; CAPFP, afin d&rsquo;aider les propri\u00e9taires de parcelles de moins de 5 ha \u00e0 g\u00e9rer leur bien (plantations, conseils d&rsquo;entretien, vente, arrachage,&#8230;). Cette op\u00e9ration a connu un beau succ\u00e8s parmi les propri\u00e9taires priv\u00e9s.<br>Des articles d&rsquo;information ont \u00e9t\u00e9 ins\u00e9r\u00e9s dans le bulletin communal.<br>Le 21\/11\/2023, une soir\u00e9e d&rsquo;information sur le projet de plan d&rsquo;am\u00e9nagement forestier a \u00e9t\u00e9 organis\u00e9e \u00e0 l&rsquo;attention de la population; avant son adoption par le Conseil communal.<br>Les bois communaux r\u00e9pondent \u00e0 la nouvelle charte PEFC.<br>La Commune a \u00e9t\u00e9 s\u00e9lectionn\u00e9e dans le cadre de l&rsquo;appel \u00e0 projets \u00ab\u00a0for\u00eat r\u00e9siliente\u00a0\u00bb en 2024. Des plantations ont \u00e9t\u00e9 faites et une soir\u00e9e d&rsquo;information a \u00e9t\u00e9 organis\u00e9e sur le sujet en collaboration avec la CAPFP.<\/p>\n\n\n\n<div class=\"wp-block-buttons is-content-justification-left is-layout-flex wp-container-core-buttons-is-layout-4395d7bd wp-block-buttons-is-layout-flex\" style=\"padding-right:1.5vh;padding-left:1.5vh\">\n<div class=\"wp-block-button\"><a class=\"wp-block-button__link wp-element-button\" href=\"https:\/\/frw-pcdr.be\/daverdisse\/wp-content\/uploads\/ER6\/Daverdisse\/Doc\/Realisations\/FP_Gestion_foret.pdf\" target=\"_blank\" rel=\"noreferrer noopener\">Fiche-projet actualis\u00e9e<\/a><\/div>\n\n\n\n<div class=\"wp-block-button\"><a class=\"wp-block-button__link wp-element-button\" href=\"https:\/\/frw-pcdr.be\/daverdisse\/wp-content\/uploads\/ER6\/Daverdisse\/Doc\/Realisations\/CLDR_Foret.pdf\" target=\"_blank\" rel=\"noreferrer noopener\">CR CLDR concern\u00e9es<\/a><\/div>\n<\/div>\n<\/div>\n<\/div>\n<\/div>\n\n\n\n<div style=\"height:19px\" aria-hidden=\"true\" class=\"wp-block-spacer\"><\/div>\n\n\n\n<div class=\"wp-block-group alignfull has-background is-layout-constrained wp-container-core-group-is-layout-b1a27b7e wp-block-group-is-layout-constrained\" style=\"background:linear-gradient(181deg,rgb(68,85,79) 0%,rgb(111,148,135) 100%);padding-top:var(--wp--preset--spacing--60);padding-right:3vw;padding-bottom:var(--wp--preset--spacing--50);padding-left:3vw\">\n<h1 class=\"wp-block-heading has-ast-global-color-3-color has-text-color has-link-color wp-elements-007cadb0cffd688496fe49ffde4a8e37\" style=\"padding-top:0;padding-right:1.5vh;padding-bottom:0;padding-left:1.5vh;font-size:3.5vh;letter-spacing:0px\">Termin\u00e9es<\/h1>\n\n\n\n<hr class=\"wp-block-separator has-text-color has-ast-global-color-1-color has-alpha-channel-opacity has-ast-global-color-1-background-color has-background is-style-wide\" \/>\n\n\n\n<div class=\"wp-block-columns is-layout-flex wp-container-core-columns-is-layout-a531a0f7 wp-block-columns-is-layout-flex\" style=\"padding-right:0;padding-left:0\">\n<div class=\"wp-block-column is-layout-flow wp-block-column-is-layout-flow\">\n<h2 class=\"wp-block-heading has-ast-global-color-3-color has-text-color has-link-color wp-elements-9cac196495f87ddc9cd9e4e4f0eea4ed\" style=\"margin-right:1.5vh;margin-left:1.5vh\"><strong>M.1.03 \u2013 R\u00e9habilitation du site de l\u2019ancien presbyt\u00e8re en maison des associations<\/strong> \u00e0 Haut-Fays<\/h2>\n\n\n\n<p class=\"has-ast-global-color-3-color has-text-color has-link-color wp-elements-c8209ca234e970341c6c606405fa2e02\" style=\"margin-top:0.5rem;margin-right:1.5vh;margin-bottom:0.5rem;margin-left:1.5vh\">L\u2019infrastructure, compos\u00e9e de deux modules, vise \u00e0 accueillir les jeunes et les associations du village et de la commune. La polyvalence est favoris\u00e9e&nbsp;au maximum : gr\u00e2ce aux trois salles am\u00e9nag\u00e9es c\u00f4t\u00e9 placette, diverses r\u00e9unions pourront se tenir simultan\u00e9ment. Cerise sur le g\u00e2teau, les jeunes disposent aussi de leurs propres locaux.<br><br>L\u2019expression architecturale se veut claire, simple, pratique et bien int\u00e9gr\u00e9e dans son environnement. Un soin tout particulier a \u00e9t\u00e9 apport\u00e9 \u00e0 l\u2019isolation et aux \u00e9conomies d\u2019\u00e9nergie.<\/p>\n\n\n\n<p class=\"has-ast-global-color-3-color has-text-color has-link-color wp-elements-e2692aecd36b7a5de4b7026450d4d519\" style=\"margin-top:0.5rem;margin-right:1.5vh;margin-bottom:0.5rem;margin-left:1.5vh\">Le b\u00e2timent est \u00e9rig\u00e9 sur le site de l\u2019ancien presbyt\u00e8re&nbsp;; une placette fera le lien avec la nouvelle maison rurale, qui viendra prochainement compl\u00e9ter l\u2019offre en lieux de rencontre pour les habitants.<\/p>\n\n\n\n<div class=\"wp-block-buttons is-content-justification-left is-layout-flex wp-container-core-buttons-is-layout-4395d7bd wp-block-buttons-is-layout-flex\" style=\"padding-right:1.5vh;padding-left:1.5vh\">\n<div class=\"wp-block-button\"><a class=\"wp-block-button__link wp-element-button\" href=\"https:\/\/frw-pcdr.be\/daverdisse\/wp-content\/uploads\/ER6\/Daverdisse\/Doc\/Realisations\/FP_Maison_Associations.pdf\" target=\"_blank\" rel=\"noreferrer noopener\">Fiche-projet actualis\u00e9e<\/a><\/div>\n<\/div>\n\n\n\n<figure class=\"wp-block-image size-full is-resized\"><img loading=\"lazy\" decoding=\"async\" width=\"720\" height=\"397\" src=\"http:\/\/frw-pcdr.be\/daverdisse\/wp-content\/uploads\/ER6\/Daverdisse\/Img\/sites\/13\/Maison_Assoc.webp\" alt=\"Vue lat\u00e9rale de la maison des associations noire et lattage en bois clair\" class=\"wp-image-1130\" style=\"aspect-ratio:16\/9;object-fit:cover;width:511px;height:auto\" srcset=\"https:\/\/frw-pcdr.be\/daverdisse\/wp-content\/uploads\/ER6\/Daverdisse\/Img\/sites\/13\/Maison_Assoc.webp 720w, https:\/\/frw-pcdr.be\/daverdisse\/wp-content\/uploads\/ER6\/Daverdisse\/Img\/sites\/13\/Maison_Assoc-300x165.webp 300w\" sizes=\"auto, (max-width: 720px) 100vw, 720px\" \/><\/figure>\n<\/div>\n\n\n\n<div class=\"wp-block-column is-layout-flow wp-block-column-is-layout-flow\" style=\"padding-right:0;padding-left:0\">\n<h2 class=\"wp-block-heading has-ast-global-color-3-color has-text-color has-link-color wp-elements-3cc69ca86d7e1c4976f6b5fc165ddf2c\" style=\"margin-right:1.5vh;margin-left:1.5vh\">M1.02 Finalisation de la voie lente vers Bi\u00e8vre<\/h2>\n\n\n\n<p class=\"has-ast-global-color-3-color has-text-color has-link-color wp-elements-d8abe9af4fddbdf65f4f25abafb39fb5\" style=\"margin-top:0.5rem;margin-right:1.5vh;margin-bottom:0.5rem;margin-left:1.5vh\">Auteur de projet : INASEP<br>\u200bEntreprises Pirot et NPA<br>Cette voie lente trancommunale et transprovinciale permet de relier Gembes \u00e0 Graide Station (Bi\u00e8vre). Ce tron\u00e7on fait partie du v\u00e9lo-route transfrontalier.<br>Sur Daverdisse, les travaux ont consist\u00e9 \u00e0 am\u00e9nager le cheminement \u00e0 partir de Gembes,&nbsp;poser une nouvelle passerelle au-dessus de l&rsquo;Almache&nbsp;&nbsp;<a href=\"https:\/\/www.tvlux.be\/video\/info\/porcheresse-une-nouvelle-passerelle-a-ete-posee-ce-matin-sur-l-almache_37164.html\" target=\"_blank\" rel=\"noreferrer noopener\">[Voir le reportage de TVLux sur le sujet]<\/a>&nbsp;et&nbsp;cr\u00e9er une aire de convivialit\u00e9.<br>Dans un second temps, une borne de recharge des v\u00e9los \u00e9lectriques a \u00e9t\u00e9 install\u00e9e \u00e0 l&rsquo;aire de convivialit\u00e9 (subsides Pollec).<br>Le projet a \u00e9t\u00e9 inaugur\u00e9 le 1er juillet 2022.&nbsp;<br>N&rsquo;h\u00e9sitez pas \u00e0 le parcourir \u00e0 pied, \u00e0 v\u00e9lo, \u00e0 cheval !<\/p>\n\n\n\n<div class=\"wp-block-buttons is-content-justification-left is-layout-flex wp-container-core-buttons-is-layout-4395d7bd wp-block-buttons-is-layout-flex\" style=\"padding-right:1.5vh;padding-left:1.5vh\">\n<div class=\"wp-block-button\"><a class=\"wp-block-button__link wp-element-button\" href=\"https:\/\/frw-pcdr.be\/daverdisse\/wp-content\/uploads\/ER6\/Daverdisse\/Doc\/Realisations\/FP_Voie_lente.pdf\" target=\"_blank\" rel=\"noreferrer noopener\">Fiche-projet actualis\u00e9e<\/a><\/div>\n<\/div>\n\n\n\n<figure class=\"wp-block-image size-full\"><img loading=\"lazy\" decoding=\"async\" width=\"2560\" height=\"1461\" src=\"http:\/\/frw-pcdr.be\/daverdisse\/wp-content\/uploads\/ER6\/Daverdisse\/Img\/sites\/13\/IMG_20220701_174409-scaled.webp\" alt=\"Passerelle de la voie lente de Daverdisse-Bi\u00e8vre, c\u00f4t\u00e9 Bi\u00e8vre. Repr\u00e9sente un pont en b\u00e9ton et bois\" class=\"wp-image-1154\" srcset=\"https:\/\/frw-pcdr.be\/daverdisse\/wp-content\/uploads\/ER6\/Daverdisse\/Img\/sites\/13\/IMG_20220701_174409-scaled.webp 2560w, https:\/\/frw-pcdr.be\/daverdisse\/wp-content\/uploads\/ER6\/Daverdisse\/Img\/sites\/13\/IMG_20220701_174409-300x171.webp 300w, https:\/\/frw-pcdr.be\/daverdisse\/wp-content\/uploads\/ER6\/Daverdisse\/Img\/sites\/13\/IMG_20220701_174409-1024x585.webp 1024w, https:\/\/frw-pcdr.be\/daverdisse\/wp-content\/uploads\/ER6\/Daverdisse\/Img\/sites\/13\/IMG_20220701_174409-768x438.webp 768w, https:\/\/frw-pcdr.be\/daverdisse\/wp-content\/uploads\/ER6\/Daverdisse\/Img\/sites\/13\/IMG_20220701_174409-1536x877.webp 1536w, https:\/\/frw-pcdr.be\/daverdisse\/wp-content\/uploads\/ER6\/Daverdisse\/Img\/sites\/13\/IMG_20220701_174409-2048x1169.webp 2048w\" sizes=\"auto, (max-width: 2560px) 100vw, 2560px\" \/><\/figure>\n<\/div>\n\n\n\n<div class=\"wp-block-column is-layout-flow wp-block-column-is-layout-flow\" style=\"padding-right:0;padding-left:0\">\n<h2 class=\"wp-block-heading has-ast-global-color-3-color has-text-color has-link-color wp-elements-bcadb8fa8a75c27b24a93da46890fb11\" style=\"margin-right:1.5vh;margin-left:1.5vh\">M1.01 Am\u00e9nagement d&rsquo;une maison de village et de ses abords \u00e0 Gembes<\/h2>\n\n\n\n<p class=\"has-ast-global-color-3-color has-text-color has-link-color wp-elements-4e7f0fdb79b8438fea5adc4a25eb15b8\" style=\"margin-top:0.5rem;margin-right:1.5vh;margin-bottom:0.5rem;margin-left:1.5vh\">Auteur de projet : M. Luc De Potter<br>L&rsquo;entreprise Collignon a commenc\u00e9 les travaux en juillet 2021 pour les terminer en septembre 2022 ; juste avant la kermesse du village. La maison de village a \u00e9t\u00e9 inaugur\u00e9e en septembre 2023.<\/p>\n\n\n\n<div class=\"wp-block-buttons is-content-justification-left is-layout-flex wp-container-core-buttons-is-layout-4395d7bd wp-block-buttons-is-layout-flex\" style=\"padding-right:1.5vh;padding-left:1.5vh\">\n<div class=\"wp-block-button\"><a class=\"wp-block-button__link wp-element-button\" href=\"https:\/\/frw-pcdr.be\/daverdisse\/wp-content\/uploads\/ER6\/Daverdisse\/Doc\/Realisations\/FP_MV_Gembes.pdf\" target=\"_blank\" rel=\"noreferrer noopener\">Fiche-projet actualis\u00e9e<\/a><\/div>\n<\/div>\n\n\n\n<figure class=\"wp-block-image size-full\"><img loading=\"lazy\" decoding=\"async\" width=\"2048\" height=\"1536\" src=\"http:\/\/frw-pcdr.be\/daverdisse\/wp-content\/uploads\/ER6\/Daverdisse\/Img\/sites\/13\/377250589_2279008345823391_5815129044047420407_n.jpg\" alt=\"Fa\u00e7ade noire et pierre de pays de la maison de village de Gembes\" class=\"wp-image-1133\" style=\"aspect-ratio:16\/9;object-fit:cover\" srcset=\"https:\/\/frw-pcdr.be\/daverdisse\/wp-content\/uploads\/ER6\/Daverdisse\/Img\/sites\/13\/377250589_2279008345823391_5815129044047420407_n.jpg 2048w, https:\/\/frw-pcdr.be\/daverdisse\/wp-content\/uploads\/ER6\/Daverdisse\/Img\/sites\/13\/377250589_2279008345823391_5815129044047420407_n-300x225.jpg 300w, https:\/\/frw-pcdr.be\/daverdisse\/wp-content\/uploads\/ER6\/Daverdisse\/Img\/sites\/13\/377250589_2279008345823391_5815129044047420407_n-1024x768.jpg 1024w, https:\/\/frw-pcdr.be\/daverdisse\/wp-content\/uploads\/ER6\/Daverdisse\/Img\/sites\/13\/377250589_2279008345823391_5815129044047420407_n-768x576.jpg 768w, https:\/\/frw-pcdr.be\/daverdisse\/wp-content\/uploads\/ER6\/Daverdisse\/Img\/sites\/13\/377250589_2279008345823391_5815129044047420407_n-1536x1152.jpg 1536w\" sizes=\"auto, (max-width: 2048px) 100vw, 2048px\" \/><\/figure>\n<\/div>\n<\/div>\n<\/div>\n\n\n\n<div style=\"height:50px\" aria-hidden=\"true\" class=\"wp-block-spacer\"><\/div>\n\n\n\n<p class=\"has-text-align-center has-ast-global-color-2-color has-text-color has-link-color wp-elements-557f917ff42630a8877ee262e7df4b06\" style=\"padding-right:3vh;padding-left:3vh\"><strong>Envie de d\u00e9couvrir d\u2019autres projets et mesurer l\u2019\u00e9tendue des champs d\u2019action du d\u00e9veloppement rural ? Rendez-vous sur&#8230;<\/strong><\/p>\n\n\n\n<div class=\"wp-block-buttons is-content-justification-center is-layout-flex wp-container-core-buttons-is-layout-a89b3969 wp-block-buttons-is-layout-flex\">\n<div class=\"wp-block-button\"><a class=\"wp-block-button__link wp-element-button\" href=\"https:\/\/www.frw.be\/des-projets-pour\/\" target=\"_blank\" rel=\"noreferrer noopener\"><strong>FRW &#8211; Des projets pour&#8230;<\/strong><\/a><\/div>\n<\/div>\n\n\n\n<div style=\"height:50px\" aria-hidden=\"true\" class=\"wp-block-spacer\"><\/div>\n","protected":false},"excerpt":{"rendered":"<p>En cours I.1.01 Action Patrimoine La premi\u00e8re fiche immat\u00e9rielle du PCDR s&rsquo;intitule \u00ab\u00a0I.1.01 &#8211; Entretien et valorisation du petit patrimoine\u00a0\u00bb.D\u00e8s [&hellip;]<\/p>\n","protected":false},"author":1,"featured_media":1097,"parent":0,"menu_order":3,"comment_status":"closed","ping_status":"closed","template":"","meta":{"site-sidebar-layout":"default","site-content-layout":"","ast-site-content-layout":"default","site-content-style":"default","site-sidebar-style":"default","ast-global-header-display":"","ast-banner-title-visibility":"","ast-main-header-display":"","ast-hfb-above-header-display":"","ast-hfb-below-header-display":"","ast-hfb-mobile-header-display":"","site-post-title":"disabled","ast-breadcrumbs-content":"","ast-featured-img":"disabled","footer-sml-layout":"","ast-disable-related-posts":"","theme-transparent-header-meta":"","adv-header-id-meta":"","stick-header-meta":"","header-above-stick-meta":"","header-main-stick-meta":"","header-below-stick-meta":"","astra-migrate-meta-layouts":"default","ast-page-background-enabled":"default","ast-page-background-meta":{"desktop":{"background-color":"var(--ast-global-color-5)","background-image":"","background-repeat":"repeat","background-position":"center center","background-size":"auto","background-attachment":"scroll","background-type":"","background-media":"","overlay-type":"","overlay-color":"","overlay-opacity":"","overlay-gradient":""},"tablet":{"background-color":"","background-image":"","background-repeat":"repeat","background-position":"center center","background-size":"auto","background-attachment":"scroll","background-type":"","background-media":"","overlay-type":"","overlay-color":"","overlay-opacity":"","overlay-gradient":""},"mobile":{"background-color":"","background-image":"","background-repeat":"repeat","background-position":"center center","background-size":"auto","background-attachment":"scroll","background-type":"","background-media":"","overlay-type":"","overlay-color":"","overlay-opacity":"","overlay-gradient":""}},"ast-content-background-meta":{"desktop":{"background-color":"var(--ast-global-color-4)","background-image":"","background-repeat":"repeat","background-position":"center center","background-size":"auto","background-attachment":"scroll","background-type":"","background-media":"","overlay-type":"","overlay-color":"","overlay-opacity":"","overlay-gradient":""},"tablet":{"background-color":"var(--ast-global-color-4)","background-image":"","background-repeat":"repeat","background-position":"center center","background-size":"auto","background-attachment":"scroll","background-type":"","background-media":"","overlay-type":"","overlay-color":"","overlay-opacity":"","overlay-gradient":""},"mobile":{"background-color":"var(--ast-global-color-4)","background-image":"","background-repeat":"repeat","background-position":"center center","background-size":"auto","background-attachment":"scroll","background-type":"","background-media":"","overlay-type":"","overlay-color":"","overlay-opacity":"","overlay-gradient":""}},"footnotes":""},"class_list":["post-9","page","type-page","status-publish","has-post-thumbnail","hentry"],"_links":{"self":[{"href":"https:\/\/frw-pcdr.be\/daverdisse\/wp-json\/wp\/v2\/pages\/9","targetHints":{"allow":["GET"]}}],"collection":[{"href":"https:\/\/frw-pcdr.be\/daverdisse\/wp-json\/wp\/v2\/pages"}],"about":[{"href":"https:\/\/frw-pcdr.be\/daverdisse\/wp-json\/wp\/v2\/types\/page"}],"author":[{"embeddable":true,"href":"https:\/\/frw-pcdr.be\/daverdisse\/wp-json\/wp\/v2\/users\/1"}],"replies":[{"embeddable":true,"href":"https:\/\/frw-pcdr.be\/daverdisse\/wp-json\/wp\/v2\/comments?post=9"}],"version-history":[{"count":22,"href":"https:\/\/frw-pcdr.be\/daverdisse\/wp-json\/wp\/v2\/pages\/9\/revisions"}],"predecessor-version":[{"id":1155,"href":"https:\/\/frw-pcdr.be\/daverdisse\/wp-json\/wp\/v2\/pages\/9\/revisions\/1155"}],"wp:featuredmedia":[{"embeddable":true,"href":"https:\/\/frw-pcdr.be\/daverdisse\/wp-json\/wp\/v2\/media\/1097"}],"wp:attachment":[{"href":"https:\/\/frw-pcdr.be\/daverdisse\/wp-json\/wp\/v2\/media?parent=9"}],"curies":[{"name":"wp","href":"https:\/\/api.w.org\/{rel}","templated":true}]}}