{"id":7,"date":"2025-10-21T17:15:29","date_gmt":"2025-10-21T15:15:29","guid":{"rendered":"https:\/\/frw-pcdr.be\/onhaye\/?page_id=7"},"modified":"2026-03-30T13:32:58","modified_gmt":"2026-03-30T11:32:58","slug":"le-pcdr","status":"publish","type":"page","link":"https:\/\/frw-pcdr.be\/daverdisse\/le-pcdr\/","title":{"rendered":"Le PCDR"},"content":{"rendered":"\n<div class=\"wp-block-group alignfull has-background is-layout-constrained wp-container-core-group-is-layout-31881a4c wp-block-group-is-layout-constrained\" style=\"background:linear-gradient(181deg,rgb(68,85,79) 0%,rgb(111,148,135) 100%);padding-top:3rem;padding-right:3vw;padding-bottom:3rem;padding-left:3vw\">\n<p class=\"has-text-align-center has-ast-global-color-3-color has-text-color has-link-color wp-elements-b9889f9fe1a5fba5d9223b9f31ff70ed\" style=\"margin-top:0;margin-bottom:0.5vw;padding-top:0;padding-right:3vh;padding-bottom:0;padding-left:3vh\"><strong>Le PCDR<\/strong> de votre commune a \u00e9t\u00e9 approuv\u00e9 par le Gouvernement wallon le <em>22 septembre 2016<\/em>.<\/p>\n\n\n\n<p class=\"has-text-align-center has-ast-global-color-3-color has-text-color has-link-color wp-elements-83e485b920103b279a9bd51ed0809f35\" style=\"margin-top:0;margin-bottom:0.5vw;padding-top:var(--wp--preset--spacing--30);padding-right:3vh;padding-bottom:var(--wp--preset--spacing--50);padding-left:3vh\">Retrouvez une synth\u00e8se du document ci-dessus, explorez la rubrique <strong><a href=\"https:\/\/frw-pcdr.be\/daverdisse\/les-realisations\/\" data-type=\"page\" data-id=\"9\">Les r\u00e9alisations<\/a><\/strong> pour d\u00e9couvrir les projets en cours ou achev\u00e9s, ou consultez le document complet ci-bas.<\/p>\n<\/div>\n\n\n\n<div class=\"wp-block-group alignfull is-layout-constrained wp-container-core-group-is-layout-3900bf58 wp-block-group-is-layout-constrained\" style=\"padding-top:3rem;padding-right:3vw;padding-bottom:0rem;padding-left:3vw\">\n<h1 class=\"wp-block-heading has-text-align-left has-ast-global-color-0-color has-text-color has-link-color wp-elements-1a76909b788c9902184f807d2fc8fb77\" style=\"padding-top:0;padding-right:1.5vh;padding-bottom:0;padding-left:1.5vh;font-size:3.5vh;letter-spacing:0px\">LE DOCUMENT<\/h1>\n\n\n\n<div style=\"height:24px\" aria-hidden=\"true\" class=\"wp-block-spacer\"><\/div>\n\n\n\n<p class=\"has-text-align-left has-black-color has-text-color has-link-color wp-elements-d6b18351d1c3c454c1cd5185396739ec\" style=\"padding-right:2vh;padding-left:2vh\">Le Programme Communal de D\u00e9veloppement Rural est un <strong>document <\/strong>divis\u00e9 en <strong>six parties<\/strong>, consultable en cliquant sur les liens ci-dessous :<\/p>\n\n\n\n<p class=\"has-text-align-left has-black-color has-text-color has-link-color wp-elements-e32408cf064d585b210edb5c6400e66b\" style=\"padding-top:0;padding-right:2vh;padding-bottom:0;padding-left:2vh\"><em><strong>Partie I<\/strong>.<\/em> <strong><a href=\"https:\/\/frw-pcdr.be\/daverdisse\/wp-content\/uploads\/ER6\/Daverdisse\/Doc\/PCDR\/Dav_PCDR_partie1.pdf\" target=\"_blank\" rel=\"noreferrer noopener\">Analyse des caract\u00e9ristiques de la Commune<\/a><\/strong><\/p>\n\n\n\n<p class=\"has-text-align-left has-black-color has-text-color has-link-color wp-elements-66b415c77845b6d94235f8511f9c6786\" style=\"padding-top:0;padding-right:2vh;padding-bottom:0;padding-left:2vh\"><strong><em>Partie II<\/em><\/strong>. <strong><a href=\"https:\/\/frw-pcdr.be\/daverdisse\/wp-content\/uploads\/ER6\/Daverdisse\/Doc\/PCDR\/Dav_PCDR_Partie2.pdf\" target=\"_blank\" rel=\"noreferrer noopener\">R\u00e9sultats de la consultation de la population<\/a><\/strong><\/p>\n\n\n\n<p class=\"has-text-align-left has-black-color has-text-color has-link-color wp-elements-166b907acbccd0fe1e80e3386eeb3557\" style=\"padding-top:0;padding-right:2vh;padding-bottom:0;padding-left:2vh\"><em><strong>Partie III<\/strong>.<\/em> <strong><a href=\"https:\/\/frw-pcdr.be\/daverdisse\/wp-content\/uploads\/ER6\/Daverdisse\/Doc\/PCDR\/Dav_PCDR_Partie3.pdf\">Diagnostic partag\u00e9 r\u00e9sultant de la confrontation de la partie 1 et de la partie 2<\/a><\/strong><\/p>\n\n\n\n<p class=\"has-text-align-left has-black-color has-text-color has-link-color wp-elements-d982cabc9c23be352cfb43d9890d9abe\" style=\"padding-top:0;padding-right:2vh;padding-bottom:0;padding-left:2vh\"><strong><em>Partie IV. <\/em><a href=\"https:\/\/frw-pcdr.be\/daverdisse\/wp-content\/uploads\/ER6\/Daverdisse\/Doc\/PCDR\/Dav_PCDR_Partie4.pdf\" target=\"_blank\" rel=\"noreferrer noopener\">Strat\u00e9gie de d\u00e9veloppement sous forme d&rsquo;objectifs sp\u00e9cifiques<\/a><\/strong><\/p>\n\n\n\n<p class=\"has-text-align-left has-black-color has-text-color has-link-color wp-elements-44c057a62cdc2af650fc4f7e1e48d2d9\" style=\"padding-top:0;padding-right:2vh;padding-bottom:0;padding-left:2vh\"><strong><em>Partie V<\/em><\/strong>. <strong>&nbsp;Projets visant \u00e0 atteindre les objectifs<\/strong><\/p>\n\n\n\n<p class=\"has-text-align-left has-black-color has-text-color has-link-color wp-elements-916ab93630318988600f7c0344015cf8\" style=\"padding-top:0;padding-right:2vh;padding-bottom:0;padding-left:2vh\"><em><strong>Partie VI<\/strong>. <\/em><strong><a href=\"https:\/\/frw-pcdr.be\/daverdisse\/wp-content\/uploads\/ER6\/Daverdisse\/Doc\/PCDR\/Dav_PCDR_Partie6.pdf\" target=\"_blank\" rel=\"noreferrer noopener\">Tableau r\u00e9capitulatif d\u00e9taillant les diff\u00e9rents projets, la planification temporelle, les intervenants financiers et les objectifs poursuivis<\/a><\/strong><\/p>\n\n\n\n<p class=\"has-text-align-left has-black-color has-text-color has-link-color wp-elements-5b3d610d57ca622ed6a7cf99e16abea0\" style=\"padding-top:0;padding-right:2vh;padding-bottom:0;padding-left:2vh\"><a href=\"https:\/\/frw-pcdr.be\/daverdisse\/wp-content\/uploads\/ER6\/Daverdisse\/Doc\/PCDR\/Dav_Carto_compil.pdf\"><strong><em>Annexes cartographiques<\/em><\/strong><\/a><\/p>\n\n\n\n<p class=\"has-text-align-left has-black-color has-text-color has-link-color wp-elements-282b465b189d8b0597361f555095d8f4\" style=\"padding-top:0;padding-right:2vh;padding-bottom:0;padding-left:2vh\"><em><strong><a href=\"https:\/\/frw-pcdr.be\/daverdisse\/wp-content\/uploads\/ER6\/Daverdisse\/Doc\/PCDR\/Dav_Annexes.pdf\">Annexes<\/a><\/strong><\/em><\/p>\n\n\n\n<div style=\"height:18px\" aria-hidden=\"true\" class=\"wp-block-spacer\"><\/div>\n\n\n\n<hr class=\"wp-block-separator has-text-color has-ast-global-color-1-color has-alpha-channel-opacity has-ast-global-color-1-background-color has-background is-style-wide\"\/>\n<\/div>\n\n\n\n<div style=\"height:50px\" aria-hidden=\"true\" class=\"wp-block-spacer\"><\/div>\n\n\n\n<div class=\"wp-block-group is-layout-constrained wp-block-group-is-layout-constrained\" style=\"margin-top:0;margin-bottom:0;padding-top:0;padding-bottom:0\">\n<p class=\"has-text-align-center has-ast-global-color-0-color has-text-color has-link-color wp-elements-68c2c325f8968e21a913a29f535db207\" style=\"padding-left:2vw\"><strong>Envie d\u2019en savoir plus sur les Op\u00e9rations de D\u00e9veloppement Rural et r\u00f4le de la FRW ? Rendez-vous sur&#8230;<\/strong><\/p>\n\n\n\n<div class=\"wp-block-buttons is-content-justification-center is-layout-flex wp-container-core-buttons-is-layout-a89b3969 wp-block-buttons-is-layout-flex\">\n<div class=\"wp-block-button\"><a class=\"wp-block-button__link wp-element-button\" href=\"https:\/\/www.frw.be\/nos-missions\/#ODR\" target=\"_blank\" rel=\"noreferrer noopener\">FRW &#8211; Nos missions<\/a><\/div>\n<\/div>\n<\/div>\n\n\n\n<div style=\"height:50px\" aria-hidden=\"true\" class=\"wp-block-spacer\"><\/div>\n","protected":false},"excerpt":{"rendered":"<p>Le PCDR de votre commune a \u00e9t\u00e9 approuv\u00e9 par le Gouvernement wallon le 22 septembre 2016. Retrouvez une synth\u00e8se du [&hellip;]<\/p>\n","protected":false},"author":1,"featured_media":1097,"parent":0,"menu_order":2,"comment_status":"closed","ping_status":"closed","template":"","meta":{"site-sidebar-layout":"default","site-content-layout":"","ast-site-content-layout":"default","site-content-style":"default","site-sidebar-style":"default","ast-global-header-display":"","ast-banner-title-visibility":"","ast-main-header-display":"","ast-hfb-above-header-display":"","ast-hfb-below-header-display":"","ast-hfb-mobile-header-display":"","site-post-title":"disabled","ast-breadcrumbs-content":"","ast-featured-img":"disabled","footer-sml-layout":"","ast-disable-related-posts":"","theme-transparent-header-meta":"","adv-header-id-meta":"","stick-header-meta":"","header-above-stick-meta":"","header-main-stick-meta":"","header-below-stick-meta":"","astra-migrate-meta-layouts":"default","ast-page-background-enabled":"default","ast-page-background-meta":{"desktop":{"background-color":"var(--ast-global-color-5)","background-image":"","background-repeat":"repeat","background-position":"center center","background-size":"auto","background-attachment":"scroll","background-type":"","background-media":"","overlay-type":"","overlay-color":"","overlay-opacity":"","overlay-gradient":""},"tablet":{"background-color":"","background-image":"","background-repeat":"repeat","background-position":"center center","background-size":"auto","background-attachment":"scroll","background-type":"","background-media":"","overlay-type":"","overlay-color":"","overlay-opacity":"","overlay-gradient":""},"mobile":{"background-color":"","background-image":"","background-repeat":"repeat","background-position":"center center","background-size":"auto","background-attachment":"scroll","background-type":"","background-media":"","overlay-type":"","overlay-color":"","overlay-opacity":"","overlay-gradient":""}},"ast-content-background-meta":{"desktop":{"background-color":"var(--ast-global-color-4)","background-image":"","background-repeat":"repeat","background-position":"center center","background-size":"auto","background-attachment":"scroll","background-type":"","background-media":"","overlay-type":"","overlay-color":"","overlay-opacity":"","overlay-gradient":""},"tablet":{"background-color":"var(--ast-global-color-4)","background-image":"","background-repeat":"repeat","background-position":"center center","background-size":"auto","background-attachment":"scroll","background-type":"","background-media":"","overlay-type":"","overlay-color":"","overlay-opacity":"","overlay-gradient":""},"mobile":{"background-color":"var(--ast-global-color-4)","background-image":"","background-repeat":"repeat","background-position":"center center","background-size":"auto","background-attachment":"scroll","background-type":"","background-media":"","overlay-type":"","overlay-color":"","overlay-opacity":"","overlay-gradient":""}},"footnotes":""},"class_list":["post-7","page","type-page","status-publish","has-post-thumbnail","hentry"],"_links":{"self":[{"href":"https:\/\/frw-pcdr.be\/daverdisse\/wp-json\/wp\/v2\/pages\/7","targetHints":{"allow":["GET"]}}],"collection":[{"href":"https:\/\/frw-pcdr.be\/daverdisse\/wp-json\/wp\/v2\/pages"}],"about":[{"href":"https:\/\/frw-pcdr.be\/daverdisse\/wp-json\/wp\/v2\/types\/page"}],"author":[{"embeddable":true,"href":"https:\/\/frw-pcdr.be\/daverdisse\/wp-json\/wp\/v2\/users\/1"}],"replies":[{"embeddable":true,"href":"https:\/\/frw-pcdr.be\/daverdisse\/wp-json\/wp\/v2\/comments?post=7"}],"version-history":[{"count":11,"href":"https:\/\/frw-pcdr.be\/daverdisse\/wp-json\/wp\/v2\/pages\/7\/revisions"}],"predecessor-version":[{"id":1167,"href":"https:\/\/frw-pcdr.be\/daverdisse\/wp-json\/wp\/v2\/pages\/7\/revisions\/1167"}],"wp:featuredmedia":[{"embeddable":true,"href":"https:\/\/frw-pcdr.be\/daverdisse\/wp-json\/wp\/v2\/media\/1097"}],"wp:attachment":[{"href":"https:\/\/frw-pcdr.be\/daverdisse\/wp-json\/wp\/v2\/media?parent=7"}],"curies":[{"name":"wp","href":"https:\/\/api.w.org\/{rel}","templated":true}]}}