{"id":330,"date":"2025-10-29T10:49:31","date_gmt":"2025-10-29T09:49:31","guid":{"rendered":"https:\/\/frw-pcdr.be\/onhaye\/?page_id=330"},"modified":"2025-12-12T16:55:10","modified_gmt":"2025-12-12T15:55:10","slug":"actualites","status":"publish","type":"page","link":"https:\/\/frw-pcdr.be\/daverdisse\/actualites\/","title":{"rendered":"Actualit\u00e9s"},"content":{"rendered":"\n<div class=\"wp-block-group alignfull is-layout-constrained wp-container-core-group-is-layout-ce46af0e wp-block-group-is-layout-constrained\" style=\"padding-top:0;padding-right:3vw;padding-bottom:3vw;padding-left:3vw\">\n<h1 class=\"wp-block-heading has-text-align-left has-ast-global-color-0-color has-text-color has-link-color wp-elements-4a5e537b25b355149cbbd5be494b8a72\" style=\"margin-top:3rem;padding-top:0;padding-right:1.5vh;padding-bottom:0;padding-left:1.5vh;font-size:3.5vh;letter-spacing:0px\">ACTUALIT\u00c9S<\/h1>\n\n\n\n<h2 class=\"wp-block-heading has-text-align-left has-ast-global-color-1-color has-text-color has-link-color wp-elements-dbd4d0fac0b27ddf9730ade8dcde6000\" style=\"margin-top:var(--wp--preset--spacing--50);margin-right:0;margin-bottom:0;margin-left:0;padding-top:0;padding-right:2vh;padding-bottom:0;padding-left:2vh\">Les derni\u00e8res infos relatives au PCDR de votre commune<\/h2>\n\n\n\n<p style=\"margin-top:var(--wp--preset--spacing--40);margin-bottom:var(--wp--preset--spacing--40);padding-right:2vh;padding-left:2vh\">Projets en cours, inaugurations, r\u00e9unions&#8230;<\/p>\n<\/div>\n\n\n\n<div class=\"wp-block-group alignfull has-ast-global-color-3-background-color has-background is-layout-constrained wp-block-group-is-layout-constrained\" style=\"margin-bottom:0;padding-top:0rem;padding-bottom:0rem\">\n<div class=\"wp-block-columns has-background is-layout-flex wp-container-core-columns-is-layout-2097dcb0 wp-block-columns-is-layout-flex\" style=\"border-radius:5px;background:linear-gradient(135deg,rgb(68,85,79) 0%,rgb(111,148,135) 100%);padding-top:var(--wp--preset--spacing--30);padding-right:var(--wp--preset--spacing--30);padding-bottom:var(--wp--preset--spacing--60);padding-left:var(--wp--preset--spacing--30)\">\n<div class=\"wp-block-column is-vertically-aligned-center is-layout-flow wp-block-column-is-layout-flow\" style=\"padding-right:0;padding-left:0\">\n<figure class=\"wp-block-image size-full\"><img loading=\"lazy\" decoding=\"async\" width=\"2000\" height=\"1500\" src=\"https:\/\/frw-pcdr.be\/daverdisse\/wp-content\/uploads\/ER6\/Daverdisse\/Img\/sites\/13\/travail_CLDR_Daverdisse.webp\" alt=\"R\u00e9union de la CLDR de Daverdisse. Deux intervenants assis \u00e0 une table avec des ordinateurs portables, face \u00e0 un public attentif d\u2019une cinquantaine de personnes. Le public assiste \u00e0 la pr\u00e9sentation d\u2019un projet.\" class=\"wp-image-1029\" style=\"aspect-ratio:16\/9;object-fit:cover\" srcset=\"https:\/\/frw-pcdr.be\/daverdisse\/wp-content\/uploads\/ER6\/Daverdisse\/Img\/sites\/13\/travail_CLDR_Daverdisse.webp 2000w, https:\/\/frw-pcdr.be\/daverdisse\/wp-content\/uploads\/ER6\/Daverdisse\/Img\/sites\/13\/travail_CLDR_Daverdisse-300x225.webp 300w, https:\/\/frw-pcdr.be\/daverdisse\/wp-content\/uploads\/ER6\/Daverdisse\/Img\/sites\/13\/travail_CLDR_Daverdisse-1024x768.webp 1024w, https:\/\/frw-pcdr.be\/daverdisse\/wp-content\/uploads\/ER6\/Daverdisse\/Img\/sites\/13\/travail_CLDR_Daverdisse-768x576.webp 768w, https:\/\/frw-pcdr.be\/daverdisse\/wp-content\/uploads\/ER6\/Daverdisse\/Img\/sites\/13\/travail_CLDR_Daverdisse-1536x1152.webp 1536w\" sizes=\"auto, (max-width: 2000px) 100vw, 2000px\" \/><\/figure>\n<\/div>\n\n\n\n<div class=\"wp-block-column is-layout-flow wp-block-column-is-layout-flow\" style=\"padding-left:0\">\n<h2 class=\"wp-block-heading has-ast-global-color-3-color has-text-color has-link-color wp-elements-9cdc723533aa0618fbc19c86bf0f3afc\" style=\"padding-top:var(--wp--preset--spacing--40);padding-right:1.5vh;padding-left:1.5vh\">Les derni\u00e8res nouvelles et le travail de la CLDR<\/h2>\n\n\n\n<h6 class=\"wp-block-heading has-ast-global-color-3-color has-text-color has-link-color wp-elements-5d392ba50135287955cdc5dddb247351\" style=\"padding-right:1.5vh;padding-left:1.5vh\">Septembre 2025<\/h6>\n\n\n\n<hr class=\"wp-block-separator has-text-color has-ast-global-color-1-color has-alpha-channel-opacity has-ast-global-color-1-background-color has-background is-style-wide\"\/>\n\n\n\n<p class=\"has-ast-global-color-3-color has-text-color has-link-color wp-elements-add31612668d0265e1974283f3572d9a\" style=\"padding-right:1.5vh;padding-left:1.5vh\">Le PCDR est valide jusque septembre 2026 et la CLDR r\u00e9fl\u00e9chit \u00e0 la prochaine convention DR qui portera sur l&rsquo;am\u00e9nagement du site du lavoir des Scottons.<\/p>\n\n\n\n<p class=\"has-ast-global-color-3-color has-text-color has-link-color wp-elements-3bc57a5c56493770952e0fc09bc44968\" style=\"padding-right:1.5vh;padding-left:1.5vh\">\u200bPour avancer dans le projet de maison rurale \u00e0 Haut-Fays, une soir\u00e9e d&rsquo;information a \u00e9t\u00e9 organis\u00e9e \u00e0 l&rsquo;attention des associations et des habitants de Haut-Fays, les Scottons et Sclassin d\u00e9but 2025. Quelques observations \u00e9mises en s\u00e9ance ont permis \u00e0 l&rsquo;auteur d&rsquo;adapter au mieux l&rsquo;avant-projet aux besoins locaux. L&rsquo;avant-projet a \u00e9t\u00e9 approuv\u00e9 par la CLDR fin avril 2025, et par le SPW-DDR en juillet 2025. La proc\u00e9dure de demande de permis d&rsquo;urbanisme est en cours.<\/p>\n\n\n\n<p class=\"has-ast-global-color-3-color has-text-color has-link-color wp-elements-8e7de51b5c0df4394e6e9d797059fdd2\" style=\"padding-right:1.5vh;padding-left:1.5vh\">En ce qui concerne l&rsquo;am\u00e9nagement du c\u0153ur de Porcheresse, la Commune se voit dans l&rsquo;obligation de relancer un second march\u00e9 de travaux, vu les d\u00e9passements budg\u00e9taires cons\u00e9quents des premi\u00e8res offres.&nbsp;<\/p>\n\n\n\n<p class=\"has-ast-global-color-3-color has-text-color has-link-color wp-elements-c0b6c93a5b68d51417912b487f7c6914\" style=\"padding-right:1.5vh;padding-left:1.5vh\">En 2025, la CLDR va prolonger l&rsquo;action patrimoine par une r\u00e9flexion pour la cr\u00e9ation de circuits de promenade ax\u00e9s sur le patrimoine local. Pour cela, elle va s&rsquo;entourer de diff\u00e9rents partenaires.<\/p>\n\n\n\n<ul class=\"wp-block-list\">\n<li class=\"has-ast-global-color-3-color has-text-color has-link-color wp-elements-fc916107c6e92c19aa3b826a06fc0d1c\">Retrouvez les comptes rendus sur :<\/li>\n<\/ul>\n\n\n\n<div class=\"wp-block-buttons is-layout-flex wp-block-buttons-is-layout-flex\" style=\"margin-top:var(--wp--preset--spacing--30);margin-bottom:var(--wp--preset--spacing--30);padding-right:2vh;padding-left:2vh\">\n<div class=\"wp-block-button\"><a class=\"wp-block-button__link wp-element-button\" href=\"https:\/\/frw-pcdr.be\/daverdisse\/comment-participer\/\"><strong>Comment participer ?<\/strong><\/a><\/div>\n<\/div>\n<\/div>\n<\/div>\n<\/div>\n\n\n\n<div style=\"height:40px\" aria-hidden=\"true\" class=\"wp-block-spacer\"><\/div>\n\n\n\n<div class=\"wp-block-group alignfull has-ast-global-color-3-background-color has-background is-layout-constrained wp-block-group-is-layout-constrained\" style=\"margin-bottom:0;padding-top:0rem;padding-bottom:0rem\">\n<div class=\"wp-block-columns has-background is-layout-flex wp-container-core-columns-is-layout-2097dcb0 wp-block-columns-is-layout-flex\" style=\"border-radius:5px;background:linear-gradient(135deg,rgb(68,85,79) 0%,rgb(111,148,135) 100%);padding-top:var(--wp--preset--spacing--30);padding-right:var(--wp--preset--spacing--30);padding-bottom:var(--wp--preset--spacing--60);padding-left:var(--wp--preset--spacing--30)\">\n<div class=\"wp-block-column is-vertically-aligned-center is-layout-flow wp-block-column-is-layout-flow\" style=\"padding-right:0;padding-left:0\">\n<figure class=\"wp-block-image size-full\"><img loading=\"lazy\" decoding=\"async\" width=\"1920\" height=\"2560\" src=\"http:\/\/frw-pcdr.be\/daverdisse\/wp-content\/uploads\/ER6\/Daverdisse\/Img\/sites\/13\/Maison_des_associations-scaled.webp\" alt=\"\" class=\"wp-image-1035\" style=\"aspect-ratio:16\/9;object-fit:contain\" srcset=\"https:\/\/frw-pcdr.be\/daverdisse\/wp-content\/uploads\/ER6\/Daverdisse\/Img\/sites\/13\/Maison_des_associations-scaled.webp 1920w, https:\/\/frw-pcdr.be\/daverdisse\/wp-content\/uploads\/ER6\/Daverdisse\/Img\/sites\/13\/Maison_des_associations-225x300.webp 225w, https:\/\/frw-pcdr.be\/daverdisse\/wp-content\/uploads\/ER6\/Daverdisse\/Img\/sites\/13\/Maison_des_associations-768x1024.webp 768w, https:\/\/frw-pcdr.be\/daverdisse\/wp-content\/uploads\/ER6\/Daverdisse\/Img\/sites\/13\/Maison_des_associations-1152x1536.webp 1152w, https:\/\/frw-pcdr.be\/daverdisse\/wp-content\/uploads\/ER6\/Daverdisse\/Img\/sites\/13\/Maison_des_associations-1536x2048.webp 1536w\" sizes=\"auto, (max-width: 1920px) 100vw, 1920px\" \/><\/figure>\n<\/div>\n\n\n\n<div class=\"wp-block-column is-layout-flow wp-block-column-is-layout-flow\" style=\"padding-left:0\">\n<h2 class=\"wp-block-heading has-ast-global-color-3-color has-text-color has-link-color wp-elements-07e60a1f9ad7436df39c6149dce81b54\" style=\"padding-top:var(--wp--preset--spacing--40);padding-right:1.5vh;padding-left:1.5vh\">\u00c9tat d&rsquo;avancement des conventions DR<\/h2>\n\n\n\n<h6 class=\"wp-block-heading has-ast-global-color-3-color has-text-color has-link-color wp-elements-e0d8d8cecb74f1b512eb56e56e82d0c7\" style=\"padding-right:1.5vh;padding-left:1.5vh\">Juin 2025<\/h6>\n\n\n\n<hr class=\"wp-block-separator has-text-color has-ast-global-color-1-color has-alpha-channel-opacity has-ast-global-color-1-background-color has-background is-style-wide\"\/>\n\n\n\n<p class=\"has-ast-global-color-3-color has-text-color has-link-color wp-elements-7465d721083901bc606cbafba300807a\" style=\"padding-right:1.5vh;padding-left:1.5vh\">Les travaux sur la&nbsp;<strong>voie lente transcommunale<\/strong>&nbsp;sont termin\u00e9s. La passerelle au-dessus de l&rsquo;Almache \u00e0 Gembes a \u00e9t\u00e9 pos\u00e9e en 2021. Le projet a \u00e9t\u00e9 inaugur\u00e9 le 1er juillet 2022. N&rsquo;h\u00e9sitez pas \u00e0 venir faire le parcours \u00e0 pied, \u00e0 v\u00e9lo, \u00e0 cheval ! La promenade en vaut la peine !<\/p>\n\n\n\n<p class=\"has-ast-global-color-3-color has-text-color has-link-color wp-elements-c7d7d9836d869388ff23f587634ceb2e\" style=\"padding-right:1.5vh;padding-left:1.5vh\">\u200bLes travaux d&rsquo;am\u00e9nagement de la&nbsp;<strong>maison de village de Gembes<\/strong>, tant attendus par les habitants, ont d\u00e9marr\u00e9 d\u00e9but juillet 2021 pour prendre fin en septembre 2022. Son inauguration a eu lieu en septembre 2023.<\/p>\n\n\n\n<p class=\"has-ast-global-color-3-color has-text-color has-link-color wp-elements-eb9a7f81e9a9d71ce70b256d8a9bb34a\" style=\"padding-right:1.5vh;padding-left:1.5vh\">Les travaux d&rsquo;am\u00e9nagement de la&nbsp;<strong>maison des associations \u00e0 Haut-Fays<\/strong>&nbsp;ont commenc\u00e9 d\u00e9but octobre 2023 et se sont termin\u00e9s en avril 2025. L&rsquo;inauguration a eu lieu fin mai 2025.<\/p>\n\n\n\n<p class=\"has-ast-global-color-3-color has-text-color has-link-color wp-elements-f102a7a152e83412ed408fd50eb4ffc1\" style=\"padding-right:1.5vh;padding-left:1.5vh\">La Commune a approuv\u00e9 le dossier projet&nbsp;d&rsquo;<strong>am\u00e9nagement du coeur de Porcheresse<\/strong>&nbsp;et a re\u00e7u la promesse de subsides de la Ministre (convention-r\u00e9alisation) en janvier 2025; l&rsquo;adjudication des travaux s&rsquo;est av\u00e9r\u00e9e sup\u00e9rieure \u00e0 ce qui avait \u00e9t\u00e9 estim\u00e9. C&rsquo;est pourquoi une seconde adjudication sera r\u00e9alis\u00e9e.<\/p>\n\n\n\n<p class=\"has-ast-global-color-3-color has-text-color has-link-color wp-elements-c3a1f017ad415d1c53e8f824a262ffd5\" style=\"padding-right:1.5vh;padding-left:1.5vh\">La Commune a re\u00e7u la promesse de subsides (convention-faisabilit\u00e9) pour la&nbsp;<strong>maison rurale de Haut-Fays<\/strong>&nbsp;en juin 2024. Suite \u00e0 une r\u00e9union avec les villageois et les associations, la CLDR a approuv\u00e9 l&rsquo;avant-projet le 22 avril 2025. Le dossier est \u00e0 l&rsquo;Administration; la demande de permis d&rsquo;urbanisme sera prochainement introduite.<\/p>\n\n\n\n<ul class=\"wp-block-list\">\n<li class=\"has-ast-global-color-3-color has-text-color has-link-color wp-elements-ac32b90d43ae54ff4e0a63db80301081\">\u200bBient\u00f4t plus de d\u00e9tails sur :<\/li>\n<\/ul>\n\n\n\n<div class=\"wp-block-buttons is-layout-flex wp-block-buttons-is-layout-flex\" style=\"margin-top:var(--wp--preset--spacing--30);margin-bottom:var(--wp--preset--spacing--30);padding-right:2vh;padding-left:2vh\">\n<div class=\"wp-block-button\"><a class=\"wp-block-button__link wp-element-button\" href=\"https:\/\/frw-pcdr.be\/daverdisse\/les-realisations\/\"><strong>Les r\u00e9alisations<\/strong><\/a><\/div>\n<\/div>\n<\/div>\n<\/div>\n<\/div>\n\n\n\n<div style=\"height:40px\" aria-hidden=\"true\" class=\"wp-block-spacer\"><\/div>\n","protected":false},"excerpt":{"rendered":"<p>ACTUALIT\u00c9S Les derni\u00e8res infos relatives au PCDR de votre commune Projets en cours, inaugurations, r\u00e9unions&#8230; Les derni\u00e8res nouvelles et le [&hellip;]<\/p>\n","protected":false},"author":1,"featured_media":1097,"parent":0,"menu_order":1,"comment_status":"closed","ping_status":"closed","template":"","meta":{"site-sidebar-layout":"default","site-content-layout":"","ast-site-content-layout":"default","site-content-style":"default","site-sidebar-style":"default","ast-global-header-display":"","ast-banner-title-visibility":"","ast-main-header-display":"","ast-hfb-above-header-display":"","ast-hfb-below-header-display":"","ast-hfb-mobile-header-display":"","site-post-title":"disabled","ast-breadcrumbs-content":"","ast-featured-img":"disabled","footer-sml-layout":"","ast-disable-related-posts":"","theme-transparent-header-meta":"","adv-header-id-meta":"","stick-header-meta":"","header-above-stick-meta":"","header-main-stick-meta":"","header-below-stick-meta":"","astra-migrate-meta-layouts":"default","ast-page-background-enabled":"default","ast-page-background-meta":{"desktop":{"background-color":"var(--ast-global-color-5)","background-image":"","background-repeat":"repeat","background-position":"center center","background-size":"auto","background-attachment":"scroll","background-type":"","background-media":"","overlay-type":"","overlay-color":"","overlay-opacity":"","overlay-gradient":""},"tablet":{"background-color":"","background-image":"","background-repeat":"repeat","background-position":"center center","background-size":"auto","background-attachment":"scroll","background-type":"","background-media":"","overlay-type":"","overlay-color":"","overlay-opacity":"","overlay-gradient":""},"mobile":{"background-color":"","background-image":"","background-repeat":"repeat","background-position":"center center","background-size":"auto","background-attachment":"scroll","background-type":"","background-media":"","overlay-type":"","overlay-color":"","overlay-opacity":"","overlay-gradient":""}},"ast-content-background-meta":{"desktop":{"background-color":"var(--ast-global-color-4)","background-image":"","background-repeat":"repeat","background-position":"center center","background-size":"auto","background-attachment":"scroll","background-type":"","background-media":"","overlay-type":"","overlay-color":"","overlay-opacity":"","overlay-gradient":""},"tablet":{"background-color":"var(--ast-global-color-4)","background-image":"","background-repeat":"repeat","background-position":"center center","background-size":"auto","background-attachment":"scroll","background-type":"","background-media":"","overlay-type":"","overlay-color":"","overlay-opacity":"","overlay-gradient":""},"mobile":{"background-color":"var(--ast-global-color-4)","background-image":"","background-repeat":"repeat","background-position":"center center","background-size":"auto","background-attachment":"scroll","background-type":"","background-media":"","overlay-type":"","overlay-color":"","overlay-opacity":"","overlay-gradient":""}},"footnotes":""},"class_list":["post-330","page","type-page","status-publish","has-post-thumbnail","hentry"],"_links":{"self":[{"href":"https:\/\/frw-pcdr.be\/daverdisse\/wp-json\/wp\/v2\/pages\/330","targetHints":{"allow":["GET"]}}],"collection":[{"href":"https:\/\/frw-pcdr.be\/daverdisse\/wp-json\/wp\/v2\/pages"}],"about":[{"href":"https:\/\/frw-pcdr.be\/daverdisse\/wp-json\/wp\/v2\/types\/page"}],"author":[{"embeddable":true,"href":"https:\/\/frw-pcdr.be\/daverdisse\/wp-json\/wp\/v2\/users\/1"}],"replies":[{"embeddable":true,"href":"https:\/\/frw-pcdr.be\/daverdisse\/wp-json\/wp\/v2\/comments?post=330"}],"version-history":[{"count":15,"href":"https:\/\/frw-pcdr.be\/daverdisse\/wp-json\/wp\/v2\/pages\/330\/revisions"}],"predecessor-version":[{"id":1116,"href":"https:\/\/frw-pcdr.be\/daverdisse\/wp-json\/wp\/v2\/pages\/330\/revisions\/1116"}],"wp:featuredmedia":[{"embeddable":true,"href":"https:\/\/frw-pcdr.be\/daverdisse\/wp-json\/wp\/v2\/media\/1097"}],"wp:attachment":[{"href":"https:\/\/frw-pcdr.be\/daverdisse\/wp-json\/wp\/v2\/media?parent=330"}],"curies":[{"name":"wp","href":"https:\/\/api.w.org\/{rel}","templated":true}]}}