{"id":815,"date":"2025-11-07T14:59:06","date_gmt":"2025-11-07T13:59:06","guid":{"rendered":"https:\/\/frw-pcdr.be\/onhaye\/?page_id=815"},"modified":"2026-01-23T12:16:48","modified_gmt":"2026-01-23T11:16:48","slug":"agenda","status":"publish","type":"page","link":"https:\/\/frw-pcdr.be\/court-st-etienne\/agenda\/","title":{"rendered":"Agenda"},"content":{"rendered":"\n<div class=\"wp-block-group alignfull is-layout-constrained wp-container-core-group-is-layout-4c900176 wp-block-group-is-layout-constrained\" style=\"padding-right:3vw;padding-left:3vw\">\n<div class=\"wp-block-columns has-ast-global-color-3-background-color has-background is-layout-flex wp-container-core-columns-is-layout-3f8c2fa2 wp-block-columns-is-layout-flex\" style=\"padding-bottom:0vw;padding-left:0vw\">\n<div class=\"wp-block-column is-layout-flow wp-block-column-is-layout-flow\" style=\"padding-top:0;padding-bottom:0\">\n<h1 class=\"wp-block-heading has-text-align-left has-ast-global-color-0-color has-text-color has-link-color wp-elements-61c503c0122798a639b5c1717885e5f3\" style=\"padding-top:0;padding-right:1.5vh;padding-bottom:0;padding-left:1.5vh;font-size:3.5vh;letter-spacing:0px\">AGENDA<\/h1>\n\n\n\n<h2 class=\"wp-block-heading has-text-align-left has-ast-global-color-1-color has-text-color has-link-color wp-elements-94387b44be0401fe96d660597ff248df\" style=\"margin-top:var(--wp--preset--spacing--50);margin-right:0;margin-bottom:0;margin-left:0;padding-top:0;padding-right:2vh;padding-bottom:0;padding-left:2vh\">Ne ratez rien des \u00e9v\u00e9nements \u00e0 venir dans votre commune<\/h2>\n\n\n\n<p style=\"margin-top:var(--wp--preset--spacing--40);margin-bottom:var(--wp--preset--spacing--40);padding-right:2vh;padding-left:2vh\">CLDR, Groupes de Travail, \u00e9v\u00e9nements&#8230;<\/p>\n\n\n\n<div class=\"wp-block-buttons alignwide is-content-justification-left is-layout-flex wp-container-core-buttons-is-layout-14fd98ad wp-block-buttons-is-layout-flex\" style=\"margin-top:0;margin-bottom:0;padding-top:var(--wp--preset--spacing--50);padding-right:1.5vh;padding-bottom:var(--wp--preset--spacing--50);padding-left:1.5vh\">\n<div class=\"wp-block-button\"><a class=\"wp-block-button__link wp-element-button\" href=\"https:\/\/frw-pcdr.be\/court-st-etienne\/comment-participer\/\"><strong>Comment participer ?<\/strong><\/a><\/div>\n<\/div>\n<\/div>\n\n\n\n<div class=\"wp-block-column is-vertically-aligned-center has-border-color has-ast-global-color-0-border-color has-ast-global-color-2-background-color has-background is-layout-flow wp-block-column-is-layout-flow\" style=\"border-width:20px;border-radius:5px;padding-top:0;padding-bottom:0\">\n<div style=\"padding: 0 1.5vh;\">\n  <iframe loading=\"lazy\" \n    width=\"670\" \n    height=\"400\" \n    src=\"https:\/\/framagenda.org\/apps\/calendar\/embed\/Jao4oDSnP6eGQTDT\"\n    style=\"width: 100%; border: none; border-radius: 10px; overflow: hidden;\">\n  <\/iframe>\n<\/div>\n<\/div>\n<\/div>\n<\/div>\n","protected":false},"excerpt":{"rendered":"<p>AGENDA Ne ratez rien des \u00e9v\u00e9nements \u00e0 venir dans votre commune CLDR, Groupes de Travail, \u00e9v\u00e9nements&#8230;<\/p>\n","protected":false},"author":1,"featured_media":1063,"parent":0,"menu_order":5,"comment_status":"closed","ping_status":"closed","template":"","meta":{"site-sidebar-layout":"default","site-content-layout":"","ast-site-content-layout":"default","site-content-style":"default","site-sidebar-style":"default","ast-global-header-display":"","ast-banner-title-visibility":"","ast-main-header-display":"","ast-hfb-above-header-display":"","ast-hfb-below-header-display":"","ast-hfb-mobile-header-display":"","site-post-title":"disabled","ast-breadcrumbs-content":"","ast-featured-img":"disabled","footer-sml-layout":"","ast-disable-related-posts":"","theme-transparent-header-meta":"","adv-header-id-meta":"","stick-header-meta":"","header-above-stick-meta":"","header-main-stick-meta":"","header-below-stick-meta":"","astra-migrate-meta-layouts":"default","ast-page-background-enabled":"default","ast-page-background-meta":{"desktop":{"background-color":"var(--ast-global-color-5)","background-image":"","background-repeat":"repeat","background-position":"center center","background-size":"auto","background-attachment":"scroll","background-type":"","background-media":"","overlay-type":"","overlay-color":"","overlay-opacity":"","overlay-gradient":""},"tablet":{"background-color":"","background-image":"","background-repeat":"repeat","background-position":"center center","background-size":"auto","background-attachment":"scroll","background-type":"","background-media":"","overlay-type":"","overlay-color":"","overlay-opacity":"","overlay-gradient":""},"mobile":{"background-color":"","background-image":"","background-repeat":"repeat","background-position":"center center","background-size":"auto","background-attachment":"scroll","background-type":"","background-media":"","overlay-type":"","overlay-color":"","overlay-opacity":"","overlay-gradient":""}},"ast-content-background-meta":{"desktop":{"background-color":"var(--ast-global-color-4)","background-image":"","background-repeat":"repeat","background-position":"center center","background-size":"auto","background-attachment":"scroll","background-type":"","background-media":"","overlay-type":"","overlay-color":"","overlay-opacity":"","overlay-gradient":""},"tablet":{"background-color":"var(--ast-global-color-4)","background-image":"","background-repeat":"repeat","background-position":"center center","background-size":"auto","background-attachment":"scroll","background-type":"","background-media":"","overlay-type":"","overlay-color":"","overlay-opacity":"","overlay-gradient":""},"mobile":{"background-color":"var(--ast-global-color-4)","background-image":"","background-repeat":"repeat","background-position":"center center","background-size":"auto","background-attachment":"scroll","background-type":"","background-media":"","overlay-type":"","overlay-color":"","overlay-opacity":"","overlay-gradient":""}},"footnotes":""},"class_list":["post-815","page","type-page","status-publish","has-post-thumbnail","hentry"],"_links":{"self":[{"href":"https:\/\/frw-pcdr.be\/court-st-etienne\/wp-json\/wp\/v2\/pages\/815","targetHints":{"allow":["GET"]}}],"collection":[{"href":"https:\/\/frw-pcdr.be\/court-st-etienne\/wp-json\/wp\/v2\/pages"}],"about":[{"href":"https:\/\/frw-pcdr.be\/court-st-etienne\/wp-json\/wp\/v2\/types\/page"}],"author":[{"embeddable":true,"href":"https:\/\/frw-pcdr.be\/court-st-etienne\/wp-json\/wp\/v2\/users\/1"}],"replies":[{"embeddable":true,"href":"https:\/\/frw-pcdr.be\/court-st-etienne\/wp-json\/wp\/v2\/comments?post=815"}],"version-history":[{"count":6,"href":"https:\/\/frw-pcdr.be\/court-st-etienne\/wp-json\/wp\/v2\/pages\/815\/revisions"}],"predecessor-version":[{"id":1126,"href":"https:\/\/frw-pcdr.be\/court-st-etienne\/wp-json\/wp\/v2\/pages\/815\/revisions\/1126"}],"wp:featuredmedia":[{"embeddable":true,"href":"https:\/\/frw-pcdr.be\/court-st-etienne\/wp-json\/wp\/v2\/media\/1063"}],"wp:attachment":[{"href":"https:\/\/frw-pcdr.be\/court-st-etienne\/wp-json\/wp\/v2\/media?parent=815"}],"curies":[{"name":"wp","href":"https:\/\/api.w.org\/{rel}","templated":true}]}}