{"id":14,"date":"2025-10-21T17:18:03","date_gmt":"2025-10-21T15:18:03","guid":{"rendered":"https:\/\/frw-pcdr.be\/onhaye\/?page_id=14"},"modified":"2026-01-23T12:16:15","modified_gmt":"2026-01-23T11:16:15","slug":"contact","status":"publish","type":"page","link":"https:\/\/frw-pcdr.be\/court-st-etienne\/contact\/","title":{"rendered":"Contact"},"content":{"rendered":"\n<div class=\"wp-block-columns is-layout-flex wp-container-core-columns-is-layout-28f84493 wp-block-columns-is-layout-flex\">\n<div class=\"wp-block-column is-layout-flow wp-block-column-is-layout-flow\" style=\"padding-right:0;padding-left:0vw\">\n<figure class=\"wp-block-image aligncenter size-full is-resized\"><img loading=\"lazy\" decoding=\"async\" width=\"1200\" height=\"1320\" src=\"http:\/\/frw-pcdr.be\/court-st-etienne\/wp-content\/uploads\/ER2\/Court-St-Etienne\/Img\/sites\/34\/Logo-CSE.png\" alt=\"Blason de la commune de Court-Saint-Etienne : \u00e9cartel\u00e9 au premier d'argent \u00e0 un mont de sinople, au deuxi\u00e8me d'or \u00e0 un saint-\u00c9tienne de carnation v\u00eatu d'azur et aur\u00e9ol\u00e9 d'or, au troisi\u00e8me aussi d'argent \u00e0 un arbre de sinople terrass\u00e9 du m\u00eame, au quatri\u00e8me de sable \u00e0 une roue dent\u00e9e d'or.\" class=\"wp-image-1055\" style=\"width:111px;height:auto\" srcset=\"https:\/\/frw-pcdr.be\/court-st-etienne\/wp-content\/uploads\/ER2\/Court-St-Etienne\/Img\/sites\/34\/Logo-CSE.png 1200w, https:\/\/frw-pcdr.be\/court-st-etienne\/wp-content\/uploads\/ER2\/Court-St-Etienne\/Img\/sites\/34\/Logo-CSE-273x300.png 273w, https:\/\/frw-pcdr.be\/court-st-etienne\/wp-content\/uploads\/ER2\/Court-St-Etienne\/Img\/sites\/34\/Logo-CSE-931x1024.png 931w, https:\/\/frw-pcdr.be\/court-st-etienne\/wp-content\/uploads\/ER2\/Court-St-Etienne\/Img\/sites\/34\/Logo-CSE-768x845.png 768w\" sizes=\"auto, (max-width: 1200px) 100vw, 1200px\" \/><\/figure>\n\n\n\n<h2 class=\"wp-block-heading has-text-align-center\">Commune de Court-Saint-Etienne<\/h2>\n\n\n\n<p class=\"has-text-align-center has-link-color wp-elements-c87616ce379e5ac78346996c874c78fa\">\ud83d\udcde <a href=\"tel:+3210561076\" target=\"_blank\" rel=\"noreferrer noopener\">010\/561 076<\/a><br>\u2709\ufe0f <a href=\"mailto:environnement@court-st-etienne.be\" target=\"_blank\" rel=\"noreferrer noopener\">environnement@court-st-etienne.be <\/a><\/p>\n<\/div>\n\n\n\n<div class=\"wp-block-column is-layout-flow wp-block-column-is-layout-flow\" style=\"padding-right:0px\">\n<figure class=\"wp-block-image aligncenter size-large is-resized\"><img loading=\"lazy\" decoding=\"async\" width=\"883\" height=\"1024\" src=\"http:\/\/frw-pcdr.be\/onhaye\/wp-content\/uploads\/ER4\/Onhaye\/Img\/sites\/4\/FRW-3-883x1024.png\" alt=\"\" class=\"wp-image-88\" style=\"width:105px;height:auto\" srcset=\"https:\/\/frw-pcdr.be\/court-st-etienne\/wp-content\/uploads\/ER2\/Court-St-Etienne\/Img\/sites\/34\/FRW-3-883x1024.png 883w, https:\/\/frw-pcdr.be\/court-st-etienne\/wp-content\/uploads\/ER2\/Court-St-Etienne\/Img\/sites\/34\/FRW-3-259x300.png 259w, https:\/\/frw-pcdr.be\/court-st-etienne\/wp-content\/uploads\/ER2\/Court-St-Etienne\/Img\/sites\/34\/FRW-3-768x891.png 768w, https:\/\/frw-pcdr.be\/court-st-etienne\/wp-content\/uploads\/ER2\/Court-St-Etienne\/Img\/sites\/34\/FRW-3.png 1200w\" sizes=\"auto, (max-width: 883px) 100vw, 883px\" \/><\/figure>\n\n\n\n<h2 class=\"wp-block-heading has-text-align-center\">Fondation Rurale de Wallonie<\/h2>\n\n\n\n<p class=\"has-text-align-center has-link-color wp-elements-6df7e7677f2069b4df4d852aafcb6a9d\">\ud83d\udcde <a href=\"tel:081237500\" target=\"_blank\" rel=\"noreferrer noopener\">081\/23 75 00<\/a><br>\u2709\ufe0f <a href=\"mailto:brabant.hesbaye@frw.be\" target=\"_blank\" rel=\"noreferrer noopener\">brabant.hesbaye@frw.be<\/a><\/p>\n<\/div>\n<\/div>\n","protected":false},"excerpt":{"rendered":"<p>Commune de Court-Saint-Etienne \ud83d\udcde 010\/561 076\u2709\ufe0f environnement@court-st-etienne.be Fondation Rurale de Wallonie \ud83d\udcde 081\/23 75 00\u2709\ufe0f brabant.hesbaye@frw.be<\/p>\n","protected":false},"author":1,"featured_media":1063,"parent":0,"menu_order":6,"comment_status":"closed","ping_status":"closed","template":"","meta":{"site-sidebar-layout":"default","site-content-layout":"","ast-site-content-layout":"default","site-content-style":"default","site-sidebar-style":"default","ast-global-header-display":"","ast-banner-title-visibility":"","ast-main-header-display":"","ast-hfb-above-header-display":"","ast-hfb-below-header-display":"","ast-hfb-mobile-header-display":"","site-post-title":"disabled","ast-breadcrumbs-content":"","ast-featured-img":"disabled","footer-sml-layout":"","ast-disable-related-posts":"","theme-transparent-header-meta":"","adv-header-id-meta":"","stick-header-meta":"","header-above-stick-meta":"","header-main-stick-meta":"","header-below-stick-meta":"","astra-migrate-meta-layouts":"default","ast-page-background-enabled":"default","ast-page-background-meta":{"desktop":{"background-color":"var(--ast-global-color-5)","background-image":"","background-repeat":"repeat","background-position":"center center","background-size":"auto","background-attachment":"scroll","background-type":"","background-media":"","overlay-type":"","overlay-color":"","overlay-opacity":"","overlay-gradient":""},"tablet":{"background-color":"","background-image":"","background-repeat":"repeat","background-position":"center center","background-size":"auto","background-attachment":"scroll","background-type":"","background-media":"","overlay-type":"","overlay-color":"","overlay-opacity":"","overlay-gradient":""},"mobile":{"background-color":"","background-image":"","background-repeat":"repeat","background-position":"center center","background-size":"auto","background-attachment":"scroll","background-type":"","background-media":"","overlay-type":"","overlay-color":"","overlay-opacity":"","overlay-gradient":""}},"ast-content-background-meta":{"desktop":{"background-color":"var(--ast-global-color-4)","background-image":"","background-repeat":"repeat","background-position":"center center","background-size":"auto","background-attachment":"scroll","background-type":"","background-media":"","overlay-type":"","overlay-color":"","overlay-opacity":"","overlay-gradient":""},"tablet":{"background-color":"var(--ast-global-color-4)","background-image":"","background-repeat":"repeat","background-position":"center center","background-size":"auto","background-attachment":"scroll","background-type":"","background-media":"","overlay-type":"","overlay-color":"","overlay-opacity":"","overlay-gradient":""},"mobile":{"background-color":"var(--ast-global-color-4)","background-image":"","background-repeat":"repeat","background-position":"center center","background-size":"auto","background-attachment":"scroll","background-type":"","background-media":"","overlay-type":"","overlay-color":"","overlay-opacity":"","overlay-gradient":""}},"footnotes":""},"class_list":["post-14","page","type-page","status-publish","has-post-thumbnail","hentry"],"_links":{"self":[{"href":"https:\/\/frw-pcdr.be\/court-st-etienne\/wp-json\/wp\/v2\/pages\/14","targetHints":{"allow":["GET"]}}],"collection":[{"href":"https:\/\/frw-pcdr.be\/court-st-etienne\/wp-json\/wp\/v2\/pages"}],"about":[{"href":"https:\/\/frw-pcdr.be\/court-st-etienne\/wp-json\/wp\/v2\/types\/page"}],"author":[{"embeddable":true,"href":"https:\/\/frw-pcdr.be\/court-st-etienne\/wp-json\/wp\/v2\/users\/1"}],"replies":[{"embeddable":true,"href":"https:\/\/frw-pcdr.be\/court-st-etienne\/wp-json\/wp\/v2\/comments?post=14"}],"version-history":[{"count":3,"href":"https:\/\/frw-pcdr.be\/court-st-etienne\/wp-json\/wp\/v2\/pages\/14\/revisions"}],"predecessor-version":[{"id":1124,"href":"https:\/\/frw-pcdr.be\/court-st-etienne\/wp-json\/wp\/v2\/pages\/14\/revisions\/1124"}],"wp:featuredmedia":[{"embeddable":true,"href":"https:\/\/frw-pcdr.be\/court-st-etienne\/wp-json\/wp\/v2\/media\/1063"}],"wp:attachment":[{"href":"https:\/\/frw-pcdr.be\/court-st-etienne\/wp-json\/wp\/v2\/media?parent=14"}],"curies":[{"name":"wp","href":"https:\/\/api.w.org\/{rel}","templated":true}]}}