{"id":330,"date":"2025-10-29T10:49:31","date_gmt":"2025-10-29T09:49:31","guid":{"rendered":"https:\/\/frw-pcdr.be\/onhaye\/?page_id=330"},"modified":"2026-02-12T15:30:39","modified_gmt":"2026-02-12T14:30:39","slug":"actualites","status":"publish","type":"page","link":"https:\/\/frw-pcdr.be\/chievres\/actualites\/","title":{"rendered":"Actualit\u00e9s"},"content":{"rendered":"\n<div class=\"wp-block-group alignfull is-layout-constrained wp-container-core-group-is-layout-ce46af0e wp-block-group-is-layout-constrained\" style=\"padding-top:0;padding-right:3vw;padding-bottom:3vw;padding-left:3vw\">\n<h1 class=\"wp-block-heading has-text-align-left has-ast-global-color-0-color has-text-color has-link-color wp-elements-4a5e537b25b355149cbbd5be494b8a72\" style=\"margin-top:3rem;padding-top:0;padding-right:1.5vh;padding-bottom:0;padding-left:1.5vh;font-size:3.5vh;letter-spacing:0px\">ACTUALIT\u00c9S<\/h1>\n\n\n\n<h2 class=\"wp-block-heading has-text-align-left has-ast-global-color-1-color has-text-color has-link-color wp-elements-dbd4d0fac0b27ddf9730ade8dcde6000\" style=\"margin-top:var(--wp--preset--spacing--50);margin-right:0;margin-bottom:0;margin-left:0;padding-top:0;padding-right:2vh;padding-bottom:0;padding-left:2vh\">Les derni\u00e8res infos relatives au PCDR de votre commune<\/h2>\n\n\n\n<p style=\"margin-top:var(--wp--preset--spacing--40);margin-bottom:var(--wp--preset--spacing--40);padding-right:2vh;padding-left:2vh\">Projets en cours, inaugurations, r\u00e9unions&#8230;<\/p>\n<\/div>\n\n\n\n<div class=\"wp-block-group alignfull is-layout-constrained wp-block-group-is-layout-constrained\" style=\"margin-bottom:0;padding-top:0rem;padding-bottom:0rem\">\n<div class=\"wp-block-columns has-background is-layout-flex wp-container-core-columns-is-layout-2097dcb0 wp-block-columns-is-layout-flex\" style=\"border-radius:5px;background:linear-gradient(135deg,rgb(68,85,79) 0%,rgb(111,148,135) 100%);padding-top:var(--wp--preset--spacing--30);padding-right:var(--wp--preset--spacing--30);padding-bottom:var(--wp--preset--spacing--60);padding-left:var(--wp--preset--spacing--30)\">\n<div class=\"wp-block-column is-vertically-aligned-center is-layout-flow wp-block-column-is-layout-flow\" style=\"padding-right:0;padding-left:0\">\n<figure class=\"wp-block-image size-large\"><img loading=\"lazy\" decoding=\"async\" width=\"1024\" height=\"768\" src=\"https:\/\/frw-pcdr.be\/chievres\/wp-content\/uploads\/ER1\/Chievres\/Img\/sites\/31\/20251203CLDRChievres2-1024x768.webp\" alt=\"Plusieurs personnes install\u00e9es autour d'une table et regardant une pr\u00e9sentation\" class=\"wp-image-1101\" style=\"aspect-ratio:16\/9;object-fit:cover\" srcset=\"https:\/\/frw-pcdr.be\/chievres\/wp-content\/uploads\/ER1\/Chievres\/Img\/sites\/31\/20251203CLDRChievres2-1024x768.webp 1024w, https:\/\/frw-pcdr.be\/chievres\/wp-content\/uploads\/ER1\/Chievres\/Img\/sites\/31\/20251203CLDRChievres2-300x225.webp 300w, https:\/\/frw-pcdr.be\/chievres\/wp-content\/uploads\/ER1\/Chievres\/Img\/sites\/31\/20251203CLDRChievres2-768x576.webp 768w, https:\/\/frw-pcdr.be\/chievres\/wp-content\/uploads\/ER1\/Chievres\/Img\/sites\/31\/20251203CLDRChievres2-1536x1152.webp 1536w, https:\/\/frw-pcdr.be\/chievres\/wp-content\/uploads\/ER1\/Chievres\/Img\/sites\/31\/20251203CLDRChievres2.webp 2016w\" sizes=\"auto, (max-width: 1024px) 100vw, 1024px\" \/><\/figure>\n<\/div>\n\n\n\n<div class=\"wp-block-column is-layout-flow wp-block-column-is-layout-flow\" style=\"padding-left:0\">\n<h2 class=\"wp-block-heading has-ast-global-color-3-color has-text-color has-link-color wp-elements-1b344ba0dea7bee506180ae3810a037a\" style=\"padding-top:var(--wp--preset--spacing--40);padding-right:1.5vh;padding-left:1.5vh\">Installation de la nouvelle CLDR<\/h2>\n\n\n\n<h6 class=\"wp-block-heading has-ast-global-color-3-color has-text-color has-link-color wp-elements-a53a94127779d82c0f1c25ac9710a9bf\" style=\"padding-right:1.5vh;padding-left:1.5vh\">03 d\u00e9cembre 2025<\/h6>\n\n\n\n<hr class=\"wp-block-separator has-text-color has-ast-global-color-1-color has-alpha-channel-opacity has-ast-global-color-1-background-color has-background is-style-wide\"\/>\n\n\n\n<p class=\"has-ast-global-color-3-color has-text-color has-link-color wp-elements-cf755e754fe3fb13024a5f8ef33a6dd9\" style=\"padding-right:1.5vh;padding-left:1.5vh\">Le nouvelle CLDR, charg\u00e9e de suivre le PCDR fraichement approuv\u00e9e, a \u00e9t\u00e9 install\u00e9e d\u00e9but d\u00e9cembre 2025. L&rsquo;occasion pour les membres de se pr\u00e9senter, de d\u00e9couvrir leur r\u00f4le au sein de la CLDR et d&rsquo;avoir une pr\u00e9sentation du PCDR.<br>Une fois approuv\u00e9e, le compte-rendu de la r\u00e9union sera mis \u00e0 disposition sur ce site dans l&rsquo;onglet \u00ab\u00a0Comment participer ?\u00a0\u00bb, ceux des pr\u00e9c\u00e9dentes ann\u00e9es sont disponibles dans le Rapport Annuel (partie 4).<\/p>\n\n\n\n<div class=\"wp-block-buttons is-layout-flex wp-block-buttons-is-layout-flex\" style=\"padding-right:2vh;padding-left:2vh\">\n<div class=\"wp-block-button\"><a class=\"wp-block-button__link wp-element-button\" href=\"https:\/\/frw-pcdr.be\/chievres\/comment-participer\/\" target=\"_blank\" rel=\"noreferrer noopener\">Compte-rendu<\/a><\/div>\n<\/div>\n<\/div>\n<\/div>\n\n\n\n<div style=\"height:40px\" aria-hidden=\"true\" class=\"wp-block-spacer\"><\/div>\n<\/div>\n\n\n\n<div class=\"wp-block-group alignfull is-layout-constrained wp-block-group-is-layout-constrained\" style=\"margin-bottom:0;padding-top:0rem;padding-bottom:0rem\">\n<div class=\"wp-block-columns has-background is-layout-flex wp-container-core-columns-is-layout-2097dcb0 wp-block-columns-is-layout-flex\" style=\"border-radius:5px;background:linear-gradient(135deg,rgb(68,85,79) 0%,rgb(111,148,135) 100%);padding-top:var(--wp--preset--spacing--30);padding-right:var(--wp--preset--spacing--30);padding-bottom:var(--wp--preset--spacing--60);padding-left:var(--wp--preset--spacing--30)\">\n<div class=\"wp-block-column is-vertically-aligned-center is-layout-flow wp-block-column-is-layout-flow\" style=\"padding-right:0;padding-left:0\">\n<figure class=\"wp-block-image size-large\"><img loading=\"lazy\" decoding=\"async\" width=\"1024\" height=\"685\" src=\"http:\/\/frw-pcdr.be\/chievres\/wp-content\/uploads\/ER1\/Chievres\/Img\/sites\/31\/Parc_notre_dame-1024x685.webp\" alt=\"Jardin verdoyant avec pelouse, arbustes et haies denses, au pied d\u2019un escalier en pierre menant \u00e0 une \u00e9glise en briques avec toit en ardoise\" class=\"wp-image-1103\" style=\"aspect-ratio:16\/9;object-fit:cover\" srcset=\"https:\/\/frw-pcdr.be\/chievres\/wp-content\/uploads\/ER1\/Chievres\/Img\/sites\/31\/Parc_notre_dame-1024x685.webp 1024w, https:\/\/frw-pcdr.be\/chievres\/wp-content\/uploads\/ER1\/Chievres\/Img\/sites\/31\/Parc_notre_dame-300x201.webp 300w, https:\/\/frw-pcdr.be\/chievres\/wp-content\/uploads\/ER1\/Chievres\/Img\/sites\/31\/Parc_notre_dame-768x513.webp 768w, https:\/\/frw-pcdr.be\/chievres\/wp-content\/uploads\/ER1\/Chievres\/Img\/sites\/31\/Parc_notre_dame-1536x1027.webp 1536w, https:\/\/frw-pcdr.be\/chievres\/wp-content\/uploads\/ER1\/Chievres\/Img\/sites\/31\/Parc_notre_dame.webp 2000w\" sizes=\"auto, (max-width: 1024px) 100vw, 1024px\" \/><\/figure>\n<\/div>\n\n\n\n<div class=\"wp-block-column is-layout-flow wp-block-column-is-layout-flow\" style=\"padding-left:0\">\n<h2 class=\"wp-block-heading has-ast-global-color-3-color has-text-color has-link-color wp-elements-b82a48999bc0c3936f7a8cd68074a315\" style=\"padding-top:var(--wp--preset--spacing--40);padding-right:1.5vh;padding-left:1.5vh\">Approbation du PCDR par le GW<\/h2>\n\n\n\n<h6 class=\"wp-block-heading has-ast-global-color-3-color has-text-color has-link-color wp-elements-6676661a2c75d058e5a742c861a4811b\" style=\"padding-right:1.5vh;padding-left:1.5vh\">15 mai 2025<\/h6>\n\n\n\n<hr class=\"wp-block-separator has-text-color has-ast-global-color-1-color has-alpha-channel-opacity has-ast-global-color-1-background-color has-background is-style-wide\"\/>\n\n\n\n<p class=\"has-ast-global-color-3-color has-text-color has-link-color wp-elements-98c68175b6faaca472861357436eb52e\" style=\"padding-right:1.5vh;padding-left:1.5vh\">Le Programme Communal de D\u00e9veloppement Rural de la commune de Chi\u00e8vres a \u00e9t\u00e9 approuv\u00e9 par le Gouvernement Wallon le 15\/05\/2025<br>Afin de le d\u00e9couvrir, un r\u00e9sum\u00e9 est mis \u00e0 votre disposition.<br><\/p>\n\n\n\n<div class=\"wp-block-buttons is-layout-flex wp-block-buttons-is-layout-flex\" style=\"padding-right:2vh;padding-left:2vh\">\n<div class=\"wp-block-button\"><a class=\"wp-block-button__link wp-element-button\" href=\"https:\/\/frw-pcdr.be\/chievres\/wp-content\/uploads\/ER1\/Chievres\/Doc\/PCDR\/PCDRChievres_Resume.pdf\" target=\"_blank\" rel=\"noreferrer noopener\">R\u00e9sum\u00e9 du PCDR<\/a><\/div>\n<\/div>\n<\/div>\n<\/div>\n<\/div>\n\n\n\n<div style=\"height:40px\" aria-hidden=\"true\" class=\"wp-block-spacer\"><\/div>\n\n\n\n<div style=\"height:40px\" aria-hidden=\"true\" class=\"wp-block-spacer\"><\/div>\n","protected":false},"excerpt":{"rendered":"<p>ACTUALIT\u00c9S Les derni\u00e8res infos relatives au PCDR de votre commune Projets en cours, inaugurations, r\u00e9unions&#8230; Installation de la nouvelle CLDR [&hellip;]<\/p>\n","protected":false},"author":1,"featured_media":1045,"parent":0,"menu_order":1,"comment_status":"closed","ping_status":"closed","template":"","meta":{"site-sidebar-layout":"default","site-content-layout":"","ast-site-content-layout":"default","site-content-style":"default","site-sidebar-style":"default","ast-global-header-display":"","ast-banner-title-visibility":"","ast-main-header-display":"","ast-hfb-above-header-display":"","ast-hfb-below-header-display":"","ast-hfb-mobile-header-display":"","site-post-title":"disabled","ast-breadcrumbs-content":"","ast-featured-img":"disabled","footer-sml-layout":"","ast-disable-related-posts":"","theme-transparent-header-meta":"","adv-header-id-meta":"","stick-header-meta":"","header-above-stick-meta":"","header-main-stick-meta":"","header-below-stick-meta":"","astra-migrate-meta-layouts":"default","ast-page-background-enabled":"default","ast-page-background-meta":{"desktop":{"background-color":"var(--ast-global-color-5)","background-image":"","background-repeat":"repeat","background-position":"center center","background-size":"auto","background-attachment":"scroll","background-type":"","background-media":"","overlay-type":"","overlay-color":"","overlay-opacity":"","overlay-gradient":""},"tablet":{"background-color":"","background-image":"","background-repeat":"repeat","background-position":"center center","background-size":"auto","background-attachment":"scroll","background-type":"","background-media":"","overlay-type":"","overlay-color":"","overlay-opacity":"","overlay-gradient":""},"mobile":{"background-color":"","background-image":"","background-repeat":"repeat","background-position":"center center","background-size":"auto","background-attachment":"scroll","background-type":"","background-media":"","overlay-type":"","overlay-color":"","overlay-opacity":"","overlay-gradient":""}},"ast-content-background-meta":{"desktop":{"background-color":"var(--ast-global-color-4)","background-image":"","background-repeat":"repeat","background-position":"center center","background-size":"auto","background-attachment":"scroll","background-type":"","background-media":"","overlay-type":"","overlay-color":"","overlay-opacity":"","overlay-gradient":""},"tablet":{"background-color":"var(--ast-global-color-4)","background-image":"","background-repeat":"repeat","background-position":"center center","background-size":"auto","background-attachment":"scroll","background-type":"","background-media":"","overlay-type":"","overlay-color":"","overlay-opacity":"","overlay-gradient":""},"mobile":{"background-color":"var(--ast-global-color-4)","background-image":"","background-repeat":"repeat","background-position":"center center","background-size":"auto","background-attachment":"scroll","background-type":"","background-media":"","overlay-type":"","overlay-color":"","overlay-opacity":"","overlay-gradient":""}},"footnotes":""},"class_list":["post-330","page","type-page","status-publish","has-post-thumbnail","hentry"],"_links":{"self":[{"href":"https:\/\/frw-pcdr.be\/chievres\/wp-json\/wp\/v2\/pages\/330","targetHints":{"allow":["GET"]}}],"collection":[{"href":"https:\/\/frw-pcdr.be\/chievres\/wp-json\/wp\/v2\/pages"}],"about":[{"href":"https:\/\/frw-pcdr.be\/chievres\/wp-json\/wp\/v2\/types\/page"}],"author":[{"embeddable":true,"href":"https:\/\/frw-pcdr.be\/chievres\/wp-json\/wp\/v2\/users\/1"}],"replies":[{"embeddable":true,"href":"https:\/\/frw-pcdr.be\/chievres\/wp-json\/wp\/v2\/comments?post=330"}],"version-history":[{"count":6,"href":"https:\/\/frw-pcdr.be\/chievres\/wp-json\/wp\/v2\/pages\/330\/revisions"}],"predecessor-version":[{"id":1126,"href":"https:\/\/frw-pcdr.be\/chievres\/wp-json\/wp\/v2\/pages\/330\/revisions\/1126"}],"wp:featuredmedia":[{"embeddable":true,"href":"https:\/\/frw-pcdr.be\/chievres\/wp-json\/wp\/v2\/media\/1045"}],"wp:attachment":[{"href":"https:\/\/frw-pcdr.be\/chievres\/wp-json\/wp\/v2\/media?parent=330"}],"curies":[{"name":"wp","href":"https:\/\/api.w.org\/{rel}","templated":true}]}}