{"id":14,"date":"2025-10-21T17:18:03","date_gmt":"2025-10-21T15:18:03","guid":{"rendered":"https:\/\/frw-pcdr.be\/onhaye\/?page_id=14"},"modified":"2026-01-26T15:38:11","modified_gmt":"2026-01-26T14:38:11","slug":"contact","status":"publish","type":"page","link":"https:\/\/frw-pcdr.be\/chievres\/contact\/","title":{"rendered":"Contact"},"content":{"rendered":"\n<div class=\"wp-block-columns is-layout-flex wp-container-core-columns-is-layout-28f84493 wp-block-columns-is-layout-flex\">\n<div class=\"wp-block-column is-layout-flow wp-block-column-is-layout-flow\" style=\"padding-right:0;padding-left:0vw\">\n<figure class=\"wp-block-image aligncenter size-full is-resized\"><img loading=\"lazy\" decoding=\"async\" width=\"1596\" height=\"1203\" src=\"http:\/\/frw-pcdr.be\/chievres\/wp-content\/uploads\/ER1\/Chievres\/Img\/sites\/31\/Logo-Ville-de-Chievres.png\" alt=\"blason de la ville de Chi\u00e8vres : De gueules \u00e0 trois lions couronn\u00e9s d'or, les deux en chef adoss\u00e9s\" class=\"wp-image-1046\" style=\"width:158px;height:auto\" srcset=\"https:\/\/frw-pcdr.be\/chievres\/wp-content\/uploads\/ER1\/Chievres\/Img\/sites\/31\/Logo-Ville-de-Chievres.png 1596w, https:\/\/frw-pcdr.be\/chievres\/wp-content\/uploads\/ER1\/Chievres\/Img\/sites\/31\/Logo-Ville-de-Chievres-300x226.png 300w, https:\/\/frw-pcdr.be\/chievres\/wp-content\/uploads\/ER1\/Chievres\/Img\/sites\/31\/Logo-Ville-de-Chievres-1024x772.png 1024w, https:\/\/frw-pcdr.be\/chievres\/wp-content\/uploads\/ER1\/Chievres\/Img\/sites\/31\/Logo-Ville-de-Chievres-768x579.png 768w, https:\/\/frw-pcdr.be\/chievres\/wp-content\/uploads\/ER1\/Chievres\/Img\/sites\/31\/Logo-Ville-de-Chievres-1536x1158.png 1536w\" sizes=\"auto, (max-width: 1596px) 100vw, 1596px\" \/><\/figure>\n\n\n\n<h2 class=\"wp-block-heading has-text-align-center\">Commune de Chi\u00e8vres<\/h2>\n\n\n\n<p class=\"has-text-align-center has-link-color wp-elements-38f4baba138fbf0fb0b7f152883c4429\">\ud83d\udcde <a href=\"tel:068656820\" data-type=\"tel\" data-id=\"tel:068656820\">068\/65 68 20<\/a><br>\u2709\ufe0f <a href=\"mailto:r.paternostre@chievres.be\" data-type=\"mailto\" data-id=\"mailto:r.paternostre@chievres.be\">r.paternostre@chievres.be<\/a><\/p>\n<\/div>\n\n\n\n<div class=\"wp-block-column is-layout-flow wp-block-column-is-layout-flow\" style=\"padding-right:0px\">\n<figure class=\"wp-block-image aligncenter size-large is-resized\"><img loading=\"lazy\" decoding=\"async\" width=\"883\" height=\"1024\" src=\"http:\/\/frw-pcdr.be\/onhaye\/wp-content\/uploads\/ER4\/Onhaye\/Img\/sites\/4\/FRW-3-883x1024.png\" alt=\"\" class=\"wp-image-88\" style=\"width:105px;height:auto\" srcset=\"https:\/\/frw-pcdr.be\/chievres\/wp-content\/uploads\/ER1\/Chievres\/Img\/sites\/31\/FRW-3-883x1024.png 883w, https:\/\/frw-pcdr.be\/chievres\/wp-content\/uploads\/ER1\/Chievres\/Img\/sites\/31\/FRW-3-259x300.png 259w, https:\/\/frw-pcdr.be\/chievres\/wp-content\/uploads\/ER1\/Chievres\/Img\/sites\/31\/FRW-3-768x891.png 768w, https:\/\/frw-pcdr.be\/chievres\/wp-content\/uploads\/ER1\/Chievres\/Img\/sites\/31\/FRW-3.png 1200w\" sizes=\"auto, (max-width: 883px) 100vw, 883px\" \/><\/figure>\n\n\n\n<h2 class=\"wp-block-heading has-text-align-center\">Fondation Rurale de Wallonie<\/h2>\n\n\n\n<p class=\"has-text-align-center has-link-color wp-elements-d0980c0ede372a66606cb829b54f455d\">\ud83d\udcde <a href=\"tel:069871090\" data-type=\"tel\" data-id=\"tel:069871090\">069\/87 10 90<\/a><br>\u2709\ufe0f <a href=\"mailto:wallonie.picarde@frw.be\" data-type=\"mailto\" data-id=\"mailto:wallonie.picarde@frw.be\" target=\"_blank\" rel=\"noreferrer noopener\">wallonie.picarde@frw.be<\/a><\/p>\n<\/div>\n<\/div>\n","protected":false},"excerpt":{"rendered":"<p>Commune de Chi\u00e8vres \ud83d\udcde 068\/65 68 20\u2709\ufe0f r.paternostre@chievres.be Fondation Rurale de Wallonie \ud83d\udcde 069\/87 10 90\u2709\ufe0f wallonie.picarde@frw.be<\/p>\n","protected":false},"author":1,"featured_media":0,"parent":0,"menu_order":6,"comment_status":"closed","ping_status":"closed","template":"","meta":{"site-sidebar-layout":"default","site-content-layout":"","ast-site-content-layout":"default","site-content-style":"default","site-sidebar-style":"default","ast-global-header-display":"","ast-banner-title-visibility":"","ast-main-header-display":"","ast-hfb-above-header-display":"","ast-hfb-below-header-display":"","ast-hfb-mobile-header-display":"","site-post-title":"disabled","ast-breadcrumbs-content":"","ast-featured-img":"disabled","footer-sml-layout":"","ast-disable-related-posts":"","theme-transparent-header-meta":"","adv-header-id-meta":"","stick-header-meta":"","header-above-stick-meta":"","header-main-stick-meta":"","header-below-stick-meta":"","astra-migrate-meta-layouts":"default","ast-page-background-enabled":"default","ast-page-background-meta":{"desktop":{"background-color":"var(--ast-global-color-5)","background-image":"","background-repeat":"repeat","background-position":"center center","background-size":"auto","background-attachment":"scroll","background-type":"","background-media":"","overlay-type":"","overlay-color":"","overlay-opacity":"","overlay-gradient":""},"tablet":{"background-color":"","background-image":"","background-repeat":"repeat","background-position":"center center","background-size":"auto","background-attachment":"scroll","background-type":"","background-media":"","overlay-type":"","overlay-color":"","overlay-opacity":"","overlay-gradient":""},"mobile":{"background-color":"","background-image":"","background-repeat":"repeat","background-position":"center center","background-size":"auto","background-attachment":"scroll","background-type":"","background-media":"","overlay-type":"","overlay-color":"","overlay-opacity":"","overlay-gradient":""}},"ast-content-background-meta":{"desktop":{"background-color":"var(--ast-global-color-4)","background-image":"","background-repeat":"repeat","background-position":"center center","background-size":"auto","background-attachment":"scroll","background-type":"","background-media":"","overlay-type":"","overlay-color":"","overlay-opacity":"","overlay-gradient":""},"tablet":{"background-color":"var(--ast-global-color-4)","background-image":"","background-repeat":"repeat","background-position":"center center","background-size":"auto","background-attachment":"scroll","background-type":"","background-media":"","overlay-type":"","overlay-color":"","overlay-opacity":"","overlay-gradient":""},"mobile":{"background-color":"var(--ast-global-color-4)","background-image":"","background-repeat":"repeat","background-position":"center center","background-size":"auto","background-attachment":"scroll","background-type":"","background-media":"","overlay-type":"","overlay-color":"","overlay-opacity":"","overlay-gradient":""}},"footnotes":""},"class_list":["post-14","page","type-page","status-publish","hentry"],"_links":{"self":[{"href":"https:\/\/frw-pcdr.be\/chievres\/wp-json\/wp\/v2\/pages\/14","targetHints":{"allow":["GET"]}}],"collection":[{"href":"https:\/\/frw-pcdr.be\/chievres\/wp-json\/wp\/v2\/pages"}],"about":[{"href":"https:\/\/frw-pcdr.be\/chievres\/wp-json\/wp\/v2\/types\/page"}],"author":[{"embeddable":true,"href":"https:\/\/frw-pcdr.be\/chievres\/wp-json\/wp\/v2\/users\/1"}],"replies":[{"embeddable":true,"href":"https:\/\/frw-pcdr.be\/chievres\/wp-json\/wp\/v2\/comments?post=14"}],"version-history":[{"count":3,"href":"https:\/\/frw-pcdr.be\/chievres\/wp-json\/wp\/v2\/pages\/14\/revisions"}],"predecessor-version":[{"id":1117,"href":"https:\/\/frw-pcdr.be\/chievres\/wp-json\/wp\/v2\/pages\/14\/revisions\/1117"}],"wp:attachment":[{"href":"https:\/\/frw-pcdr.be\/chievres\/wp-json\/wp\/v2\/media?parent=14"}],"curies":[{"name":"wp","href":"https:\/\/api.w.org\/{rel}","templated":true}]}}