{"id":124,"date":"2025-10-21T17:14:13","date_gmt":"2025-10-21T15:14:13","guid":{"rendered":"https:\/\/frw-pcdr.be\/onhaye\/?page_id=4"},"modified":"2026-02-12T15:30:52","modified_gmt":"2026-02-12T14:30:52","slug":"accueil","status":"publish","type":"page","link":"https:\/\/frw-pcdr.be\/chievres\/","title":{"rendered":"Accueil"},"content":{"rendered":"\n<div class=\"wp-block-group alignfull has-background is-layout-constrained wp-container-core-group-is-layout-31881a4c wp-block-group-is-layout-constrained\" style=\"background:linear-gradient(181deg,rgb(68,85,79) 0%,rgb(111,148,135) 100%,rgb(255,255,255) 100%);padding-top:3rem;padding-right:3vw;padding-bottom:3rem;padding-left:3vw\">\n<h2 class=\"wp-block-heading has-text-align-center has-ast-global-color-1-color has-text-color has-link-color wp-elements-d0bb504dca3717f3f4c74c9aaaf6ea02\" style=\"margin-bottom:0\">Des <strong>projets <\/strong>par et pour <br>les <strong>citoyens <\/strong>!<\/h2>\n\n\n\n<div style=\"height:20px\" aria-hidden=\"true\" class=\"wp-block-spacer\"><\/div>\n\n\n\n<p class=\"has-text-align-center has-ast-global-color-3-color has-text-color has-link-color wp-elements-151d3f0020eac741264a9ce791fcbb33\" style=\"margin-top:0.5rem;margin-bottom:0.5rem;padding-right:3vh;padding-left:3vh\">Le PCDR est un programme participatif initi\u00e9 par<strong> votre commune<\/strong>, avec l\u2019accompagnement de <strong>la FRW<\/strong>.<\/p>\n\n\n\n<p class=\"has-text-align-center has-ast-global-color-3-color has-text-color has-link-color wp-elements-bde7917853445ca21c5ecc5e8e4acbd8\" style=\"margin-top:0.5rem;margin-bottom:0.5rem;padding-right:3vh;padding-left:3vh\">Il r\u00e9unit les citoyens, les \u00e9lus et les forces vives du territoire autour d\u2019un projet de d\u00e9veloppement rural sur dix ans.<\/p>\n\n\n\n<p class=\"has-text-align-center has-ast-global-color-3-color has-text-color has-link-color wp-elements-d0875a82f67a963af3ecd9b4c3be208b\" style=\"margin-top:0.5rem;margin-bottom:var(--wp--preset--spacing--40);padding-right:3vh;padding-left:3vh\">Ce site s\u2019adresse \u00e0 toute personne souhaitant s\u2019informer ou s\u2019impliquer dans la d\u00e9marche.<\/p>\n\n\n\n<div style=\"height:1vw\" aria-hidden=\"true\" class=\"wp-block-spacer\"><\/div>\n\n\n\n<div class=\"wp-block-buttons is-content-justification-center is-layout-flex wp-container-core-buttons-is-layout-a89b3969 wp-block-buttons-is-layout-flex\">\n<div class=\"wp-block-button\"><a class=\"wp-block-button__link wp-element-button\" href=\"https:\/\/frw-pcdr.be\/chievres\/actualites\/\"><strong>Actualit\u00e9s<\/strong><\/a><\/div>\n<\/div>\n<\/div>\n\n\n\n<div class=\"wp-block-group alignfull has-ast-global-color-3-background-color has-background is-layout-constrained wp-container-core-group-is-layout-e7cbb211 wp-block-group-is-layout-constrained\" style=\"padding-top:3rem;padding-right:3vw;padding-bottom:3rem;padding-left:3vw\">\n<h1 class=\"wp-block-heading has-text-align-center has-ast-global-color-0-color has-text-color has-link-color wp-elements-c45b0aab63879522b3d6190bffc34dc6\" style=\"margin-top:0;margin-bottom:0;padding-top:0;padding-bottom:0.75rem;padding-left:0rem;font-size:3.5vh;letter-spacing:2px\">LE PCDR<\/h1>\n\n\n\n<h2 class=\"wp-block-heading has-ast-global-color-1-color has-text-color has-link-color wp-elements-e99af552952e1047b4c53e0e4b608045\" style=\"padding-top:1vh;padding-right:1.5vh;padding-bottom:1vh;padding-left:1.5vh\">Un programme global<\/h2>\n\n\n\n<p class=\"has-black-color has-text-color has-link-color wp-elements-e44e092b7ff9caf3b9b5100a17387a17\" style=\"padding-right:1.5vh;padding-left:1.5vh\">L&rsquo;Op\u00e9ration de D\u00e9veloppement Rural (ODR) est d&rsquo;abord une&nbsp;<strong>r\u00e9flexion collective<\/strong>&nbsp;sur l&rsquo;ensemble des aspects qui font la vie de votre commune rurale : agriculture, \u00e9conomie, emploi, am\u00e9nagement du territoire, urbanisme, environnement, mobilit\u00e9, logement, actions culturelles et associatives,&#8230;&nbsp;<\/p>\n\n\n\n<p class=\"has-black-color has-text-color has-link-color wp-elements-571093d7f8674c2a102837111b9ae485\" style=\"padding-right:1.5vh;padding-left:1.5vh\">De cette r\u00e9flexion nait un&nbsp;<strong>outil <\/strong>qui fixe des objectifs clairs \u00e0 atteindre et des actions concr\u00e8tes \u00e0 entreprendre dans vos villages pour la dizaine d&rsquo;ann\u00e9es \u00e0 venir.&nbsp;C&rsquo;est le Programme communal de d\u00e9veloppement rural, le&nbsp;<strong>PCDR<\/strong>.<\/p>\n\n\n\n<h2 class=\"wp-block-heading has-ast-global-color-1-color has-text-color has-link-color wp-elements-d8f2f3d2282497ac631380c62d348618\" style=\"padding-top:1vh;padding-right:1.5vh;padding-bottom:1vh;padding-left:1.5vh\">Un processus participatif&nbsp;<\/h2>\n\n\n\n<p class=\"has-black-color has-text-color has-link-color wp-elements-a3b1ae22596dfee328dc44395a94fba5\" style=\"padding-right:1.5vh;padding-left:1.5vh\">L&rsquo; ODR se construit au c\u0153ur de votre commune avec la <strong>participation&nbsp;de tous<\/strong>&nbsp;: les mandataires, les citoyens, les associations, les milieux \u00e9conomiques, sociaux, culturels et environnementaux.&nbsp;<\/p>\n\n\n\n<p class=\"has-black-color has-text-color has-link-color wp-elements-aae1f93225cf6b552517d86056c095dd\" style=\"padding-right:1.5vh;padding-left:1.5vh\">Pendant toute la dur\u00e9e de l&rsquo;ODR, une <strong><a href=\"https:\/\/frw-pcdr.be\/chievres\/comment-participer\/\" data-type=\"page\" data-id=\"11\">Commission Locale de D\u00e9veloppement Rural (CLDR)<\/a>&nbsp;<\/strong>sert d&rsquo;interface entre la population et le Conseil communal. Cette commission est repr\u00e9sentative de la population : les membres proviennent de diff\u00e9rentes classes d&rsquo;\u00e2ge, de diff\u00e9rents villages et milieux socio-\u00e9conomiques. Elle est compos\u00e9e de citoyens de la commune et de repr\u00e9sentants du Conseil communal (max. 1\/4).&nbsp;<\/p>\n\n\n\n<h2 class=\"wp-block-heading has-ast-global-color-1-color has-text-color has-link-color wp-elements-7c0c788e20eae66c1adbb63fd0028e71\" style=\"padding-top:1vh;padding-right:1.5vh;padding-bottom:1vh;padding-left:1.5vh\">Des moyens pour agir<\/h2>\n\n\n\n<p class=\"has-black-color has-text-color has-link-color wp-elements-90c08447338e330efd1fac66f67d00f3\" style=\"padding-right:1.5vh;padding-left:1.5vh\">La R\u00e9gion wallonne met \u00e0 disposition un budget sp\u00e9cifique pour soutenir la mise en \u0153uvre du PCDR en contribuant au financement de certains projets. La Fondation Rurale de Wallonie et ses \u00e9quipes accompagnent la participation citoyenne et la r\u00e9alisation des projets. <\/p>\n\n\n\n<div style=\"height:1vw\" aria-hidden=\"true\" class=\"wp-block-spacer\"><\/div>\n\n\n\n<div class=\"wp-block-buttons is-content-justification-center is-layout-flex wp-container-core-buttons-is-layout-a89b3969 wp-block-buttons-is-layout-flex\">\n<div class=\"wp-block-button\"><a class=\"wp-block-button__link has-text-align-center wp-element-button\" href=\"https:\/\/frw-pcdr.be\/chievres\/le-pcdr\/\"><strong>Le PCDR<\/strong><\/a><\/div>\n<\/div>\n<\/div>\n\n\n\n<div class=\"wp-block-group alignfull has-background is-layout-constrained wp-container-core-group-is-layout-31881a4c wp-block-group-is-layout-constrained\" style=\"background:linear-gradient(171deg,rgb(68,85,79) 0%,rgb(111,148,135) 98%);padding-top:3rem;padding-right:3vw;padding-bottom:3rem;padding-left:3vw\">\n<h1 class=\"wp-block-heading has-text-align-center has-ast-global-color-3-color has-text-color has-link-color wp-elements-cbcf5a65d982a7304bb28c138e367575\" style=\"padding-bottom:0.8rem;font-size:3.5vh;letter-spacing:2px\">SUR LE TERRAIN<\/h1>\n\n\n\n<h2 class=\"wp-block-heading has-text-align-left has-ast-global-color-1-color has-text-color has-link-color wp-elements-197b2fb2edca6bc39f45f12b9f64f27d\" style=\"padding-top:1vh;padding-right:1.5vh;padding-bottom:1vh;padding-left:1.5vh\">Des projets pour l&rsquo;avenir<\/h2>\n\n\n\n<p class=\"has-ast-global-color-3-color has-text-color has-link-color wp-elements-6d1f1f02084319768f925f392ef80700\" style=\"padding-right:1.5vh;padding-left:1.5vh\">Les projets r\u00e9pondent aux besoins et demandes objectiv\u00e9s des habitants de la commune. <br>Pour des raisons de faisabilit\u00e9 humaine et financi\u00e8re, ces projets sont programm\u00e9s dans le temps et se r\u00e9alisent sur 10 ans.<\/p>\n\n\n\n<div style=\"height:1vw\" aria-hidden=\"true\" class=\"wp-block-spacer\"><\/div>\n\n\n\n<div class=\"wp-block-buttons is-content-justification-center is-layout-flex wp-container-core-buttons-is-layout-a89b3969 wp-block-buttons-is-layout-flex\">\n<div class=\"wp-block-button\"><a class=\"wp-block-button__link wp-element-button\" href=\"https:\/\/frw-pcdr.be\/chievres\/les-realisations\/\"><strong>Les r\u00e9alisations<\/strong><\/a><\/div>\n<\/div>\n<\/div>\n\n\n\n<div class=\"wp-block-group alignfull has-ast-global-color-3-background-color has-background is-layout-constrained wp-container-core-group-is-layout-31881a4c wp-block-group-is-layout-constrained\" style=\"padding-top:3rem;padding-right:3vw;padding-bottom:3rem;padding-left:3vw\">\n<h1 class=\"wp-block-heading has-text-align-center has-ast-global-color-0-color has-text-color has-link-color wp-elements-9be1b0e49a2624a079e9170270011187\" style=\"padding-bottom:0.8rem;font-size:3.5vh;letter-spacing:2px;text-transform:uppercase\">Impliquez-vous ! <\/h1>\n\n\n\n<h2 class=\"wp-block-heading has-text-align-left has-ast-global-color-1-color has-text-color has-link-color wp-elements-0b6c31e5be7fd61e4a00d8ca18f73b54\" style=\"padding-top:1vh;padding-right:1.5vh;padding-bottom:1vh;padding-left:1.5vh\">Une participation continue<\/h2>\n\n\n\n<p class=\"has-black-color has-text-color has-link-color wp-elements-42ecb942186929bed8a1cd293f3c3d82\" style=\"padding-right:1.5vh;padding-left:1.5vh\">Tout au long de l&rsquo;ODR, chaque citoyen peut contribuer en fonction de son temps, de ses moyens ou de ses comp\u00e9tences, que ce soit en participant aux r\u00e9unions d&rsquo;information et consultation, en devenant membre de la CLDR, en prenant part \u00e0 un groupe de travail, en votant en ligne pour des projets&#8230;<\/p>\n\n\n\n<div style=\"height:1vw\" aria-hidden=\"true\" class=\"wp-block-spacer\"><\/div>\n\n\n\n<div class=\"wp-block-buttons is-content-justification-center is-layout-flex wp-container-core-buttons-is-layout-a89b3969 wp-block-buttons-is-layout-flex\">\n<div class=\"wp-block-button\"><a class=\"wp-block-button__link wp-element-button\" href=\"https:\/\/frw-pcdr.be\/chievres\/comment-participer\/\"><strong>Comment participer ?<\/strong><\/a><\/div>\n\n\n\n<div class=\"wp-block-button\"><a class=\"wp-block-button__link wp-element-button\" href=\"https:\/\/frw-pcdr.be\/chievres\/agenda\/\"><strong>Agenda<\/strong><\/a><\/div>\n<\/div>\n\n\n\n<div style=\"height:1vw\" aria-hidden=\"true\" class=\"wp-block-spacer\"><\/div>\n<\/div>\n","protected":false},"excerpt":{"rendered":"<p>Des projets par et pour les citoyens ! Le PCDR est un programme participatif initi\u00e9 par votre commune, avec l\u2019accompagnement [&hellip;]<\/p>\n","protected":false},"author":1,"featured_media":1045,"parent":0,"menu_order":0,"comment_status":"closed","ping_status":"closed","template":"","meta":{"site-sidebar-layout":"default","site-content-layout":"","ast-site-content-layout":"default","site-content-style":"default","site-sidebar-style":"default","ast-global-header-display":"","ast-banner-title-visibility":"","ast-main-header-display":"","ast-hfb-above-header-display":"","ast-hfb-below-header-display":"","ast-hfb-mobile-header-display":"","site-post-title":"disabled","ast-breadcrumbs-content":"","ast-featured-img":"disabled","footer-sml-layout":"","ast-disable-related-posts":"","theme-transparent-header-meta":"","adv-header-id-meta":"","stick-header-meta":"","header-above-stick-meta":"","header-main-stick-meta":"","header-below-stick-meta":"","astra-migrate-meta-layouts":"default","ast-page-background-enabled":"default","ast-page-background-meta":{"desktop":{"background-color":"var(--ast-global-color-5)","background-image":"","background-repeat":"repeat","background-position":"center center","background-size":"auto","background-attachment":"scroll","background-type":"","background-media":"","overlay-type":"","overlay-color":"","overlay-opacity":"","overlay-gradient":""},"tablet":{"background-color":"","background-image":"","background-repeat":"repeat","background-position":"center center","background-size":"auto","background-attachment":"scroll","background-type":"","background-media":"","overlay-type":"","overlay-color":"","overlay-opacity":"","overlay-gradient":""},"mobile":{"background-color":"","background-image":"","background-repeat":"repeat","background-position":"center center","background-size":"auto","background-attachment":"scroll","background-type":"","background-media":"","overlay-type":"","overlay-color":"","overlay-opacity":"","overlay-gradient":""}},"ast-content-background-meta":{"desktop":{"background-color":"var(--ast-global-color-4)","background-image":"","background-repeat":"repeat","background-position":"center center","background-size":"auto","background-attachment":"scroll","background-type":"","background-media":"","overlay-type":"","overlay-color":"","overlay-opacity":"","overlay-gradient":""},"tablet":{"background-color":"var(--ast-global-color-4)","background-image":"","background-repeat":"repeat","background-position":"center center","background-size":"auto","background-attachment":"scroll","background-type":"","background-media":"","overlay-type":"","overlay-color":"","overlay-opacity":"","overlay-gradient":""},"mobile":{"background-color":"var(--ast-global-color-4)","background-image":"","background-repeat":"repeat","background-position":"center center","background-size":"auto","background-attachment":"scroll","background-type":"","background-media":"","overlay-type":"","overlay-color":"","overlay-opacity":"","overlay-gradient":""}},"footnotes":""},"class_list":["post-124","page","type-page","status-publish","has-post-thumbnail","hentry"],"_links":{"self":[{"href":"https:\/\/frw-pcdr.be\/chievres\/wp-json\/wp\/v2\/pages\/124","targetHints":{"allow":["GET"]}}],"collection":[{"href":"https:\/\/frw-pcdr.be\/chievres\/wp-json\/wp\/v2\/pages"}],"about":[{"href":"https:\/\/frw-pcdr.be\/chievres\/wp-json\/wp\/v2\/types\/page"}],"author":[{"embeddable":true,"href":"https:\/\/frw-pcdr.be\/chievres\/wp-json\/wp\/v2\/users\/1"}],"replies":[{"embeddable":true,"href":"https:\/\/frw-pcdr.be\/chievres\/wp-json\/wp\/v2\/comments?post=124"}],"version-history":[{"count":2,"href":"https:\/\/frw-pcdr.be\/chievres\/wp-json\/wp\/v2\/pages\/124\/revisions"}],"predecessor-version":[{"id":1121,"href":"https:\/\/frw-pcdr.be\/chievres\/wp-json\/wp\/v2\/pages\/124\/revisions\/1121"}],"wp:featuredmedia":[{"embeddable":true,"href":"https:\/\/frw-pcdr.be\/chievres\/wp-json\/wp\/v2\/media\/1045"}],"wp:attachment":[{"href":"https:\/\/frw-pcdr.be\/chievres\/wp-json\/wp\/v2\/media?parent=124"}],"curies":[{"name":"wp","href":"https:\/\/api.w.org\/{rel}","templated":true}]}}