{"id":9,"date":"2025-10-21T17:16:36","date_gmt":"2025-10-21T15:16:36","guid":{"rendered":"https:\/\/frw-pcdr.be\/onhaye\/?page_id=9"},"modified":"2025-12-18T10:06:16","modified_gmt":"2025-12-18T09:06:16","slug":"les-realisations","status":"publish","type":"page","link":"https:\/\/frw-pcdr.be\/beloeil\/les-realisations\/","title":{"rendered":"Les r\u00e9alisations"},"content":{"rendered":"\n<div class=\"wp-block-group alignfull has-ast-global-color-3-background-color has-background is-layout-constrained wp-container-core-group-is-layout-c7ccc7fa wp-block-group-is-layout-constrained\" style=\"margin-top:0;margin-bottom:0;padding-top:var(--wp--preset--spacing--60);padding-right:3vw;padding-bottom:var(--wp--preset--spacing--50);padding-left:3vw\">\n<h1 class=\"wp-block-heading has-ast-global-color-0-color has-text-color has-link-color wp-elements-14a7137f7fcb5b615cd65c93dd7455c9\" style=\"padding-top:0;padding-right:1.5vh;padding-bottom:0;padding-left:1.5vh;font-size:3.5vh;letter-spacing:0px\">En cours<\/h1>\n\n\n\n<hr class=\"wp-block-separator has-text-color has-ast-global-color-1-color has-alpha-channel-opacity has-ast-global-color-1-background-color has-background is-style-wide\" \/>\n\n\n\n<div class=\"wp-block-columns is-layout-flex wp-container-core-columns-is-layout-a531a0f7 wp-block-columns-is-layout-flex\" style=\"padding-right:0;padding-left:0\">\n<div class=\"wp-block-column is-layout-flow wp-block-column-is-layout-flow\">\n<h2 class=\"wp-block-heading\" style=\"margin-right:1.5vh;margin-left:1.5vh\"><strong>Grandglise &#8211; Cr\u00e9er des logements interg\u00e9n\u00e9rationnels<\/strong><\/h2>\n\n\n\n<p style=\"margin-top:0.5rem;margin-right:1.5vh;margin-bottom:0.5rem;margin-left:1.5vh\">Le projet consiste \u00e0 cr\u00e9er 3 logements interg\u00e9n\u00e9rationnels (1 logement unifamilial et 2 logements pour personnes \u00e2g\u00e9es) dans l\u2019ancienne \u00e9cole communale de Grandglise et \u00e0 valoriser les abords (ancienne cour et verger).<\/p>\n\n\n\n<div class=\"wp-block-buttons is-content-justification-left is-layout-flex wp-container-core-buttons-is-layout-4395d7bd wp-block-buttons-is-layout-flex\" style=\"padding-right:1.5vh;padding-left:1.5vh\">\n<div class=\"wp-block-button\"><a class=\"wp-block-button__link wp-element-button\" href=\"https:\/\/frw-pcdr.be\/beloeil\/wp-content\/uploads\/ER1\/Beloeil\/Doc\/Realisations\/PCDRBeloeil_logementGrandglise_Fiche_projet_actu.pdf\" target=\"_blank\" rel=\"noreferrer noopener\">Fiche-projet actualis\u00e9e<\/a><\/div>\n<\/div>\n\n\n\n<figure class=\"wp-block-image size-large\"><img loading=\"lazy\" decoding=\"async\" width=\"1024\" height=\"768\" src=\"http:\/\/frw-pcdr.be\/beloeil\/wp-content\/uploads\/ER1\/Beloeil\/Img\/sites\/9\/grandglise_ancienne_ecole-1024x768.webp\" alt=\"\" class=\"wp-image-1047\" srcset=\"https:\/\/frw-pcdr.be\/beloeil\/wp-content\/uploads\/ER1\/Beloeil\/Img\/sites\/9\/grandglise_ancienne_ecole-1024x768.webp 1024w, https:\/\/frw-pcdr.be\/beloeil\/wp-content\/uploads\/ER1\/Beloeil\/Img\/sites\/9\/grandglise_ancienne_ecole-300x225.webp 300w, https:\/\/frw-pcdr.be\/beloeil\/wp-content\/uploads\/ER1\/Beloeil\/Img\/sites\/9\/grandglise_ancienne_ecole-768x576.webp 768w, https:\/\/frw-pcdr.be\/beloeil\/wp-content\/uploads\/ER1\/Beloeil\/Img\/sites\/9\/grandglise_ancienne_ecole.webp 1067w\" sizes=\"auto, (max-width: 1024px) 100vw, 1024px\" \/><\/figure>\n<\/div>\n\n\n\n<div class=\"wp-block-column is-layout-flow wp-block-column-is-layout-flow\">\n<h2 class=\"wp-block-heading\" style=\"margin-right:1.5vh;margin-left:1.5vh\"><strong>Mettre en place un diagnostic sanitaire et \u00e9nerg\u00e9tique des b\u00e2timents communaux&nbsp;<\/strong><\/h2>\n\n\n\n<p style=\"margin-top:0.5rem;margin-right:1.5vh;margin-bottom:0.5rem;margin-left:1.5vh\">Le projet vise \u00e0 doter l&rsquo;administration communale d\u2019un outil de gestion des b\u00e2timents communaux en mettant en place une veille sanitaire et \u00e9nerg\u00e9tique de ceux-ci. <\/p>\n\n\n\n<p style=\"margin-top:0.5rem;margin-right:1.5vh;margin-bottom:0.5rem;margin-left:1.5vh\">\u200bLa commune a r\u00e9pondu \u00e0 l\u2019appel UE City Facility soutenant les projets d\u2019\u00e9nergie durable&nbsp;et a obtenu 60.000\u20ac. Deux membres du personnel ont \u00e9t\u00e9 form\u00e9es et r\u00e9aliseront des audits \u00e9nerg\u00e9tiques.<\/p>\n\n\n\n<div class=\"wp-block-buttons is-content-justification-left is-layout-flex wp-container-core-buttons-is-layout-4395d7bd wp-block-buttons-is-layout-flex\" style=\"padding-right:1.5vh;padding-left:1.5vh\">\n<div class=\"wp-block-button\"><a class=\"wp-block-button__link wp-element-button\" href=\"https:\/\/frw-pcdr.be\/beloeil\/wp-content\/uploads\/ER1\/Beloeil\/Doc\/PCDR\/PCDRBeloeil_5_Fiches.pdf#Page=39\" target=\"_blank\" rel=\"noreferrer noopener\">Vers la partie V<\/a><\/div>\n<\/div>\n\n\n\n<figure class=\"wp-block-image aligncenter size-full is-resized\"><img loading=\"lazy\" decoding=\"async\" width=\"719\" height=\"480\" src=\"http:\/\/frw-pcdr.be\/beloeil\/wp-content\/uploads\/ER1\/Beloeil\/Img\/sites\/9\/FP5_beloeil.jpg\" alt=\"\" class=\"wp-image-1053\" style=\"width:499px;height:auto\" srcset=\"https:\/\/frw-pcdr.be\/beloeil\/wp-content\/uploads\/ER1\/Beloeil\/Img\/sites\/9\/FP5_beloeil.jpg 719w, https:\/\/frw-pcdr.be\/beloeil\/wp-content\/uploads\/ER1\/Beloeil\/Img\/sites\/9\/FP5_beloeil-300x200.jpg 300w\" sizes=\"auto, (max-width: 719px) 100vw, 719px\" \/><\/figure>\n<\/div>\n\n\n\n<div class=\"wp-block-column is-layout-flow wp-block-column-is-layout-flow\" style=\"padding-right:0;padding-left:0\">\n<h2 class=\"wp-block-heading\" style=\"margin-right:1.5vh;margin-left:1.5vh\"><strong>D\u00e9velopper les outils de communication<\/strong><\/h2>\n\n\n\n<p style=\"margin-top:0.5rem;margin-right:1.5vh;margin-bottom:0.5rem;margin-left:1.5vh\">Le projet consiste \u00e0 exploiter, d\u00e9velopper et optimiser les outils de communication \u00e0 disposition des autorit\u00e9s communales et de l\u2019administration.\u200b<\/p>\n\n\n\n<p style=\"margin-top:0.5rem;margin-right:1.5vh;margin-bottom:0.5rem;margin-left:1.5vh\">L\u2019am\u00e9lioration du site internet communal s\u2019est continu\u00e9e, une nouvelle charte graphique a \u00e9t\u00e9 mise en place et la signal\u00e9tique directionnelle am\u00e9lior\u00e9e. <\/p>\n\n\n\n<div class=\"wp-block-buttons is-content-justification-left is-layout-flex wp-container-core-buttons-is-layout-4395d7bd wp-block-buttons-is-layout-flex\" style=\"padding-right:1.5vh;padding-left:1.5vh\">\n<div class=\"wp-block-button\"><a class=\"wp-block-button__link wp-element-button\" href=\"https:\/\/frw-pcdr.be\/beloeil\/wp-content\/uploads\/ER1\/Beloeil\/Doc\/PCDR\/PCDRBeloeil_5_Fiches.pdf#Page=43\" target=\"_blank\" rel=\"noreferrer noopener\">Vers la partie V<\/a><\/div>\n<\/div>\n\n\n\n<figure class=\"wp-block-image size-full\"><img loading=\"lazy\" decoding=\"async\" width=\"720\" height=\"480\" src=\"http:\/\/frw-pcdr.be\/beloeil\/wp-content\/uploads\/ER1\/Beloeil\/Img\/sites\/9\/FP6_beloeil.jpg\" alt=\"\" class=\"wp-image-1054\" srcset=\"https:\/\/frw-pcdr.be\/beloeil\/wp-content\/uploads\/ER1\/Beloeil\/Img\/sites\/9\/FP6_beloeil.jpg 720w, https:\/\/frw-pcdr.be\/beloeil\/wp-content\/uploads\/ER1\/Beloeil\/Img\/sites\/9\/FP6_beloeil-300x200.jpg 300w\" sizes=\"auto, (max-width: 720px) 100vw, 720px\" \/><\/figure>\n<\/div>\n<\/div>\n\n\n\n<hr class=\"wp-block-separator has-text-color has-ast-global-color-1-color has-alpha-channel-opacity has-ast-global-color-1-background-color has-background is-style-wide\" \/>\n\n\n\n<div class=\"wp-block-columns is-layout-flex wp-container-core-columns-is-layout-a531a0f7 wp-block-columns-is-layout-flex\" style=\"padding-right:0;padding-left:0\">\n<div class=\"wp-block-column is-layout-flow wp-block-column-is-layout-flow\">\n<h2 class=\"wp-block-heading\" style=\"margin-right:1.5vh;margin-left:1.5vh\"><strong>Renforcer l&rsquo;E-administration<\/strong><\/h2>\n\n\n\n<p style=\"margin-top:0.5rem;margin-right:1.5vh;margin-bottom:0.5rem;margin-left:1.5vh\">Le projet vise \u00e0 anticiper la cr\u00e9ation du nouveau p\u00f4le administratif central et offrir le plus rapidement possible des moyens efficaces d\u2019acc\u00e8s aux services publics.<\/p>\n\n\n\n<p style=\"margin-top:0.5rem;margin-right:1.5vh;margin-bottom:0.5rem;margin-left:1.5vh\">Le projet est rendu obligatoire par des directives europ\u00e9ennes et est en \u00e9volution constante, comme en atteste par exemple la mise en ligne des d\u00e9lib\u00e9rations communales &nbsp;<\/p>\n\n\n\n<div class=\"wp-block-buttons is-content-justification-left is-layout-flex wp-container-core-buttons-is-layout-4395d7bd wp-block-buttons-is-layout-flex\" style=\"padding-right:1.5vh;padding-left:1.5vh\">\n<div class=\"wp-block-button\"><a class=\"wp-block-button__link wp-element-button\" href=\"https:\/\/frw-pcdr.be\/beloeil\/wp-content\/uploads\/ER1\/Beloeil\/Doc\/PCDR\/PCDRBeloeil_5_Fiches.pdf#Page=55\" target=\"_blank\" rel=\"noreferrer noopener\">Vers la partie V<\/a><\/div>\n<\/div>\n\n\n\n<figure class=\"wp-block-image aligncenter size-full is-resized\"><img loading=\"lazy\" decoding=\"async\" width=\"2560\" height=\"1707\" src=\"http:\/\/frw-pcdr.be\/beloeil\/wp-content\/uploads\/ER1\/Beloeil\/Img\/sites\/9\/FP9_Beloeil-scaled.webp\" alt=\"\" class=\"wp-image-1058\" style=\"width:510px;height:auto\" srcset=\"https:\/\/frw-pcdr.be\/beloeil\/wp-content\/uploads\/ER1\/Beloeil\/Img\/sites\/9\/FP9_Beloeil-scaled.webp 2560w, https:\/\/frw-pcdr.be\/beloeil\/wp-content\/uploads\/ER1\/Beloeil\/Img\/sites\/9\/FP9_Beloeil-300x200.webp 300w, https:\/\/frw-pcdr.be\/beloeil\/wp-content\/uploads\/ER1\/Beloeil\/Img\/sites\/9\/FP9_Beloeil-1024x683.webp 1024w, https:\/\/frw-pcdr.be\/beloeil\/wp-content\/uploads\/ER1\/Beloeil\/Img\/sites\/9\/FP9_Beloeil-768x512.webp 768w, https:\/\/frw-pcdr.be\/beloeil\/wp-content\/uploads\/ER1\/Beloeil\/Img\/sites\/9\/FP9_Beloeil-1536x1024.webp 1536w, https:\/\/frw-pcdr.be\/beloeil\/wp-content\/uploads\/ER1\/Beloeil\/Img\/sites\/9\/FP9_Beloeil-2048x1365.webp 2048w\" sizes=\"auto, (max-width: 2560px) 100vw, 2560px\" \/><\/figure>\n<\/div>\n\n\n\n<div class=\"wp-block-column is-layout-flow wp-block-column-is-layout-flow\">\n<h2 class=\"wp-block-heading\" style=\"margin-right:1.5vh;margin-left:1.5vh\"><strong>Op\u00e9ration \u00ab\u00a0entr\u00e9es de village\u00a0\u00bb<\/strong><\/h2>\n\n\n\n<p style=\"margin-top:0.5rem;margin-right:1.5vh;margin-bottom:0.5rem;margin-left:1.5vh\">Le projet consiste \u00e0 am\u00e9nager les entr\u00e9es de villages de mani\u00e8re \u00e0 renforcer la visibilit\u00e9, l\u2019identit\u00e9<br>bel\u0153illoise, \u00e0 s\u00e9curiser la travers\u00e9e des agglom\u00e9rations et \u00e0 valoriser chaque village.<\/p>\n\n\n\n<p style=\"margin-top:0.5rem;margin-right:1.5vh;margin-bottom:0.5rem;margin-left:1.5vh\">La somme est inscrite au budget communal et l\u2019avis de la CLDR a \u00e9t\u00e9 rendu sur les implantations et contenus .<\/p>\n\n\n\n<div class=\"wp-block-buttons is-content-justification-left is-layout-flex wp-container-core-buttons-is-layout-4395d7bd wp-block-buttons-is-layout-flex\" style=\"padding-right:1.5vh;padding-left:1.5vh\">\n<div class=\"wp-block-button\"><a class=\"wp-block-button__link wp-element-button\" href=\"https:\/\/frw-pcdr.be\/beloeil\/wp-content\/uploads\/ER1\/Beloeil\/Doc\/PCDR\/PCDRBeloeil_5_Fiches.pdf#Page=65\" target=\"_blank\" rel=\"noreferrer noopener\">Vers la partie V<\/a><\/div>\n<\/div>\n\n\n\n<figure class=\"wp-block-image aligncenter size-full\"><img loading=\"lazy\" decoding=\"async\" width=\"2256\" height=\"1496\" src=\"http:\/\/frw-pcdr.be\/beloeil\/wp-content\/uploads\/ER1\/Beloeil\/Img\/sites\/9\/Entree_village_placeholder1.webp\" alt=\"\" class=\"wp-image-1057\" srcset=\"https:\/\/frw-pcdr.be\/beloeil\/wp-content\/uploads\/ER1\/Beloeil\/Img\/sites\/9\/Entree_village_placeholder1.webp 2256w, https:\/\/frw-pcdr.be\/beloeil\/wp-content\/uploads\/ER1\/Beloeil\/Img\/sites\/9\/Entree_village_placeholder1-300x199.webp 300w, https:\/\/frw-pcdr.be\/beloeil\/wp-content\/uploads\/ER1\/Beloeil\/Img\/sites\/9\/Entree_village_placeholder1-1024x679.webp 1024w, https:\/\/frw-pcdr.be\/beloeil\/wp-content\/uploads\/ER1\/Beloeil\/Img\/sites\/9\/Entree_village_placeholder1-768x509.webp 768w, https:\/\/frw-pcdr.be\/beloeil\/wp-content\/uploads\/ER1\/Beloeil\/Img\/sites\/9\/Entree_village_placeholder1-1536x1019.webp 1536w, https:\/\/frw-pcdr.be\/beloeil\/wp-content\/uploads\/ER1\/Beloeil\/Img\/sites\/9\/Entree_village_placeholder1-2048x1358.webp 2048w\" sizes=\"auto, (max-width: 2256px) 100vw, 2256px\" \/><\/figure>\n<\/div>\n\n\n\n<div class=\"wp-block-column is-layout-flow wp-block-column-is-layout-flow\" style=\"padding-right:0;padding-left:0\">\n<h2 class=\"wp-block-heading\" style=\"margin-right:1.5vh;margin-left:1.5vh\"><strong>Am\u00e9nager la dr\u00e8ve Ninove et la place Paul Pastur \u00e0 Quevaucamps<\/strong><\/h2>\n\n\n\n<p style=\"margin-top:0.5rem;margin-right:1.5vh;margin-bottom:0.5rem;margin-left:1.5vh\">Le projet consiste \u00e0 am\u00e9nager la Dr\u00e8ve Ninove pour permettre de connecter, pour les usagers doux, les deux centres principaux du village.\u200b Divers am\u00e9nagements ont \u00e9t\u00e9 r\u00e9alis\u00e9s dans le cadre de BiodiverCit\u00e9 2023<\/p>\n\n\n\n<div class=\"wp-block-buttons is-content-justification-left is-layout-flex wp-container-core-buttons-is-layout-4395d7bd wp-block-buttons-is-layout-flex\" style=\"padding-right:1.5vh;padding-left:1.5vh\">\n<div class=\"wp-block-button\"><a class=\"wp-block-button__link wp-element-button\" href=\"https:\/\/frw-pcdr.be\/beloeil\/wp-content\/uploads\/ER1\/Beloeil\/Doc\/PCDR\/PCDRBeloeil_5_Fiches.pdf#Page=69\" target=\"_blank\" rel=\"noreferrer noopener\">Vers la partie V<\/a><\/div>\n<\/div>\n\n\n\n<figure class=\"wp-block-image aligncenter size-full\"><img loading=\"lazy\" decoding=\"async\" width=\"1200\" height=\"802\" src=\"http:\/\/frw-pcdr.be\/beloeil\/wp-content\/uploads\/ER1\/Beloeil\/Img\/sites\/9\/dreve_ninove.webp\" alt=\"\" class=\"wp-image-1059\" srcset=\"https:\/\/frw-pcdr.be\/beloeil\/wp-content\/uploads\/ER1\/Beloeil\/Img\/sites\/9\/dreve_ninove.webp 1200w, https:\/\/frw-pcdr.be\/beloeil\/wp-content\/uploads\/ER1\/Beloeil\/Img\/sites\/9\/dreve_ninove-300x201.webp 300w, https:\/\/frw-pcdr.be\/beloeil\/wp-content\/uploads\/ER1\/Beloeil\/Img\/sites\/9\/dreve_ninove-1024x684.webp 1024w, https:\/\/frw-pcdr.be\/beloeil\/wp-content\/uploads\/ER1\/Beloeil\/Img\/sites\/9\/dreve_ninove-768x513.webp 768w\" sizes=\"auto, (max-width: 1200px) 100vw, 1200px\" \/><\/figure>\n<\/div>\n<\/div>\n\n\n\n<hr class=\"wp-block-separator has-text-color has-ast-global-color-1-color has-alpha-channel-opacity has-ast-global-color-1-background-color has-background is-style-wide\" \/>\n\n\n\n<div class=\"wp-block-columns is-layout-flex wp-container-core-columns-is-layout-a531a0f7 wp-block-columns-is-layout-flex\" style=\"padding-right:0;padding-left:0\">\n<div class=\"wp-block-column is-layout-flow wp-block-column-is-layout-flow\">\n<h2 class=\"wp-block-heading\" style=\"margin-right:1.5vh;margin-left:1.5vh\"><strong>Mettre en place une cantine durable<\/strong><\/h2>\n\n\n\n<p style=\"margin-top:0.5rem;margin-right:1.5vh;margin-bottom:0.5rem;margin-left:1.5vh\">Ce projet vise l&rsquo;instauration d&rsquo;une alimentation durable au sein des collectivit\u00e9s : dans les \u00e9coles, au sein du Centre d&rsquo;action sociale et des diff\u00e9rents services publics. <\/p>\n\n\n\n<p style=\"margin-top:0.5rem;margin-right:1.5vh;margin-bottom:0.5rem;margin-left:1.5vh\">A l&rsquo;initiative du CPAS, le nouveau cuisinier travaille avec des produits de proximit\u00e9&nbsp;; les plats sont distribu\u00e9s entre autres aux \u00e9coles.<\/p>\n\n\n\n<div class=\"wp-block-buttons is-content-justification-left is-layout-flex wp-container-core-buttons-is-layout-4395d7bd wp-block-buttons-is-layout-flex\" style=\"padding-right:1.5vh;padding-left:1.5vh\">\n<div class=\"wp-block-button\"><a class=\"wp-block-button__link wp-element-button\" href=\"https:\/\/frw-pcdr.be\/beloeil\/wp-content\/uploads\/ER1\/Beloeil\/Doc\/PCDR\/PCDRBeloeil_5_Fiches.pdf#Page=87\" target=\"_blank\" rel=\"noreferrer noopener\">Vers la partie V<\/a><\/div>\n<\/div>\n\n\n\n<figure class=\"wp-block-image aligncenter size-full\"><img loading=\"lazy\" decoding=\"async\" width=\"853\" height=\"480\" src=\"http:\/\/frw-pcdr.be\/beloeil\/wp-content\/uploads\/ER1\/Beloeil\/Img\/sites\/9\/FP16_Beloeil.jpg\" alt=\"\" class=\"wp-image-1060\" srcset=\"https:\/\/frw-pcdr.be\/beloeil\/wp-content\/uploads\/ER1\/Beloeil\/Img\/sites\/9\/FP16_Beloeil.jpg 853w, https:\/\/frw-pcdr.be\/beloeil\/wp-content\/uploads\/ER1\/Beloeil\/Img\/sites\/9\/FP16_Beloeil-300x169.jpg 300w, https:\/\/frw-pcdr.be\/beloeil\/wp-content\/uploads\/ER1\/Beloeil\/Img\/sites\/9\/FP16_Beloeil-768x432.jpg 768w\" sizes=\"auto, (max-width: 853px) 100vw, 853px\" \/><\/figure>\n<\/div>\n\n\n\n<div class=\"wp-block-column is-layout-flow wp-block-column-is-layout-flow\">\n<h2 class=\"wp-block-heading\" style=\"margin-right:1.5vh;margin-left:1.5vh\"><strong>Op\u00e9ration \u00ab\u00a0chapelles\u00a0\u00bb<\/strong><\/h2>\n\n\n\n<p style=\"margin-top:0.5rem;margin-right:1.5vh;margin-bottom:0.5rem;margin-left:1.5vh\">Les chapelles ont \u00e9t\u00e9 identifi\u00e9es durant toute l\u2019\u00e9laboration du PCDR comme \u00e9tant int\u00e9gr\u00e9es dans le paysage bel\u0153illois et auxquelles de nombreux habitants sont attach\u00e9s. <\/p>\n\n\n\n<p style=\"margin-top:0.5rem;margin-right:1.5vh;margin-bottom:0.5rem;margin-left:1.5vh\">La restauration de la chapelle Saint Martin a \u00e9t\u00e9 r\u00e9alis\u00e9e par la commune, l\u2019inventaire et la promotion de ces patrimoine est men\u00e9 en continu par le GT Chapelles&nbsp;<\/p>\n\n\n\n<div class=\"wp-block-buttons is-content-justification-left is-layout-flex wp-container-core-buttons-is-layout-4395d7bd wp-block-buttons-is-layout-flex\" style=\"padding-right:1.5vh;padding-left:1.5vh\">\n<div class=\"wp-block-button\"><a class=\"wp-block-button__link wp-element-button\" href=\"https:\/\/frw-pcdr.be\/beloeil\/wp-content\/uploads\/ER1\/Beloeil\/Doc\/PCDR\/PCDRBeloeil_5_Fiches.pdf#Page=103\" target=\"_blank\" rel=\"noreferrer noopener\">Vers la partie V<\/a><\/div>\n<\/div>\n\n\n\n<figure class=\"wp-block-image aligncenter size-full is-resized\"><img loading=\"lazy\" decoding=\"async\" width=\"800\" height=\"450\" src=\"https:\/\/frw-pcdr.be\/beloeil\/wp-content\/uploads\/ER1\/Beloeil\/Img\/sites\/9\/FP_chapelles-edited.jpg\" alt=\"\" class=\"wp-image-1072\" style=\"width:524px;height:auto\" srcset=\"https:\/\/frw-pcdr.be\/beloeil\/wp-content\/uploads\/ER1\/Beloeil\/Img\/sites\/9\/FP_chapelles-edited.jpg 800w, https:\/\/frw-pcdr.be\/beloeil\/wp-content\/uploads\/ER1\/Beloeil\/Img\/sites\/9\/FP_chapelles-edited-300x169.jpg 300w, https:\/\/frw-pcdr.be\/beloeil\/wp-content\/uploads\/ER1\/Beloeil\/Img\/sites\/9\/FP_chapelles-edited-768x432.jpg 768w\" sizes=\"auto, (max-width: 800px) 100vw, 800px\" \/><\/figure>\n<\/div>\n\n\n\n<div class=\"wp-block-column is-layout-flow wp-block-column-is-layout-flow\" style=\"padding-right:0;padding-left:0\">\n<h2 class=\"wp-block-heading\" style=\"margin-right:1.5vh;margin-left:1.5vh\"><strong>Cr\u00e9er un verger conservatoire<\/strong><\/h2>\n\n\n\n<p style=\"margin-top:0.5rem;margin-right:1.5vh;margin-bottom:0.5rem;margin-left:1.5vh\">Le projet consiste \u00e0 cr\u00e9er un espace rassemblant des esp\u00e8ces v\u00e9g\u00e9tales rustiques anciennes ou nouvelles, rares ou communes des vergers, potagers, jardins et haies vives locales. <\/p>\n\n\n\n<p style=\"margin-top:0.5rem;margin-right:1.5vh;margin-bottom:0.5rem;margin-left:1.5vh\">L\u2019implantation des arbres, haies et de l\u2019enclos est termin\u00e9e ; la suite, l\u2019am\u00e9nagement des abords et de la bergerie sera du ressort d\u2019un permis d\u2019urbanisme<\/p>\n\n\n\n<div class=\"wp-block-buttons is-content-justification-left is-layout-flex wp-container-core-buttons-is-layout-4395d7bd wp-block-buttons-is-layout-flex\" style=\"padding-right:1.5vh;padding-left:1.5vh\">\n<div class=\"wp-block-button\"><a class=\"wp-block-button__link wp-element-button\" href=\"https:\/\/frw-pcdr.be\/beloeil\/wp-content\/uploads\/ER1\/Beloeil\/Doc\/PCDR\/PCDRBeloeil_5_Fiches.pdf#Page=125\" target=\"_blank\" rel=\"noreferrer noopener\">Vers la partie V<\/a><\/div>\n<\/div>\n\n\n\n<figure class=\"wp-block-image aligncenter size-full is-resized\"><img loading=\"lazy\" decoding=\"async\" width=\"1067\" height=\"600\" src=\"https:\/\/frw-pcdr.be\/beloeil\/wp-content\/uploads\/ER1\/Beloeil\/Img\/sites\/9\/FP_verger-edited.webp\" alt=\"\" class=\"wp-image-1071\" style=\"width:530px;height:auto\" srcset=\"https:\/\/frw-pcdr.be\/beloeil\/wp-content\/uploads\/ER1\/Beloeil\/Img\/sites\/9\/FP_verger-edited.webp 1067w, https:\/\/frw-pcdr.be\/beloeil\/wp-content\/uploads\/ER1\/Beloeil\/Img\/sites\/9\/FP_verger-edited-300x169.webp 300w, https:\/\/frw-pcdr.be\/beloeil\/wp-content\/uploads\/ER1\/Beloeil\/Img\/sites\/9\/FP_verger-edited-1024x576.webp 1024w, https:\/\/frw-pcdr.be\/beloeil\/wp-content\/uploads\/ER1\/Beloeil\/Img\/sites\/9\/FP_verger-edited-768x432.webp 768w\" sizes=\"auto, (max-width: 1067px) 100vw, 1067px\" \/><\/figure>\n<\/div>\n<\/div>\n\n\n\n<div style=\"height:20px\" aria-hidden=\"true\" class=\"wp-block-spacer\"><\/div>\n<\/div>\n\n\n\n<div style=\"height:50px\" aria-hidden=\"true\" class=\"wp-block-spacer\"><\/div>\n\n\n\n<p class=\"has-text-align-center has-ast-global-color-2-color has-text-color has-link-color wp-elements-ea156343109a439a96907692230ee7b7\" style=\"padding-right:3vh;padding-left:3vh\"><strong>Envie de d\u00e9couvrir d\u2019autres projets et mesurer l\u2019\u00e9tendue des champs d\u2019action du d\u00e9veloppement rural ? Rendez-vous sur&#8230;<\/strong><\/p>\n\n\n\n<div class=\"wp-block-buttons is-content-justification-center is-layout-flex wp-container-core-buttons-is-layout-a89b3969 wp-block-buttons-is-layout-flex\">\n<div class=\"wp-block-button\"><a class=\"wp-block-button__link wp-element-button\" href=\"https:\/\/www.frw.be\/des-projets-pour\/\" target=\"_blank\" rel=\"noreferrer noopener\"><strong>FRW &#8211; Des projets pour&#8230;<\/strong><\/a><\/div>\n<\/div>\n\n\n\n<div style=\"height:50px\" aria-hidden=\"true\" class=\"wp-block-spacer\"><\/div>\n\n\n\n<p><\/p>\n","protected":false},"excerpt":{"rendered":"<p>En cours Grandglise &#8211; Cr\u00e9er des logements interg\u00e9n\u00e9rationnels Le projet consiste \u00e0 cr\u00e9er 3 logements interg\u00e9n\u00e9rationnels (1 logement unifamilial et [&hellip;]<\/p>\n","protected":false},"author":1,"featured_media":999,"parent":0,"menu_order":3,"comment_status":"closed","ping_status":"closed","template":"","meta":{"site-sidebar-layout":"default","site-content-layout":"","ast-site-content-layout":"default","site-content-style":"default","site-sidebar-style":"default","ast-global-header-display":"","ast-banner-title-visibility":"","ast-main-header-display":"","ast-hfb-above-header-display":"","ast-hfb-below-header-display":"","ast-hfb-mobile-header-display":"","site-post-title":"disabled","ast-breadcrumbs-content":"","ast-featured-img":"disabled","footer-sml-layout":"","ast-disable-related-posts":"","theme-transparent-header-meta":"","adv-header-id-meta":"","stick-header-meta":"","header-above-stick-meta":"","header-main-stick-meta":"","header-below-stick-meta":"","astra-migrate-meta-layouts":"default","ast-page-background-enabled":"default","ast-page-background-meta":{"desktop":{"background-color":"var(--ast-global-color-5)","background-image":"","background-repeat":"repeat","background-position":"center center","background-size":"auto","background-attachment":"scroll","background-type":"","background-media":"","overlay-type":"","overlay-color":"","overlay-opacity":"","overlay-gradient":""},"tablet":{"background-color":"","background-image":"","background-repeat":"repeat","background-position":"center center","background-size":"auto","background-attachment":"scroll","background-type":"","background-media":"","overlay-type":"","overlay-color":"","overlay-opacity":"","overlay-gradient":""},"mobile":{"background-color":"","background-image":"","background-repeat":"repeat","background-position":"center center","background-size":"auto","background-attachment":"scroll","background-type":"","background-media":"","overlay-type":"","overlay-color":"","overlay-opacity":"","overlay-gradient":""}},"ast-content-background-meta":{"desktop":{"background-color":"var(--ast-global-color-4)","background-image":"","background-repeat":"repeat","background-position":"center center","background-size":"auto","background-attachment":"scroll","background-type":"","background-media":"","overlay-type":"","overlay-color":"","overlay-opacity":"","overlay-gradient":""},"tablet":{"background-color":"var(--ast-global-color-4)","background-image":"","background-repeat":"repeat","background-position":"center center","background-size":"auto","background-attachment":"scroll","background-type":"","background-media":"","overlay-type":"","overlay-color":"","overlay-opacity":"","overlay-gradient":""},"mobile":{"background-color":"var(--ast-global-color-4)","background-image":"","background-repeat":"repeat","background-position":"center center","background-size":"auto","background-attachment":"scroll","background-type":"","background-media":"","overlay-type":"","overlay-color":"","overlay-opacity":"","overlay-gradient":""}},"footnotes":""},"class_list":["post-9","page","type-page","status-publish","has-post-thumbnail","hentry"],"_links":{"self":[{"href":"https:\/\/frw-pcdr.be\/beloeil\/wp-json\/wp\/v2\/pages\/9","targetHints":{"allow":["GET"]}}],"collection":[{"href":"https:\/\/frw-pcdr.be\/beloeil\/wp-json\/wp\/v2\/pages"}],"about":[{"href":"https:\/\/frw-pcdr.be\/beloeil\/wp-json\/wp\/v2\/types\/page"}],"author":[{"embeddable":true,"href":"https:\/\/frw-pcdr.be\/beloeil\/wp-json\/wp\/v2\/users\/1"}],"replies":[{"embeddable":true,"href":"https:\/\/frw-pcdr.be\/beloeil\/wp-json\/wp\/v2\/comments?post=9"}],"version-history":[{"count":7,"href":"https:\/\/frw-pcdr.be\/beloeil\/wp-json\/wp\/v2\/pages\/9\/revisions"}],"predecessor-version":[{"id":1106,"href":"https:\/\/frw-pcdr.be\/beloeil\/wp-json\/wp\/v2\/pages\/9\/revisions\/1106"}],"wp:featuredmedia":[{"embeddable":true,"href":"https:\/\/frw-pcdr.be\/beloeil\/wp-json\/wp\/v2\/media\/999"}],"wp:attachment":[{"href":"https:\/\/frw-pcdr.be\/beloeil\/wp-json\/wp\/v2\/media?parent=9"}],"curies":[{"name":"wp","href":"https:\/\/api.w.org\/{rel}","templated":true}]}}