{"id":330,"date":"2025-10-29T10:49:31","date_gmt":"2025-10-29T09:49:31","guid":{"rendered":"https:\/\/frw-pcdr.be\/onhaye\/?page_id=330"},"modified":"2026-05-06T10:21:48","modified_gmt":"2026-05-06T08:21:48","slug":"actualites","status":"publish","type":"page","link":"https:\/\/frw-pcdr.be\/beloeil\/actualites\/","title":{"rendered":"Actualit\u00e9s"},"content":{"rendered":"\n<div class=\"wp-block-group alignfull is-layout-constrained wp-container-core-group-is-layout-ce46af0e wp-block-group-is-layout-constrained\" style=\"padding-top:0;padding-right:3vw;padding-bottom:3vw;padding-left:3vw\">\n<h1 class=\"wp-block-heading has-text-align-left has-ast-global-color-0-color has-text-color has-link-color wp-elements-4a5e537b25b355149cbbd5be494b8a72\" style=\"margin-top:3rem;padding-top:0;padding-right:1.5vh;padding-bottom:0;padding-left:1.5vh;font-size:3.5vh;letter-spacing:0px\">ACTUALIT\u00c9S<\/h1>\n\n\n\n<h2 class=\"wp-block-heading has-text-align-left has-ast-global-color-1-color has-text-color has-link-color wp-elements-dbd4d0fac0b27ddf9730ade8dcde6000\" style=\"margin-top:var(--wp--preset--spacing--50);margin-right:0;margin-bottom:0;margin-left:0;padding-top:0;padding-right:2vh;padding-bottom:0;padding-left:2vh\">Les derni\u00e8res infos relatives au PCDR de votre commune<\/h2>\n\n\n\n<p style=\"margin-top:var(--wp--preset--spacing--40);margin-bottom:var(--wp--preset--spacing--40);padding-right:2vh;padding-left:2vh\">Projets en cours, inaugurations, r\u00e9unions&#8230;<\/p>\n<\/div>\n\n\n\n<div class=\"wp-block-group alignfull is-layout-constrained wp-block-group-is-layout-constrained\" style=\"margin-bottom:0;padding-top:0rem;padding-bottom:0rem\">\n<div class=\"wp-block-columns has-background is-layout-flex wp-container-core-columns-is-layout-2097dcb0 wp-block-columns-is-layout-flex\" style=\"border-radius:5px;background:linear-gradient(135deg,rgb(68,85,79) 0%,rgb(111,148,135) 100%);padding-top:var(--wp--preset--spacing--30);padding-right:var(--wp--preset--spacing--30);padding-bottom:var(--wp--preset--spacing--60);padding-left:var(--wp--preset--spacing--30)\">\n<div class=\"wp-block-column is-vertically-aligned-center is-layout-flow wp-block-column-is-layout-flow\" style=\"padding-right:0;padding-left:0\">\n<figure class=\"wp-block-image size-large\"><img loading=\"lazy\" decoding=\"async\" width=\"1024\" height=\"473\" src=\"http:\/\/frw-pcdr.be\/beloeil\/wp-content\/uploads\/ER1\/Beloeil\/Img\/sites\/9\/CLDR-22-04-26-1024x473.webp\" alt=\"\" class=\"wp-image-1150\" style=\"aspect-ratio:16\/9;object-fit:cover\" srcset=\"https:\/\/frw-pcdr.be\/beloeil\/wp-content\/uploads\/ER1\/Beloeil\/Img\/sites\/9\/CLDR-22-04-26-1024x473.webp 1024w, https:\/\/frw-pcdr.be\/beloeil\/wp-content\/uploads\/ER1\/Beloeil\/Img\/sites\/9\/CLDR-22-04-26-300x139.webp 300w, https:\/\/frw-pcdr.be\/beloeil\/wp-content\/uploads\/ER1\/Beloeil\/Img\/sites\/9\/CLDR-22-04-26-768x355.webp 768w, https:\/\/frw-pcdr.be\/beloeil\/wp-content\/uploads\/ER1\/Beloeil\/Img\/sites\/9\/CLDR-22-04-26-1536x710.webp 1536w, https:\/\/frw-pcdr.be\/beloeil\/wp-content\/uploads\/ER1\/Beloeil\/Img\/sites\/9\/CLDR-22-04-26-2048x946.webp 2048w\" sizes=\"auto, (max-width: 1024px) 100vw, 1024px\" \/><\/figure>\n<\/div>\n\n\n\n<div class=\"wp-block-column is-layout-flow wp-block-column-is-layout-flow\" style=\"padding-left:0\">\n<h2 class=\"wp-block-heading has-ast-global-color-3-color has-text-color has-link-color wp-elements-518419a864042520e67729865baa638b\" style=\"padding-top:var(--wp--preset--spacing--40);padding-right:1.5vh;padding-left:1.5vh\"><strong>La Maison des Ecacheries \u2013 la CLDR remet le travail sur le m\u00e9tier<\/strong><\/h2>\n\n\n\n<h6 class=\"wp-block-heading has-ast-global-color-3-color has-text-color has-link-color wp-elements-ee501d66b527eefc091fb22a235950d4\" style=\"padding-right:1.5vh;padding-left:1.5vh\">22\/04\/2026<\/h6>\n\n\n\n<hr class=\"wp-block-separator has-text-color has-ast-global-color-1-color has-alpha-channel-opacity has-ast-global-color-1-background-color has-background is-style-wide\" \/>\n\n\n\n<p class=\"has-ast-global-color-3-color has-text-color has-link-color wp-elements-3e33813007db2cdf779ec7236b3a23ee\" style=\"padding-right:1.5vh;padding-left:1.5vh\">C\u2019est par une belle fin de journ\u00e9e que la CLDR s\u2019est r\u00e9unie sur le site m\u00eame qui fera l\u2019objet d\u2019une future demande de subvention dans le cadre du d\u00e9veloppement rural\u00a0; outre les points \u00ab\u00a0classiques\u00a0\u00bb de l\u2018ordre du jour, il a \u00e9t\u00e9 propos\u00e9 aux membres un exercice pratique de diagnostic des forces et faiblesses de cette ancienne \u00e9cole et de ses abords bucoliques. <\/p>\n\n\n\n<p class=\"has-ast-global-color-3-color has-text-color has-link-color wp-elements-6e536261969d275af00b285b6fde4987\" style=\"padding-right:1.5vh;padding-left:1.5vh\">La CLDR dans la foul\u00e9e a \u00e9mis diverses recommandations en terme de reconversion du site dont le ma\u00eetre mot a \u00e9t\u00e9 sobri\u00e9t\u00e9\u00a0; en effet, il s\u2019est av\u00e9r\u00e9 que la grande cour et les deux constructions sont relativement en bon \u00e9tat et pour l\u2019une d\u00e9j\u00e0 en grande partie op\u00e9rationnelle. La suite sera la consultation de structures potentiellement parties prenantes dans ce projet en vue d\u2019actualiser la fiche projet du PCDR.\u00a0\u00a0\u00a0<\/p>\n<\/div>\n<\/div>\n\n\n\n<div style=\"height:40px\" aria-hidden=\"true\" class=\"wp-block-spacer\"><\/div>\n<\/div>\n\n\n\n<div class=\"wp-block-group alignfull is-layout-constrained wp-block-group-is-layout-constrained\" style=\"margin-bottom:0;padding-top:0rem;padding-bottom:0rem\">\n<div class=\"wp-block-columns has-background is-layout-flex wp-container-core-columns-is-layout-2097dcb0 wp-block-columns-is-layout-flex\" style=\"border-radius:5px;background:linear-gradient(135deg,rgb(68,85,79) 0%,rgb(111,148,135) 100%);padding-top:var(--wp--preset--spacing--30);padding-right:var(--wp--preset--spacing--30);padding-bottom:var(--wp--preset--spacing--60);padding-left:var(--wp--preset--spacing--30)\">\n<div class=\"wp-block-column is-vertically-aligned-center is-layout-flow wp-block-column-is-layout-flow\" style=\"padding-right:0;padding-left:0\">\n<figure class=\"wp-block-image size-large\"><img loading=\"lazy\" decoding=\"async\" width=\"1024\" height=\"746\" src=\"http:\/\/frw-pcdr.be\/beloeil\/wp-content\/uploads\/ER1\/Beloeil\/Img\/sites\/9\/Camping-nettoyage-mars26-1024x746.webp\" alt=\"Groupe de personnes portant des gilets r\u00e9fl\u00e9chissants travaillant \u00e0 l\u2019ext\u00e9rieur dans un espace vert. Une personne utilise un outil pour nettoyer ou d\u00e9gager des branches au sol, tandis que deux autres observent et participent \u00e0 l\u2019activit\u00e9. Une brouette remplie de mat\u00e9riaux se trouve au premier plan\" class=\"wp-image-1140\" style=\"aspect-ratio:16\/9;object-fit:cover\" srcset=\"https:\/\/frw-pcdr.be\/beloeil\/wp-content\/uploads\/ER1\/Beloeil\/Img\/sites\/9\/Camping-nettoyage-mars26-1024x746.webp 1024w, https:\/\/frw-pcdr.be\/beloeil\/wp-content\/uploads\/ER1\/Beloeil\/Img\/sites\/9\/Camping-nettoyage-mars26-300x219.webp 300w, https:\/\/frw-pcdr.be\/beloeil\/wp-content\/uploads\/ER1\/Beloeil\/Img\/sites\/9\/Camping-nettoyage-mars26-768x559.webp 768w, https:\/\/frw-pcdr.be\/beloeil\/wp-content\/uploads\/ER1\/Beloeil\/Img\/sites\/9\/Camping-nettoyage-mars26-1536x1119.webp 1536w, https:\/\/frw-pcdr.be\/beloeil\/wp-content\/uploads\/ER1\/Beloeil\/Img\/sites\/9\/Camping-nettoyage-mars26.webp 1800w\" sizes=\"auto, (max-width: 1024px) 100vw, 1024px\" \/><\/figure>\n<\/div>\n\n\n\n<div class=\"wp-block-column is-layout-flow wp-block-column-is-layout-flow\" style=\"padding-left:0\">\n<h2 class=\"wp-block-heading has-ast-global-color-3-color has-text-color has-link-color wp-elements-e3cb9b0bc393bbc08f6f6d527f931135\" style=\"padding-top:var(--wp--preset--spacing--40);padding-right:1.5vh;padding-left:1.5vh\"><strong>Ancien Camping des roches rouges<\/strong><\/h2>\n\n\n\n<h6 class=\"wp-block-heading has-ast-global-color-3-color has-text-color has-link-color wp-elements-c0b68139e01d34470e02b95f55dd8aa7\" style=\"padding-right:1.5vh;padding-left:1.5vh\">04\/03\/2026<\/h6>\n\n\n\n<hr class=\"wp-block-separator has-text-color has-ast-global-color-1-color has-alpha-channel-opacity has-ast-global-color-1-background-color has-background is-style-wide\" \/>\n\n\n\n<p class=\"has-ast-global-color-3-color has-text-color has-link-color wp-elements-6e22539fe1ca56ac5f17e4a99aadaf07\" style=\"padding-right:1.5vh;padding-left:1.5vh\">Une grande action de nettoyage a \u00e9t\u00e9 men\u00e9e sur le site de l&rsquo;ancien camping des Roches Rouges !<br>Avec le concours du Conseil Communal des Enfants et de la Commission Locale de D\u00e9veloppement Rural, plastiques, pneus, briquaillons et planches en bois ont \u00e9t\u00e9 r\u00e9colt\u00e9s tout au long de l&rsquo;apr\u00e8s midi.<br>L&rsquo;objectif ? Nettoyer le site, sensibiliser \u00e0 sa biodiversit\u00e9 et r\u00e9fl\u00e9chir ensemble aux am\u00e9nagements de demain !<br>Une belle op\u00e9ration citoyenne, concr\u00e8te et positive&#8230; qui en appelle d&rsquo;autres, pour que les Roches Rouges rouvrent bient\u00f4t au public !!<\/p>\n\n\n\n<div class=\"wp-block-buttons is-layout-flex wp-block-buttons-is-layout-flex\" style=\"padding-right:2vh;padding-left:2vh\">\n<div class=\"wp-block-button\"><a class=\"wp-block-button__link wp-element-button\" href=\"https:\/\/www.facebook.com\/reel\/1450857033499597\" target=\"_blank\" rel=\"noreferrer noopener\">A d\u00e9couvrir en vid\u00e9o<\/a><\/div>\n<\/div>\n<\/div>\n<\/div>\n\n\n\n<div style=\"height:40px\" aria-hidden=\"true\" class=\"wp-block-spacer\"><\/div>\n<\/div>\n\n\n\n<div class=\"wp-block-group alignfull is-layout-constrained wp-block-group-is-layout-constrained\" style=\"margin-bottom:0;padding-top:0rem;padding-bottom:0rem\">\n<div class=\"wp-block-columns has-background is-layout-flex wp-container-core-columns-is-layout-2097dcb0 wp-block-columns-is-layout-flex\" style=\"border-radius:5px;background:linear-gradient(135deg,rgb(68,85,79) 0%,rgb(111,148,135) 100%);padding-top:var(--wp--preset--spacing--30);padding-right:var(--wp--preset--spacing--30);padding-bottom:var(--wp--preset--spacing--60);padding-left:var(--wp--preset--spacing--30)\">\n<div class=\"wp-block-column is-vertically-aligned-center is-layout-flow wp-block-column-is-layout-flow\" style=\"padding-right:0;padding-left:0\">\n<figure class=\"wp-block-image size-large\"><img loading=\"lazy\" decoding=\"async\" width=\"1024\" height=\"768\" src=\"http:\/\/frw-pcdr.be\/beloeil\/wp-content\/uploads\/ER1\/Beloeil\/Img\/sites\/9\/terraincampingrochesrouges-1024x768.webp\" alt=\"\" class=\"wp-image-1044\" style=\"aspect-ratio:16\/9;object-fit:cover\" srcset=\"https:\/\/frw-pcdr.be\/beloeil\/wp-content\/uploads\/ER1\/Beloeil\/Img\/sites\/9\/terraincampingrochesrouges-1024x768.webp 1024w, https:\/\/frw-pcdr.be\/beloeil\/wp-content\/uploads\/ER1\/Beloeil\/Img\/sites\/9\/terraincampingrochesrouges-300x225.webp 300w, https:\/\/frw-pcdr.be\/beloeil\/wp-content\/uploads\/ER1\/Beloeil\/Img\/sites\/9\/terraincampingrochesrouges-768x576.webp 768w, https:\/\/frw-pcdr.be\/beloeil\/wp-content\/uploads\/ER1\/Beloeil\/Img\/sites\/9\/terraincampingrochesrouges.webp 1067w\" sizes=\"auto, (max-width: 1024px) 100vw, 1024px\" \/><\/figure>\n<\/div>\n\n\n\n<div class=\"wp-block-column is-layout-flow wp-block-column-is-layout-flow\" style=\"padding-left:0\">\n<h2 class=\"wp-block-heading has-ast-global-color-3-color has-text-color has-link-color wp-elements-28164f9a4e8e87b515d38518df472dd8\" style=\"padding-top:var(--wp--preset--spacing--40);padding-right:1.5vh;padding-left:1.5vh\">Ancien Camping des roches rouges<\/h2>\n\n\n\n<h6 class=\"wp-block-heading has-ast-global-color-3-color has-text-color has-link-color wp-elements-59f5cb9bf35e89737a33c32e8a75355b\" style=\"padding-right:1.5vh;padding-left:1.5vh\">09\/10\/2025<\/h6>\n\n\n\n<hr class=\"wp-block-separator has-text-color has-ast-global-color-1-color has-alpha-channel-opacity has-ast-global-color-1-background-color has-background is-style-wide\" \/>\n\n\n\n<p class=\"has-ast-global-color-3-color has-text-color has-link-color wp-elements-e6960774dcce95603e8e0307468b921f\" style=\"padding-right:1.5vh;padding-left:1.5vh\">L\u2019ancien camping des Roches rouges, espace en devenir, la CLDR s\u2019implique.<br>\u200b<br>Dans le prolongement de la r\u00e9flexion \u00ab&nbsp;en chambre&nbsp;\u00bb de juin sur le futur de ce site, la CLDR l\u2019a parcouru d\u00e9but octobre pour s\u2019en impr\u00e9gner et v\u00e9rifier l\u2019ad\u00e9quation des diff\u00e9rentes pistes d\u2019activit\u00e9s et d\u2019am\u00e9nagement. En pr\u00e9ambule, la charg\u00e9e de mission du PNPE \u00e0 pr\u00e9sent\u00e9 le contexte \u00e9cologique particulier du lieu, les menaces li\u00e9es aux plantes invasive et les techniques de gestion\/restauration d\u2019habitats sp\u00e9cifiques des sols sableux.<br>La responsable de l\u2019ATL a aussi pris part \u00e0 la visite pour d\u00e9celer les potentialit\u00e9s en termes de projets p\u00e9dagogiques.<br>A travers le cheminement emprunt\u00e9, les participants ont pu se rendre compte des diff\u00e9rentes ambiances des parcelles concern\u00e9es et d\u00e9j\u00e0 conclure que les activit\u00e9s et interventions y li\u00e9es devraient litt\u00e9ralement se fondre dans cet \u00e9crin naturel.&nbsp;<\/p>\n<\/div>\n<\/div>\n\n\n\n<div style=\"height:40px\" aria-hidden=\"true\" class=\"wp-block-spacer\"><\/div>\n<\/div>\n\n\n\n<div class=\"wp-block-group alignfull is-layout-constrained wp-block-group-is-layout-constrained\" style=\"margin-bottom:0;padding-top:0rem;padding-bottom:0rem\">\n<div class=\"wp-block-columns has-background is-layout-flex wp-container-core-columns-is-layout-2097dcb0 wp-block-columns-is-layout-flex\" style=\"border-radius:5px;background:linear-gradient(135deg,rgb(68,85,79) 0%,rgb(111,148,135) 100%);padding-top:var(--wp--preset--spacing--30);padding-right:var(--wp--preset--spacing--30);padding-bottom:var(--wp--preset--spacing--60);padding-left:var(--wp--preset--spacing--30)\">\n<div class=\"wp-block-column is-vertically-aligned-center is-layout-flow wp-block-column-is-layout-flow\" style=\"padding-right:0;padding-left:0\">\n<figure class=\"wp-block-image size-large\"><img loading=\"lazy\" decoding=\"async\" width=\"1024\" height=\"683\" src=\"http:\/\/frw-pcdr.be\/beloeil\/wp-content\/uploads\/ER1\/Beloeil\/Img\/sites\/9\/camping_roche_rouge_1-1024x683.webp\" alt=\"\" class=\"wp-image-1045\" style=\"aspect-ratio:16\/9;object-fit:cover\" srcset=\"https:\/\/frw-pcdr.be\/beloeil\/wp-content\/uploads\/ER1\/Beloeil\/Img\/sites\/9\/camping_roche_rouge_1-1024x683.webp 1024w, https:\/\/frw-pcdr.be\/beloeil\/wp-content\/uploads\/ER1\/Beloeil\/Img\/sites\/9\/camping_roche_rouge_1-300x200.webp 300w, https:\/\/frw-pcdr.be\/beloeil\/wp-content\/uploads\/ER1\/Beloeil\/Img\/sites\/9\/camping_roche_rouge_1-768x512.webp 768w, https:\/\/frw-pcdr.be\/beloeil\/wp-content\/uploads\/ER1\/Beloeil\/Img\/sites\/9\/camping_roche_rouge_1.webp 1100w\" sizes=\"auto, (max-width: 1024px) 100vw, 1024px\" \/><\/figure>\n<\/div>\n\n\n\n<div class=\"wp-block-column is-layout-flow wp-block-column-is-layout-flow\" style=\"padding-left:0\">\n<h2 class=\"wp-block-heading has-ast-global-color-3-color has-text-color has-link-color wp-elements-7775eeb3b823c1502645d98917d2c6bb\" style=\"padding-top:var(--wp--preset--spacing--40);padding-right:1.5vh;padding-left:1.5vh\">Camping des roches rouges &#8211; L<strong>a nature r\u00e9investi l\u2019ancien camping.<\/strong><\/h2>\n\n\n\n<h6 class=\"wp-block-heading has-ast-global-color-3-color has-text-color has-link-color wp-elements-18b6e9e42014859db1ed50b7322bc20e\" style=\"padding-right:1.5vh;padding-left:1.5vh\">11\/04\/2025<\/h6>\n\n\n\n<hr class=\"wp-block-separator has-text-color has-ast-global-color-1-color has-alpha-channel-opacity has-ast-global-color-1-background-color has-background is-style-wide\" \/>\n\n\n\n<p class=\"has-ast-global-color-3-color has-text-color has-link-color wp-elements-2c0c80bc51880a010e80202f37fe7e72\" style=\"padding-right:1.5vh;padding-left:1.5vh\">Comme annonc\u00e9 dans les m\u00e9dias, la commune a d\u00e9cid\u00e9 d\u2019orienter la reconversion de cet ancien site touristique vers un espace de quartier d\u00e9di\u00e9 \u00e0 la convivialit\u00e9 et \u00e0 la d\u00e9couverte de la biodiversit\u00e9.<br>En pr\u00e9alable aux r\u00e9flexions sur les options de r\u00e9am\u00e9nagement, qui seront imagin\u00e9es avec les citoyens,&nbsp; il s\u2019av\u00e8re n\u00e9cessaire d\u2019estimer l\u2019int\u00e9r\u00eat du lieu pour la faune et la flore et, ainsi, cerner les secteurs \u00e0 r\u00e9server en zones de qui\u00e9tude.<br>Une premi\u00e8re visite du Parc naturel des Plaines de l\u2019Escaut et des techniciens communaux a confirm\u00e9 le potentiel de l\u2019endroit d\u00fb \u00e0 la nature sp\u00e9cifique de son sol&nbsp;sableux. Un spot de quelques reliques de massifs de bruy\u00e8res a d\u2019ailleurs \u00e9t\u00e9 d\u00e9couvert.<br>Dans la foul\u00e9e, l\u2019\u00e9quipe de Trans\u2019Vert (<em>chantiers transfrontaliers d\u2019insertion socio-professionnelle autour de la nature et des paysages<\/em>) s\u2019est propos\u00e9e d\u2019intervenir sur ce spot. Les travaux ont consist\u00e9 \u00e0 \u00e9liminer les quelques ligneux en comp\u00e9tition et \u00ab&nbsp;rafraichir&nbsp;\u00bb le sol pour esp\u00e9rer le voir \u00e0 nouveau compl\u00e8tement couvert de bruy\u00e8res. Nous vous tiendrons bien sur inform\u00e9 des prochaines \u00e9tapes et actions.&nbsp;<\/p>\n<\/div>\n<\/div>\n<\/div>\n\n\n\n<div style=\"height:40px\" aria-hidden=\"true\" class=\"wp-block-spacer\"><\/div>\n\n\n\n<div style=\"height:40px\" aria-hidden=\"true\" class=\"wp-block-spacer\"><\/div>\n","protected":false},"excerpt":{"rendered":"<p>ACTUALIT\u00c9S Les derni\u00e8res infos relatives au PCDR de votre commune Projets en cours, inaugurations, r\u00e9unions&#8230; La Maison des Ecacheries \u2013 [&hellip;]<\/p>\n","protected":false},"author":1,"featured_media":999,"parent":0,"menu_order":1,"comment_status":"closed","ping_status":"closed","template":"","meta":{"site-sidebar-layout":"default","site-content-layout":"","ast-site-content-layout":"default","site-content-style":"default","site-sidebar-style":"default","ast-global-header-display":"","ast-banner-title-visibility":"","ast-main-header-display":"","ast-hfb-above-header-display":"","ast-hfb-below-header-display":"","ast-hfb-mobile-header-display":"","site-post-title":"disabled","ast-breadcrumbs-content":"","ast-featured-img":"disabled","footer-sml-layout":"","ast-disable-related-posts":"","theme-transparent-header-meta":"","adv-header-id-meta":"","stick-header-meta":"","header-above-stick-meta":"","header-main-stick-meta":"","header-below-stick-meta":"","astra-migrate-meta-layouts":"default","ast-page-background-enabled":"default","ast-page-background-meta":{"desktop":{"background-color":"var(--ast-global-color-5)","background-image":"","background-repeat":"repeat","background-position":"center center","background-size":"auto","background-attachment":"scroll","background-type":"","background-media":"","overlay-type":"","overlay-color":"","overlay-opacity":"","overlay-gradient":""},"tablet":{"background-color":"","background-image":"","background-repeat":"repeat","background-position":"center center","background-size":"auto","background-attachment":"scroll","background-type":"","background-media":"","overlay-type":"","overlay-color":"","overlay-opacity":"","overlay-gradient":""},"mobile":{"background-color":"","background-image":"","background-repeat":"repeat","background-position":"center center","background-size":"auto","background-attachment":"scroll","background-type":"","background-media":"","overlay-type":"","overlay-color":"","overlay-opacity":"","overlay-gradient":""}},"ast-content-background-meta":{"desktop":{"background-color":"var(--ast-global-color-4)","background-image":"","background-repeat":"repeat","background-position":"center center","background-size":"auto","background-attachment":"scroll","background-type":"","background-media":"","overlay-type":"","overlay-color":"","overlay-opacity":"","overlay-gradient":""},"tablet":{"background-color":"var(--ast-global-color-4)","background-image":"","background-repeat":"repeat","background-position":"center center","background-size":"auto","background-attachment":"scroll","background-type":"","background-media":"","overlay-type":"","overlay-color":"","overlay-opacity":"","overlay-gradient":""},"mobile":{"background-color":"var(--ast-global-color-4)","background-image":"","background-repeat":"repeat","background-position":"center center","background-size":"auto","background-attachment":"scroll","background-type":"","background-media":"","overlay-type":"","overlay-color":"","overlay-opacity":"","overlay-gradient":""}},"footnotes":""},"class_list":["post-330","page","type-page","status-publish","has-post-thumbnail","hentry"],"_links":{"self":[{"href":"https:\/\/frw-pcdr.be\/beloeil\/wp-json\/wp\/v2\/pages\/330","targetHints":{"allow":["GET"]}}],"collection":[{"href":"https:\/\/frw-pcdr.be\/beloeil\/wp-json\/wp\/v2\/pages"}],"about":[{"href":"https:\/\/frw-pcdr.be\/beloeil\/wp-json\/wp\/v2\/types\/page"}],"author":[{"embeddable":true,"href":"https:\/\/frw-pcdr.be\/beloeil\/wp-json\/wp\/v2\/users\/1"}],"replies":[{"embeddable":true,"href":"https:\/\/frw-pcdr.be\/beloeil\/wp-json\/wp\/v2\/comments?post=330"}],"version-history":[{"count":8,"href":"https:\/\/frw-pcdr.be\/beloeil\/wp-json\/wp\/v2\/pages\/330\/revisions"}],"predecessor-version":[{"id":1152,"href":"https:\/\/frw-pcdr.be\/beloeil\/wp-json\/wp\/v2\/pages\/330\/revisions\/1152"}],"wp:featuredmedia":[{"embeddable":true,"href":"https:\/\/frw-pcdr.be\/beloeil\/wp-json\/wp\/v2\/media\/999"}],"wp:attachment":[{"href":"https:\/\/frw-pcdr.be\/beloeil\/wp-json\/wp\/v2\/media?parent=330"}],"curies":[{"name":"wp","href":"https:\/\/api.w.org\/{rel}","templated":true}]}}