{"id":330,"date":"2025-10-29T10:49:31","date_gmt":"2025-10-29T09:49:31","guid":{"rendered":"https:\/\/frw-pcdr.be\/onhaye\/?page_id=330"},"modified":"2026-03-02T15:51:14","modified_gmt":"2026-03-02T14:51:14","slug":"actualites","status":"publish","type":"page","link":"https:\/\/frw-pcdr.be\/beaumont\/actualites\/","title":{"rendered":"Actualit\u00e9s"},"content":{"rendered":"\n<div class=\"wp-block-group alignfull is-layout-constrained wp-container-core-group-is-layout-ce46af0e wp-block-group-is-layout-constrained\" style=\"padding-top:0;padding-right:3vw;padding-bottom:3vw;padding-left:3vw\">\n<h1 class=\"wp-block-heading has-text-align-left has-ast-global-color-0-color has-text-color has-link-color wp-elements-4a5e537b25b355149cbbd5be494b8a72\" style=\"margin-top:3rem;padding-top:0;padding-right:1.5vh;padding-bottom:0;padding-left:1.5vh;font-size:3.5vh;letter-spacing:0px\">ACTUALIT\u00c9S<\/h1>\n\n\n\n<h2 class=\"wp-block-heading has-text-align-left has-ast-global-color-1-color has-text-color has-link-color wp-elements-dbd4d0fac0b27ddf9730ade8dcde6000\" style=\"margin-top:var(--wp--preset--spacing--50);margin-right:0;margin-bottom:0;margin-left:0;padding-top:0;padding-right:2vh;padding-bottom:0;padding-left:2vh\">Les derni\u00e8res infos relatives au PCDR de votre commune<\/h2>\n\n\n\n<p style=\"margin-top:var(--wp--preset--spacing--40);margin-bottom:var(--wp--preset--spacing--40);padding-right:2vh;padding-left:2vh\">Projets en cours, inaugurations, r\u00e9unions&#8230;<\/p>\n<\/div>\n\n\n\n<div class=\"wp-block-group alignfull is-layout-constrained wp-block-group-is-layout-constrained\" style=\"margin-bottom:0;padding-top:0rem;padding-bottom:0rem\">\n<div class=\"wp-block-columns has-background is-layout-flex wp-container-core-columns-is-layout-2097dcb0 wp-block-columns-is-layout-flex\" style=\"border-radius:5px;background:linear-gradient(135deg,rgb(68,85,79) 0%,rgb(111,148,135) 100%);padding-top:var(--wp--preset--spacing--30);padding-right:var(--wp--preset--spacing--30);padding-bottom:var(--wp--preset--spacing--60);padding-left:var(--wp--preset--spacing--30)\">\n<div class=\"wp-block-column is-vertically-aligned-center is-layout-flow wp-block-column-is-layout-flow\" style=\"padding-right:0;padding-left:0\">\n<figure class=\"wp-block-image size-large\"><img loading=\"lazy\" decoding=\"async\" width=\"1024\" height=\"576\" src=\"http:\/\/frw-pcdr.be\/beaumont\/wp-content\/uploads\/ER4\/Beaumont\/Img\/sites\/30\/Actu-2-3-26-1024x576.webp\" alt=\"Main tenant un document administratif pos\u00e9 sur une table en bois, \u00e0 c\u00f4t\u00e9 d\u2019une tasse de caf\u00e9.\" class=\"wp-image-1133\" style=\"aspect-ratio:16\/9;object-fit:cover\" srcset=\"https:\/\/frw-pcdr.be\/beaumont\/wp-content\/uploads\/ER4\/Beaumont\/Img\/sites\/30\/Actu-2-3-26-1024x576.webp 1024w, https:\/\/frw-pcdr.be\/beaumont\/wp-content\/uploads\/ER4\/Beaumont\/Img\/sites\/30\/Actu-2-3-26-300x169.webp 300w, https:\/\/frw-pcdr.be\/beaumont\/wp-content\/uploads\/ER4\/Beaumont\/Img\/sites\/30\/Actu-2-3-26-768x432.webp 768w, https:\/\/frw-pcdr.be\/beaumont\/wp-content\/uploads\/ER4\/Beaumont\/Img\/sites\/30\/Actu-2-3-26-1536x864.webp 1536w, https:\/\/frw-pcdr.be\/beaumont\/wp-content\/uploads\/ER4\/Beaumont\/Img\/sites\/30\/Actu-2-3-26.webp 1920w\" sizes=\"auto, (max-width: 1024px) 100vw, 1024px\" \/><\/figure>\n<\/div>\n\n\n\n<div class=\"wp-block-column is-layout-flow wp-block-column-is-layout-flow\" style=\"padding-left:0\">\n<h2 class=\"wp-block-heading has-ast-global-color-3-color has-text-color has-link-color wp-elements-c7af499450a4c1a9ece9c4f2a3601be8\" style=\"padding-top:var(--wp--preset--spacing--40);padding-right:1.5vh;padding-left:1.5vh\">R\u00e9union de la CLDR<\/h2>\n\n\n\n<h6 class=\"wp-block-heading has-ast-global-color-3-color has-text-color has-link-color wp-elements-411dd2233ab18575ba2f92634754b426\" style=\"padding-right:1.5vh;padding-left:1.5vh\"><em>2 mars 2026<\/em><\/h6>\n\n\n\n<hr class=\"wp-block-separator has-text-color has-ast-global-color-1-color has-alpha-channel-opacity has-ast-global-color-1-background-color has-background is-style-wide\"\/>\n\n\n\n<p class=\"has-ast-global-color-3-color has-text-color has-link-color wp-elements-781dfb38dc6edfa75a73bea50375fbfb\" style=\"padding-right:1.5vh;padding-left:1.5vh\">Le compte-rendu de la r\u00e9union de la CLDR du 15 d\u00e9cembre est d\u00e9sormais disponible. Les membres ont \u00e9t\u00e9 amen\u00e9s \u00e0 discuter notamment des projets issus de la consultation citoyenne.<br><br>Le document est disponible en cliquant sur le bouton ci-dessous puis en vous rendant dans la section \u00ab\u00a0La CLDR\u00a0\u00bb :<\/p>\n\n\n\n<div class=\"wp-block-buttons is-layout-flex wp-container-core-buttons-is-layout-725c313a wp-block-buttons-is-layout-flex\" style=\"padding-right:2vh;padding-left:2vh\">\n<div class=\"wp-block-button\"><a class=\"wp-block-button__link wp-element-button\" href=\"https:\/\/frw-pcdr.be\/beaumont\/comment-participer\/\" style=\"padding-right:1.3vh;padding-left:1.3vh\">Comment participer ?<\/a><\/div>\n<\/div>\n<\/div>\n<\/div>\n\n\n\n<div style=\"height:40px\" aria-hidden=\"true\" class=\"wp-block-spacer\"><\/div>\n<\/div>\n\n\n\n<div class=\"wp-block-group alignfull is-layout-constrained wp-block-group-is-layout-constrained\" style=\"margin-bottom:0;padding-top:0rem;padding-bottom:0rem\">\n<div class=\"wp-block-columns has-background is-layout-flex wp-container-core-columns-is-layout-2097dcb0 wp-block-columns-is-layout-flex\" style=\"border-radius:5px;background:linear-gradient(135deg,rgb(68,85,79) 0%,rgb(111,148,135) 100%);padding-top:var(--wp--preset--spacing--30);padding-right:var(--wp--preset--spacing--30);padding-bottom:var(--wp--preset--spacing--60);padding-left:var(--wp--preset--spacing--30)\">\n<div class=\"wp-block-column is-vertically-aligned-center is-layout-flow wp-block-column-is-layout-flow\" style=\"padding-right:0;padding-left:0\">\n<figure class=\"wp-block-image size-large\"><img loading=\"lazy\" decoding=\"async\" width=\"1024\" height=\"667\" src=\"http:\/\/frw-pcdr.be\/beaumont\/wp-content\/uploads\/ER4\/Beaumont\/Img\/sites\/30\/Actus-parties-PCDR-1024x667.webp\" alt=\"Couverture du document relatif \u00e0 la partie 4 du PCDR de Beaumont\" class=\"wp-image-1122\" style=\"aspect-ratio:16\/9;object-fit:cover\" srcset=\"https:\/\/frw-pcdr.be\/beaumont\/wp-content\/uploads\/ER4\/Beaumont\/Img\/sites\/30\/Actus-parties-PCDR-1024x667.webp 1024w, https:\/\/frw-pcdr.be\/beaumont\/wp-content\/uploads\/ER4\/Beaumont\/Img\/sites\/30\/Actus-parties-PCDR-300x195.webp 300w, https:\/\/frw-pcdr.be\/beaumont\/wp-content\/uploads\/ER4\/Beaumont\/Img\/sites\/30\/Actus-parties-PCDR-768x500.webp 768w, https:\/\/frw-pcdr.be\/beaumont\/wp-content\/uploads\/ER4\/Beaumont\/Img\/sites\/30\/Actus-parties-PCDR-1536x1000.webp 1536w, https:\/\/frw-pcdr.be\/beaumont\/wp-content\/uploads\/ER4\/Beaumont\/Img\/sites\/30\/Actus-parties-PCDR.webp 1980w\" sizes=\"auto, (max-width: 1024px) 100vw, 1024px\" \/><\/figure>\n<\/div>\n\n\n\n<div class=\"wp-block-column is-layout-flow wp-block-column-is-layout-flow\" style=\"padding-left:0\">\n<h2 class=\"wp-block-heading has-ast-global-color-3-color has-text-color has-link-color wp-elements-5a54660369c5cab4eb3d2d0c4f51e058\" style=\"padding-top:var(--wp--preset--spacing--40);padding-right:1.5vh;padding-left:1.5vh\">De nouveaux documents sont disponibles<\/h2>\n\n\n\n<h6 class=\"wp-block-heading has-ast-global-color-3-color has-text-color has-link-color wp-elements-2f19465ca8675940dcd0cd84b798cce6\" style=\"padding-right:1.5vh;padding-left:1.5vh\"><em>15 janvier 2026<\/em><\/h6>\n\n\n\n<hr class=\"wp-block-separator has-text-color has-ast-global-color-1-color has-alpha-channel-opacity has-ast-global-color-1-background-color has-background is-style-wide\"\/>\n\n\n\n<p class=\"has-ast-global-color-3-color has-text-color has-link-color wp-elements-2d2a83f6647c036b0f106525f0695da1\" style=\"padding-right:1.5vh;padding-left:1.5vh\">Le PCDR est toujours en cours d&rsquo;\u00e9laboration, mais certaines parties sont d\u00e9sormais consultables sur demande aupr\u00e8s de la FRW :<\/p>\n\n\n\n<ul class=\"wp-block-list\">\n<li class=\"has-ast-global-color-3-color has-text-color has-link-color wp-elements-0b663761541713db18d8b8b8b04d6ccd\">Partie I : L&rsquo;analyse des caract\u00e9ristiques de la commune<\/li>\n\n\n\n<li class=\"has-ast-global-color-3-color has-text-color has-link-color wp-elements-2d4fca70200270f4131b9ca5c36a2a4d\">Partie III : Le diagnostic partag\u00e9<\/li>\n\n\n\n<li class=\"has-ast-global-color-3-color has-text-color has-link-color wp-elements-72210d3c155950794a736d6ad16be76b\">Partie IV : La strat\u00e9gie de d\u00e9veloppement sous forme d&rsquo;objectifs sp\u00e9cifiques<\/li>\n<\/ul>\n\n\n\n<p class=\"has-ast-global-color-3-color has-text-color has-link-color wp-elements-cb36ab7933e200a580bcaf77a1dba54e\" style=\"padding-right:1.5vh;padding-left:1.5vh\">Cliquez sur le lien ci-dessous pour demander, par email, le lien de consultation des documents.<br><\/p>\n\n\n\n<div class=\"wp-block-buttons is-layout-flex wp-container-core-buttons-is-layout-725c313a wp-block-buttons-is-layout-flex\" style=\"padding-right:2vh;padding-left:2vh\">\n<div class=\"wp-block-button\"><a class=\"wp-block-button__link wp-element-button\" href=\"mailto:sambre.meuse@frw.be\" style=\"padding-right:1.3vh;padding-left:1.3vh\" target=\"_blank\" rel=\"noreferrer noopener\">Contacter la FRW<\/a><\/div>\n<\/div>\n<\/div>\n<\/div>\n\n\n\n<div style=\"height:40px\" aria-hidden=\"true\" class=\"wp-block-spacer\"><\/div>\n<\/div>\n\n\n\n<div class=\"wp-block-group alignfull is-layout-constrained wp-block-group-is-layout-constrained\" style=\"margin-bottom:0;padding-top:0rem;padding-bottom:0rem\">\n<div class=\"wp-block-columns has-background is-layout-flex wp-container-core-columns-is-layout-2097dcb0 wp-block-columns-is-layout-flex\" style=\"border-radius:5px;background:linear-gradient(135deg,rgb(68,85,79) 0%,rgb(111,148,135) 100%);padding-top:var(--wp--preset--spacing--30);padding-right:var(--wp--preset--spacing--30);padding-bottom:var(--wp--preset--spacing--60);padding-left:var(--wp--preset--spacing--30)\">\n<div class=\"wp-block-column is-vertically-aligned-center is-layout-flow wp-block-column-is-layout-flow\" style=\"padding-right:0;padding-left:0\">\n<figure class=\"wp-block-image size-large\"><img loading=\"lazy\" decoding=\"async\" width=\"1024\" height=\"576\" src=\"http:\/\/frw-pcdr.be\/beaumont\/wp-content\/uploads\/ER4\/Beaumont\/Img\/sites\/30\/schema-projet-1024x576.webp\" alt=\"Sch\u00e9ma (arbre d\u00e9cisionnel) permettant de de choisir des propositions de projets sur une base objective\" class=\"wp-image-1048\" srcset=\"https:\/\/frw-pcdr.be\/beaumont\/wp-content\/uploads\/ER4\/Beaumont\/Img\/sites\/30\/schema-projet-1024x576.webp 1024w, https:\/\/frw-pcdr.be\/beaumont\/wp-content\/uploads\/ER4\/Beaumont\/Img\/sites\/30\/schema-projet-300x169.webp 300w, https:\/\/frw-pcdr.be\/beaumont\/wp-content\/uploads\/ER4\/Beaumont\/Img\/sites\/30\/schema-projet-768x432.webp 768w, https:\/\/frw-pcdr.be\/beaumont\/wp-content\/uploads\/ER4\/Beaumont\/Img\/sites\/30\/schema-projet-1536x864.webp 1536w, https:\/\/frw-pcdr.be\/beaumont\/wp-content\/uploads\/ER4\/Beaumont\/Img\/sites\/30\/schema-projet.webp 1920w\" sizes=\"auto, (max-width: 1024px) 100vw, 1024px\" \/><\/figure>\n<\/div>\n\n\n\n<div class=\"wp-block-column is-layout-flow wp-block-column-is-layout-flow\" style=\"padding-left:0\">\n<h2 class=\"wp-block-heading has-ast-global-color-3-color has-text-color has-link-color wp-elements-c0a446aeb42a150771023963c3fcb337\" style=\"padding-top:var(--wp--preset--spacing--40);padding-right:1.5vh;padding-left:1.5vh\">Un plan pour l&rsquo;avenir d\u00e9taill\u00e9 en projets<\/h2>\n\n\n\n<h6 class=\"wp-block-heading has-ast-global-color-3-color has-text-color has-link-color wp-elements-99a295f8a6b6143fde0fffd967798cc6\" style=\"padding-right:1.5vh;padding-left:1.5vh\"><em>D\u00e9cembre 2025<\/em><\/h6>\n\n\n\n<hr class=\"wp-block-separator has-text-color has-ast-global-color-1-color has-alpha-channel-opacity has-ast-global-color-1-background-color has-background is-style-wide\"\/>\n\n\n\n<p class=\"has-ast-global-color-3-color has-text-color has-link-color wp-elements-65717b73dde2e0aef94786010608f1fc\" style=\"padding-right:1.5vh;padding-left:1.5vh\">Fin 2025 un travail sur la strat\u00e9gie a \u00e9t\u00e9 r\u00e9alis\u00e9 et pr\u00e9sent\u00e9 \u00e0 la CLDR par l\u2019auteur de PCDR.<br><br>En regard de cette vision d\u2019avenir, la relecture de la liste des projets issus des consultations citoyennes a \u00e9t\u00e9 r\u00e9alis\u00e9e par la CLDR.<\/p>\n\n\n\n<p class=\"has-ast-global-color-3-color has-text-color has-link-color wp-elements-4e1a35fa51cf220bbf4cf618c5ee9747\" style=\"padding-right:1.5vh;padding-left:1.5vh\">2026 sera l\u2019occasion de continuer ce travail, notamment en explorant et d\u00e9finissant plus pr\u00e9cis\u00e9ment cette liste de projets. Citoyens et \u00e9lus r\u00e9fl\u00e9chiront ensemble aux projets \u00e0 prioriser o\u00f9 \u00e0 \u00e9carter, et ce pour l\u2019avenir de leur commune.<\/p>\n<\/div>\n<\/div>\n\n\n\n<div style=\"height:40px\" aria-hidden=\"true\" class=\"wp-block-spacer\"><\/div>\n<\/div>\n\n\n\n<div class=\"wp-block-group alignfull is-layout-constrained wp-block-group-is-layout-constrained\" style=\"margin-bottom:0;padding-top:0rem;padding-bottom:0rem\">\n<div class=\"wp-block-columns has-background is-layout-flex wp-container-core-columns-is-layout-2097dcb0 wp-block-columns-is-layout-flex\" style=\"border-radius:5px;background:linear-gradient(135deg,rgb(68,85,79) 0%,rgb(111,148,135) 100%);padding-top:var(--wp--preset--spacing--30);padding-right:var(--wp--preset--spacing--30);padding-bottom:var(--wp--preset--spacing--60);padding-left:var(--wp--preset--spacing--30)\">\n<div class=\"wp-block-column is-vertically-aligned-center is-layout-flow wp-block-column-is-layout-flow\" style=\"padding-right:0;padding-left:0\">\n<figure class=\"wp-block-image size-large\"><img loading=\"lazy\" decoding=\"async\" width=\"1024\" height=\"768\" src=\"http:\/\/frw-pcdr.be\/beaumont\/wp-content\/uploads\/ER4\/Beaumont\/Img\/sites\/30\/cldrbeaumont2025-1024x768.webp\" alt=\"Membres de la CLDR r\u00e9unis dans la salle du Coll\u00e8ge Communal de la ville de Beaumont\" class=\"wp-image-1047\" style=\"aspect-ratio:16\/9;object-fit:cover\" srcset=\"https:\/\/frw-pcdr.be\/beaumont\/wp-content\/uploads\/ER4\/Beaumont\/Img\/sites\/30\/cldrbeaumont2025-1024x768.webp 1024w, https:\/\/frw-pcdr.be\/beaumont\/wp-content\/uploads\/ER4\/Beaumont\/Img\/sites\/30\/cldrbeaumont2025-300x225.webp 300w, https:\/\/frw-pcdr.be\/beaumont\/wp-content\/uploads\/ER4\/Beaumont\/Img\/sites\/30\/cldrbeaumont2025-768x576.webp 768w, https:\/\/frw-pcdr.be\/beaumont\/wp-content\/uploads\/ER4\/Beaumont\/Img\/sites\/30\/cldrbeaumont2025-1536x1152.webp 1536w, https:\/\/frw-pcdr.be\/beaumont\/wp-content\/uploads\/ER4\/Beaumont\/Img\/sites\/30\/cldrbeaumont2025.webp 1920w\" sizes=\"auto, (max-width: 1024px) 100vw, 1024px\" \/><\/figure>\n<\/div>\n\n\n\n<div class=\"wp-block-column is-layout-flow wp-block-column-is-layout-flow\" style=\"padding-left:0\">\n<h2 class=\"wp-block-heading has-ast-global-color-3-color has-text-color has-link-color wp-elements-fff1d3c2b13b3558f425b6d79b2eba4d\" style=\"padding-top:var(--wp--preset--spacing--40);padding-right:1.5vh;padding-left:1.5vh\"><strong>Mise en place de la CLDR<\/strong><\/h2>\n\n\n\n<h6 class=\"wp-block-heading has-ast-global-color-3-color has-text-color has-link-color wp-elements-ba8774198eda2406efac4ef938e54c7d\" style=\"padding-right:1.5vh;padding-left:1.5vh\"><em>20 octobre 2025<\/em><\/h6>\n\n\n\n<hr class=\"wp-block-separator has-text-color has-ast-global-color-1-color has-alpha-channel-opacity has-ast-global-color-1-background-color has-background is-style-wide\"\/>\n\n\n\n<p class=\"has-ast-global-color-3-color has-text-color has-link-color wp-elements-997691a71cfd083090947c6ab13ca9d5\" style=\"padding-right:1.5vh;padding-left:1.5vh\">Suite \u00e0 un total de 15 r\u00e9unions ouvertes \u00e0 l&rsquo;ensemble de la population, la phase des r\u00e9unions publiques de l&rsquo;ODR de Beaumont a touch\u00e9 \u00e0 sa fin. C&rsquo;est, d\u00e9sormais, autour de la Commission Locale de D\u00e9veloppement Rural (CLDR), compos\u00e9e de citoyens et d&rsquo;\u00e9lus locaux, de reprendre le flambeau pour construire les projets de demain \u00e0 partir des \u00e9l\u00e9ments recueillis aupr\u00e8s des beaumontois. Ce groupe aura pour mission de participer \u00e0 l&rsquo;\u00e9laboration du Programme Communal de D\u00e9veloppement Rural tout en \u00e9tant les repr\u00e9sentants des volont\u00e9s citoyennes.&nbsp;<br><br>Cliquez sur le bouton ci-dessous pour en d\u00e9couvrir les membres dans la partie d\u00e9di\u00e9e \u00e0 la CLDR.<\/p>\n\n\n\n<div class=\"wp-block-buttons is-layout-flex wp-block-buttons-is-layout-flex\" style=\"padding-right:2vh;padding-left:2vh\">\n<div class=\"wp-block-button\"><a class=\"wp-block-button__link wp-element-button\" href=\"https:\/\/frw-pcdr.be\/beaumont\/comment-participer\/\">Comment participer ?<\/a><\/div>\n<\/div>\n<\/div>\n<\/div>\n<\/div>\n\n\n\n<div style=\"height:40px\" aria-hidden=\"true\" class=\"wp-block-spacer\"><\/div>\n\n\n\n<div style=\"height:40px\" aria-hidden=\"true\" class=\"wp-block-spacer\"><\/div>\n","protected":false},"excerpt":{"rendered":"<p>ACTUALIT\u00c9S Les derni\u00e8res infos relatives au PCDR de votre commune Projets en cours, inaugurations, r\u00e9unions&#8230; R\u00e9union de la CLDR 2 [&hellip;]<\/p>\n","protected":false},"author":1,"featured_media":1046,"parent":0,"menu_order":1,"comment_status":"closed","ping_status":"closed","template":"","meta":{"site-sidebar-layout":"default","site-content-layout":"","ast-site-content-layout":"default","site-content-style":"default","site-sidebar-style":"default","ast-global-header-display":"","ast-banner-title-visibility":"","ast-main-header-display":"","ast-hfb-above-header-display":"","ast-hfb-below-header-display":"","ast-hfb-mobile-header-display":"","site-post-title":"disabled","ast-breadcrumbs-content":"","ast-featured-img":"disabled","footer-sml-layout":"","ast-disable-related-posts":"","theme-transparent-header-meta":"","adv-header-id-meta":"","stick-header-meta":"","header-above-stick-meta":"","header-main-stick-meta":"","header-below-stick-meta":"","astra-migrate-meta-layouts":"default","ast-page-background-enabled":"default","ast-page-background-meta":{"desktop":{"background-color":"var(--ast-global-color-5)","background-image":"","background-repeat":"repeat","background-position":"center center","background-size":"auto","background-attachment":"scroll","background-type":"","background-media":"","overlay-type":"","overlay-color":"","overlay-opacity":"","overlay-gradient":""},"tablet":{"background-color":"","background-image":"","background-repeat":"repeat","background-position":"center center","background-size":"auto","background-attachment":"scroll","background-type":"","background-media":"","overlay-type":"","overlay-color":"","overlay-opacity":"","overlay-gradient":""},"mobile":{"background-color":"","background-image":"","background-repeat":"repeat","background-position":"center center","background-size":"auto","background-attachment":"scroll","background-type":"","background-media":"","overlay-type":"","overlay-color":"","overlay-opacity":"","overlay-gradient":""}},"ast-content-background-meta":{"desktop":{"background-color":"var(--ast-global-color-4)","background-image":"","background-repeat":"repeat","background-position":"center center","background-size":"auto","background-attachment":"scroll","background-type":"","background-media":"","overlay-type":"","overlay-color":"","overlay-opacity":"","overlay-gradient":""},"tablet":{"background-color":"var(--ast-global-color-4)","background-image":"","background-repeat":"repeat","background-position":"center center","background-size":"auto","background-attachment":"scroll","background-type":"","background-media":"","overlay-type":"","overlay-color":"","overlay-opacity":"","overlay-gradient":""},"mobile":{"background-color":"var(--ast-global-color-4)","background-image":"","background-repeat":"repeat","background-position":"center center","background-size":"auto","background-attachment":"scroll","background-type":"","background-media":"","overlay-type":"","overlay-color":"","overlay-opacity":"","overlay-gradient":""}},"footnotes":""},"class_list":["post-330","page","type-page","status-publish","has-post-thumbnail","hentry"],"_links":{"self":[{"href":"https:\/\/frw-pcdr.be\/beaumont\/wp-json\/wp\/v2\/pages\/330","targetHints":{"allow":["GET"]}}],"collection":[{"href":"https:\/\/frw-pcdr.be\/beaumont\/wp-json\/wp\/v2\/pages"}],"about":[{"href":"https:\/\/frw-pcdr.be\/beaumont\/wp-json\/wp\/v2\/types\/page"}],"author":[{"embeddable":true,"href":"https:\/\/frw-pcdr.be\/beaumont\/wp-json\/wp\/v2\/users\/1"}],"replies":[{"embeddable":true,"href":"https:\/\/frw-pcdr.be\/beaumont\/wp-json\/wp\/v2\/comments?post=330"}],"version-history":[{"count":6,"href":"https:\/\/frw-pcdr.be\/beaumont\/wp-json\/wp\/v2\/pages\/330\/revisions"}],"predecessor-version":[{"id":1135,"href":"https:\/\/frw-pcdr.be\/beaumont\/wp-json\/wp\/v2\/pages\/330\/revisions\/1135"}],"wp:featuredmedia":[{"embeddable":true,"href":"https:\/\/frw-pcdr.be\/beaumont\/wp-json\/wp\/v2\/media\/1046"}],"wp:attachment":[{"href":"https:\/\/frw-pcdr.be\/beaumont\/wp-json\/wp\/v2\/media?parent=330"}],"curies":[{"name":"wp","href":"https:\/\/api.w.org\/{rel}","templated":true}]}}